{"id":869,"date":"2020-07-31T07:21:01","date_gmt":"2020-07-31T07:21:01","guid":{"rendered":"https:\/\/testaws02.nfactorial.eu\/qui-sommes-nous\/"},"modified":"2021-05-06T07:29:12","modified_gmt":"2021-05-06T07:29:12","slug":"qui-sommes-nous","status":"publish","type":"page","link":"https:\/\/www.hotelslloret.com\/fr\/qui-sommes-nous\/","title":{"rendered":"Qui sommes-nous"},"content":{"rendered":"<div class=\"fusion-fullwidth fullwidth-box fusion-builder-row-1 nonhundred-percent-fullwidth non-hundred-percent-height-scrolling\" style=\"--awb-border-radius-top-left:0px;--awb-border-radius-top-right:0px;--awb-border-radius-bottom-right:0px;--awb-border-radius-bottom-left:0px;--awb-flex-wrap:wrap;\" ><div class=\"fusion-builder-row fusion-row\"><div class=\"fusion-layout-column fusion_builder_column fusion-builder-column-0 fusion_builder_column_1_1 1_1 fusion-one-full fusion-column-first fusion-column-last\" style=\"--awb-bg-size:cover;\"><div class=\"fusion-column-wrapper fusion-column-has-shadow fusion-flex-column-wrapper-legacy\"><div class=\"fusion-title title fusion-title-1 fusion-sep-none fusion-title-text fusion-title-size-one\"><h1 class=\"fusion-title-heading title-heading-left\" style=\"margin:0;\">Qui sommes-nous<\/h1><\/div><div class=\"fusion-title title fusion-title-2 fusion-sep-none fusion-title-text fusion-title-size-two\" style=\"--awb-margin-bottom:20px;\"><h2 class=\"fusion-title-heading title-heading-left\" style=\"margin:0;\">ASSOCIATION OFFICIEL DES H\u00d4TELS DE LLORET DE MAR<\/h2><\/div><div class=\"fusion-text fusion-text-1\"><p>Association Officiel des H\u00f4tels de Lloret de Mar est une association \u00e0 but non lucratif fond\u00e9e en 1976, qui travaille dans le but de donner tout le soutien, les conseils et l&rsquo;aide n\u00e9cessaires au secteur local de l&rsquo;h\u00f4tellerie et de la restauration pour faire de notre ville la principale r\u00e9f\u00e9rence touristique de la Costa Brava.<\/p>\n<p>La Guilde propose \u00e0 ses associ\u00e9s &#8211; les h\u00f4tels, auberges, appartements touristiques et campings de Lloret de Mar &#8211; toute une s\u00e9rie de services et d&rsquo;activit\u00e9s, et l&rsquo;un de ces services est le site Internet \u00abHotelslloret.com\u00bb.<\/p>\n<\/div><div class=\"fusion-reading-box-container reading-box-container-1\" style=\"--awb-title-color:#212934;--awb-margin-top:0px;--awb-margin-bottom:30px;\"><div class=\"reading-box\" style=\"background-color:#f6f6f6;border-width:1px;border-color:#f6f6f6;border-left-width:3px;border-left-color:var(--primary_color);border-style:solid;\"><div class=\"reading-box-additional\"><strong>Sur <a href=\"http:\/\/www.hotelslloret.com\/fr\/\" target=\"_blank\" rel=\"noopener noreferrer\">www.hotelslloret.com<\/a>, vous trouverez toutes les informations des \u00e9tablissements associ\u00e9s \u00e0 la Guilde, et vous pouvez vous connecter et r\u00e9server directement sur les sites Web de nos membres, sans aucun type d&rsquo;interm\u00e9diation.<\/strong><\/div><div class=\"fusion-clearfix\"><\/div><\/div><\/div><div class=\"fusion-text fusion-text-2\"><p>De plus, dans la rubrique \u00abApprenez \u00e0 conna\u00eetre Lloret\u00bb, vous trouverez toutes les informations pratiques, tout ce que vous devez savoir pour passer de magnifiques vacances \u00e0 Lloret de Mar, une destination qui vous fait tomber amoureux. Les attraits touristiques, les services et \u00e9quipements, l&rsquo;offre de loisirs, commerciale, gastronomique et d&rsquo;activit\u00e9s font de Lloret de Mar l&rsquo;une des zones touristiques les plus vari\u00e9es et de qualit\u00e9 du pays.<\/p>\n<p>Nature, culture, divertissement, plages idylliques, criques cach\u00e9es, spectacles de lumi\u00e8re et de couleurs, concerts, festivals et la meilleure gastronomie sont quelques exemples qui font de Lloret de Mar la destination de choix pour tous les types de public \u00e0 tout moment de l&rsquo;ann\u00e9e. Et c&rsquo;est que Lloret offre un monde de sensations autour de vous et les meilleures vacances pour les familles, les couples, les jeunes, les amis &#8230; \u00e0 tel point que vous pourrez profiter de vacances d\u00e9tendues ou, au contraire, d&rsquo;activit\u00e9s passionnantes. A Lloret, tout le monde est le bienvenu.<\/p>\n<\/div><div class=\"fusion-clearfix\"><\/div><\/div><\/div><\/div><\/div>\n","protected":false},"excerpt":{"rendered":"","protected":false},"author":1,"featured_media":0,"parent":0,"menu_order":0,"comment_status":"closed","ping_status":"closed","template":"","meta":{"_acf_changed":false,"footnotes":""},"class_list":["post-869","page","type-page","status-publish","hentry"],"acf":[],"_links":{"self":[{"href":"https:\/\/www.hotelslloret.com\/fr\/wp-json\/wp\/v2\/pages\/869","targetHints":{"allow":["GET"]}}],"collection":[{"href":"https:\/\/www.hotelslloret.com\/fr\/wp-json\/wp\/v2\/pages"}],"about":[{"href":"https:\/\/www.hotelslloret.com\/fr\/wp-json\/wp\/v2\/types\/page"}],"author":[{"embeddable":true,"href":"https:\/\/www.hotelslloret.com\/fr\/wp-json\/wp\/v2\/users\/1"}],"replies":[{"embeddable":true,"href":"https:\/\/www.hotelslloret.com\/fr\/wp-json\/wp\/v2\/comments?post=869"}],"version-history":[{"count":5,"href":"https:\/\/www.hotelslloret.com\/fr\/wp-json\/wp\/v2\/pages\/869\/revisions"}],"predecessor-version":[{"id":6442,"href":"https:\/\/www.hotelslloret.com\/fr\/wp-json\/wp\/v2\/pages\/869\/revisions\/6442"}],"wp:attachment":[{"href":"https:\/\/www.hotelslloret.com\/fr\/wp-json\/wp\/v2\/media?parent=869"}],"curies":[{"name":"wp","href":"https:\/\/api.w.org\/{rel}","templated":true}]}}