{"id":858,"date":"2020-07-31T07:09:27","date_gmt":"2020-07-31T07:09:27","guid":{"rendered":"https:\/\/testaws02.nfactorial.eu\/offices-de-tourisme\/"},"modified":"2020-07-31T07:09:31","modified_gmt":"2020-07-31T07:09:31","slug":"offices-de-tourisme","status":"publish","type":"page","link":"https:\/\/www.hotelslloret.com\/fr\/offices-de-tourisme\/","title":{"rendered":"Offices de Tourisme"},"content":{"rendered":"<div class=\"fusion-fullwidth fullwidth-box fusion-builder-row-1 nonhundred-percent-fullwidth non-hundred-percent-height-scrolling\" style=\"--awb-border-radius-top-left:0px;--awb-border-radius-top-right:0px;--awb-border-radius-bottom-right:0px;--awb-border-radius-bottom-left:0px;--awb-flex-wrap:wrap;\" ><div class=\"fusion-builder-row fusion-row\"><div class=\"fusion-layout-column fusion_builder_column fusion-builder-column-0 fusion_builder_column_1_1 1_1 fusion-one-full fusion-column-first fusion-column-last\" style=\"--awb-bg-size:cover;\"><div class=\"fusion-column-wrapper fusion-column-has-shadow fusion-flex-column-wrapper-legacy\"><div class=\"fusion-title title fusion-title-1 fusion-sep-none fusion-title-text fusion-title-size-one\"><h1 class=\"fusion-title-heading title-heading-left\" style=\"margin:0;\">Offices de Tourisme<\/h1><\/div><div class=\"fusion-text fusion-text-1\"><p>Lloret de Mar dispose de 3 offices de tourisme, en des endroits strat\u00e9giques de la localit\u00e9, pour renseigner et conseiller les visiteurs. En \u00e9t\u00e9, un point infos est ouvert sur la plage de Fenals. Parall\u00e8lement, Lloret Turisme assure un service de renseignements touristiques centralis\u00e9 qui re\u00e7oit les demandes par t\u00e9l\u00e9phone, fax, courrier postal et \u00e9lectronique. Lloret Turisme met \u00e0 la disposition des visiteurs toutes sortes de publications et de renseignements au sujet de la destination et des services qu\u2019elle assure. <\/p>\n<p>Les offices de Tourisme de Lloret de Mar ont obtenu le certificat \u201cQ\u201d de qualit\u00e9, Lloret de Mar ont obtenu le certificat \u00ab Q \u00bb de qualit\u00e9 touristique d\u00e9cern\u00e9 par l\u2019ICTE (Institut de qualit\u00e9 touristique espagnole), \u00e0 les entreprises qui suivant sont service a la qualit\u00e9 touristique.<\/p>\n<\/div><div class=\"shortcode-map fusion-google-map fusion-maps-embed-type\"><iframe width=\"100%\" height=\"400px\" frameborder=\"0\" style=\"border:0\" src=\"https:\/\/www.google.com\/maps\/embed\/v1\/place?key=AIzaSyCam9Va5JcVIzmDa0AlJNR2_q4iNiDvpQQ&language=fr&q=&maptype=roadmap&zoom=14\" allowfullscreen><\/iframe><\/div><div class=\"fusion-sep-clear\"><\/div><div class=\"fusion-separator fusion-full-width-sep\" style=\"margin-left: auto;margin-right: auto;margin-bottom:20px;width:100%;\"><\/div><div class=\"fusion-sep-clear\"><\/div><div class=\"fusion-text fusion-text-2\"><p><small><i>+ info <\/i><a href=\"http:\/\/lloretdemar.org\/es\/\" target=\"_blank\" rel=\"nofollow noopener noreferrer\">www.lloretdemar.org<\/a><\/small><\/p>\n<\/div><div class=\"fusion-clearfix\"><\/div><\/div><\/div><\/div><\/div>\n","protected":false},"excerpt":{"rendered":"","protected":false},"author":1,"featured_media":0,"parent":0,"menu_order":0,"comment_status":"closed","ping_status":"closed","template":"","meta":{"_acf_changed":false,"footnotes":""},"class_list":["post-858","page","type-page","status-publish","hentry"],"acf":[],"_links":{"self":[{"href":"https:\/\/www.hotelslloret.com\/fr\/wp-json\/wp\/v2\/pages\/858","targetHints":{"allow":["GET"]}}],"collection":[{"href":"https:\/\/www.hotelslloret.com\/fr\/wp-json\/wp\/v2\/pages"}],"about":[{"href":"https:\/\/www.hotelslloret.com\/fr\/wp-json\/wp\/v2\/types\/page"}],"author":[{"embeddable":true,"href":"https:\/\/www.hotelslloret.com\/fr\/wp-json\/wp\/v2\/users\/1"}],"replies":[{"embeddable":true,"href":"https:\/\/www.hotelslloret.com\/fr\/wp-json\/wp\/v2\/comments?post=858"}],"version-history":[{"count":3,"href":"https:\/\/www.hotelslloret.com\/fr\/wp-json\/wp\/v2\/pages\/858\/revisions"}],"predecessor-version":[{"id":861,"href":"https:\/\/www.hotelslloret.com\/fr\/wp-json\/wp\/v2\/pages\/858\/revisions\/861"}],"wp:attachment":[{"href":"https:\/\/www.hotelslloret.com\/fr\/wp-json\/wp\/v2\/media?parent=858"}],"curies":[{"name":"wp","href":"https:\/\/api.w.org\/{rel}","templated":true}]}}