{"id":6588,"date":"2021-05-14T09:25:36","date_gmt":"2021-05-14T09:25:36","guid":{"rendered":"https:\/\/testaws02.nfactorial.eu\/accueil-du-president\/"},"modified":"2021-05-18T16:59:40","modified_gmt":"2021-05-18T16:59:40","slug":"accueil-du-president","status":"publish","type":"page","link":"https:\/\/www.hotelslloret.com\/fr\/accueil-du-president\/","title":{"rendered":"Accueil du Pr\u00e9sident"},"content":{"rendered":"<div class=\"fusion-fullwidth fullwidth-box fusion-builder-row-1 nonhundred-percent-fullwidth non-hundred-percent-height-scrolling\" style=\"--awb-border-radius-top-left:0px;--awb-border-radius-top-right:0px;--awb-border-radius-bottom-right:0px;--awb-border-radius-bottom-left:0px;--awb-flex-wrap:wrap;\" ><div class=\"fusion-builder-row fusion-row\"><div class=\"fusion-layout-column fusion_builder_column fusion-builder-column-0 fusion_builder_column_1_1 1_1 fusion-one-full fusion-column-first fusion-column-last\" style=\"--awb-bg-size:cover;\"><div class=\"fusion-column-wrapper fusion-column-has-shadow fusion-flex-column-wrapper-legacy\"><div class=\"fusion-title title fusion-title-1 fusion-sep-none fusion-title-text fusion-title-size-one\"><h1 class=\"fusion-title-heading title-heading-left\" style=\"margin:0;\">Accueil du Pr\u00e9sident<\/h1><\/div><div class=\"fusion-title title fusion-title-2 fusion-sep-none fusion-title-text fusion-title-size-two\" style=\"--awb-margin-bottom:20px;\"><h2 class=\"fusion-title-heading title-heading-left\" style=\"margin:0;\">ASSOCIATION OFFICIEL DES H\u00d4TELS DE LLORET DE MAR<\/h2><\/div><div class=\"fusion-text fusion-text-1\"><p><img decoding=\"async\" class=\"alignright wp-image-6639\" style=\"margin: 20px;\" src=\"https:\/\/www.hotelslloret.com\/wp-content\/uploads\/2021\/05\/Foto-Enric-768x1024.jpg\" alt=\"\" width=\"350\" height=\"467\" srcset=\"https:\/\/www.hotelslloret.com\/wp-content\/uploads\/2021\/05\/Foto-Enric-200x267.jpg 200w, https:\/\/www.hotelslloret.com\/wp-content\/uploads\/2021\/05\/Foto-Enric-225x300.jpg 225w, https:\/\/www.hotelslloret.com\/wp-content\/uploads\/2021\/05\/Foto-Enric-400x533.jpg 400w, https:\/\/www.hotelslloret.com\/wp-content\/uploads\/2021\/05\/Foto-Enric-600x800.jpg 600w, https:\/\/www.hotelslloret.com\/wp-content\/uploads\/2021\/05\/Foto-Enric-768x1024.jpg 768w, https:\/\/www.hotelslloret.com\/wp-content\/uploads\/2021\/05\/Foto-Enric-800x1067.jpg 800w, https:\/\/www.hotelslloret.com\/wp-content\/uploads\/2021\/05\/Foto-Enric-1152x1536.jpg 1152w, https:\/\/www.hotelslloret.com\/wp-content\/uploads\/2021\/05\/Foto-Enric-1200x1600.jpg 1200w, https:\/\/www.hotelslloret.com\/wp-content\/uploads\/2021\/05\/Foto-Enric.jpg 1512w\" sizes=\"(max-width: 350px) 100vw, 350px\" \/>Nous vous souhaitons la bienvenue \u00e0 l\u2019<strong>Association Officiel des H\u00f4tels de Lloret de Mar<\/strong>. Nous sommes fiers de repr\u00e9senter le secteur de l&rsquo;h\u00f4tellerie et de la restauration de la capitale touristique de la Costa Brava, Lloret de Mar. Une ville situ\u00e9e dans une zone g\u00e9ographique privil\u00e9gi\u00e9e qui a commenc\u00e9 \u00e0 recevoir ses premiers visiteurs \u00e9trangers vers 1950, bien que depuis les ann\u00e9es 20, notre ville accueillait d\u00e9j\u00e0 pendant les \u00e9t\u00e9s, des familles choisies de la soci\u00e9t\u00e9 de Barcelone et de ses environs, qui recherchaient une atmosph\u00e8re de repos et de d\u00e9connexion sur les plages de Lloret de Mar, o\u00f9 elles pouvaient profiter de leurs vacances.<\/p>\n<p>Notre ville allie tradition et modernit\u00e9 et l\u2019<strong>Association Officiel des H\u00f4tels de Lloret de Mar<\/strong> participe de mani\u00e8re proactive \u00e0 tout ce qui se passe autour d&rsquo;elle, en mettant l&rsquo;accent sur tout ce qui a trait au d\u00e9veloppement du tourisme et en particulier du secteur h\u00f4telier, en consid\u00e9rant le tourisme comme l&rsquo;industrie du bonheur, qui g\u00e9n\u00e8re le souvenir de moments inoubliables.<\/p>\n<p>Nous d\u00e9fendons les int\u00e9r\u00eats des \u00e9tablissements situ\u00e9s \u00e0 Lloret de Mar, en conseillant ses associ\u00e9s dans diff\u00e9rents domaines.<\/p>\n<p>Elle joue \u00e9galement le r\u00f4le d&rsquo;interlocuteur du secteur, tant en mati\u00e8re de d\u00e9fense individuelle que collective, aupr\u00e8s des diff\u00e9rentes administrations et institutions publiques, ainsi qu&rsquo;aupr\u00e8s des organisations professionnelles.<\/p>\n<p>Elle favorise la recherche de nouveaux projets pour dynamiser le secteur du tourisme et collabore \u00e9galement \u00e0 diff\u00e9rents \u00e9v\u00e9nements dans la ville et participe activement aux organisations d&rsquo;entreprises et de tourisme de la province de G\u00e9rone et du territoire catalan.<\/p>\n<p>Ces derniers mois, nous avons cherch\u00e9 \u00e0 promouvoir le niveau de connaissance et de formation du personnel li\u00e9 au secteur, en d\u00e9veloppant la mise en \u0153uvre de nouveaux projets technologiques et \u00e9thiques, qui ont permis le repositionnement de notre destination et la croissance de nos \u00e9tablissements.<\/p>\n<p>Il ne me reste plus qu&rsquo;\u00e0 vous dire de ne pas oublier de s\u00e9journer dans l&rsquo;un de nos \u00e9tablissements lors de votre s\u00e9jour \u00e0 Lloret de Mar, o\u00f9 vous serez pris en charge par de grands professionnels qui vous feront vivre une exp\u00e9rience unique.<\/p>\n<p>Profitez de votre s\u00e9jour !<\/p>\n<p><strong>Enric Dotras i Ruscalleda<\/strong><\/p>\n<p><strong>Pr\u00e9sident<\/strong><\/p>\n<p><strong>Association Officiel des H\u00f4tels de Lloret de Mar<\/strong><\/p>\n<\/div><div class=\"fusion-clearfix\"><\/div><\/div><\/div><\/div><\/div>\n","protected":false},"excerpt":{"rendered":"","protected":false},"author":1,"featured_media":0,"parent":0,"menu_order":0,"comment_status":"closed","ping_status":"closed","template":"","meta":{"_acf_changed":false,"footnotes":""},"class_list":["post-6588","page","type-page","status-publish","hentry"],"acf":[],"_links":{"self":[{"href":"https:\/\/www.hotelslloret.com\/fr\/wp-json\/wp\/v2\/pages\/6588","targetHints":{"allow":["GET"]}}],"collection":[{"href":"https:\/\/www.hotelslloret.com\/fr\/wp-json\/wp\/v2\/pages"}],"about":[{"href":"https:\/\/www.hotelslloret.com\/fr\/wp-json\/wp\/v2\/types\/page"}],"author":[{"embeddable":true,"href":"https:\/\/www.hotelslloret.com\/fr\/wp-json\/wp\/v2\/users\/1"}],"replies":[{"embeddable":true,"href":"https:\/\/www.hotelslloret.com\/fr\/wp-json\/wp\/v2\/comments?post=6588"}],"version-history":[{"count":6,"href":"https:\/\/www.hotelslloret.com\/fr\/wp-json\/wp\/v2\/pages\/6588\/revisions"}],"predecessor-version":[{"id":6647,"href":"https:\/\/www.hotelslloret.com\/fr\/wp-json\/wp\/v2\/pages\/6588\/revisions\/6647"}],"wp:attachment":[{"href":"https:\/\/www.hotelslloret.com\/fr\/wp-json\/wp\/v2\/media?parent=6588"}],"curies":[{"name":"wp","href":"https:\/\/api.w.org\/{rel}","templated":true}]}}