{"id":906,"date":"2020-07-31T07:51:42","date_gmt":"2020-07-31T07:51:42","guid":{"rendered":"https:\/\/testaws02.nfactorial.eu\/viajar-a-lloret-de-mar\/"},"modified":"2021-05-14T09:34:18","modified_gmt":"2021-05-14T09:34:18","slug":"viajar-a-lloret-de-mar","status":"publish","type":"page","link":"https:\/\/www.hotelslloret.com\/es\/viajar-a-lloret-de-mar\/","title":{"rendered":"Viajar a Lloret de Mar"},"content":{"rendered":"<div class=\"fusion-fullwidth fullwidth-box fusion-builder-row-1 nonhundred-percent-fullwidth non-hundred-percent-height-scrolling\" style=\"--awb-border-radius-top-left:0px;--awb-border-radius-top-right:0px;--awb-border-radius-bottom-right:0px;--awb-border-radius-bottom-left:0px;--awb-flex-wrap:wrap;\" ><div class=\"fusion-builder-row fusion-row\"><div class=\"fusion-layout-column fusion_builder_column fusion-builder-column-0 fusion_builder_column_1_1 1_1 fusion-one-full fusion-column-first fusion-column-last\" style=\"--awb-bg-size:cover;\"><div class=\"fusion-column-wrapper fusion-column-has-shadow fusion-flex-column-wrapper-legacy\"><div class=\"fusion-title title fusion-title-1 fusion-sep-none fusion-title-text fusion-title-size-one\"><h1 class=\"fusion-title-heading title-heading-left\" style=\"margin:0;\">Viajar a Lloret de Mar<\/h1><\/div><div class=\"fusion-title title fusion-title-2 fusion-sep-none fusion-title-text fusion-title-size-three\" style=\"--awb-margin-top:20px;\"><h3 class=\"fusion-title-heading title-heading-left\" style=\"margin:0;\">Por carretera<\/h3><\/div><div class=\"fusion-text fusion-text-1\"><p>Lloret de Mar tiene tres v\u00edas de entrada: Por el sur, la autopista de la costa C-32 conecta Barcelona con Lloret hasta Palafolls, los \u00faltimos 12 kil\u00f3metros se deben hacer por las carreteras N-II y G-682 pasando por Blanes. Por el norte, desde Francia se debe seguir por la autopista AP7 hasta la salida 9 (Lloret de Mar). Los \u00faltimos 14 km. se deben hacer por la carretera GI-680. Por el nordeste, 12 km por la carretera G-680 separan Lloret de Tossa. Una vez en Lloret el visitante dispone de diferentes aparcamientos p\u00fablicos y privados por estacionar el veh\u00edculo durante su estancia.<\/p>\n<p>Como llegar por <a href=\"http:\/\/lloretdemar.org\/ca\/com-arribar\/per-carretera\" target=\"_blank\" rel=\"nofollow noopener noreferrer\">CARRETERA<\/a><\/p>\n<\/div><a class=\"fb-icon-element-1 fb-icon-element fontawesome-icon fa-map-marked-alt fas circle-yes fusion-text-flow fusion-link\" style=\"--awb-circlebordersize:1px;--awb-font-size:17.6px;--awb-width:35.2px;--awb-height:35.2px;--awb-line-height:33.2px;--awb-margin-right:10px;\" href=\"https:\/\/www.google.es\/maps\/@41.6986228,2.8454711,17z?hl=es\" target=\"_blank\" aria-label=\"Link to https:\/\/www.google.es\/maps\/@41.6986228,2.8454711,17z?hl=es\" rel=\"noopener noreferrer\"><\/a><div class=\"fusion-sep-clear\"><\/div><div class=\"fusion-separator fusion-full-width-sep\" style=\"margin-left: auto;margin-right: auto;margin-top:20px;margin-bottom:20px;width:100%;\"><div class=\"fusion-separator-border sep-single sep-solid\" style=\"--awb-height:20px;--awb-amount:20px;border-color:#e0dede;border-top-width:1px;\"><\/div><\/div><div class=\"fusion-sep-clear\"><\/div><div class=\"fusion-title title fusion-title-3 fusion-sep-none fusion-title-text fusion-title-size-three\"><h3 class=\"fusion-title-heading title-heading-left\" style=\"margin:0;\">En avi\u00f3n<\/h3><\/div><div class=\"fusion-text fusion-text-2\"><p>Los aeropuertos m\u00e1s cercanos son el de Barcelona a 75 Km. y el de Girona a 30 Km. El aeropuerto de Barcelona est\u00e1 conectado con vuelos regulares con las principales ciudades del mundo. El aeropuerto de Girona, gracias a los vuelos de bajo coste, comunica Lloret con un importante n\u00famero de ciudades europeas y tambi\u00e9n tiene un importante tr\u00e1fico de vuelos ch\u00e1rter.<\/p>\n<p>Como llegar en <a href=\"http:\/\/lloretdemar.org\/ca\/com-arribar\/en-avio\" target=\"_blank\" rel=\"nofollow noopener noreferrer\">AVI\u00d3N<\/a><\/p>\n<\/div><div class=\"fusion-sep-clear\"><\/div><div class=\"fusion-separator fusion-full-width-sep\" style=\"margin-left: auto;margin-right: auto;margin-top:20px;margin-bottom:20px;width:100%;\"><div class=\"fusion-separator-border sep-single sep-solid\" style=\"--awb-height:20px;--awb-amount:20px;border-color:#e0dede;border-top-width:1px;\"><\/div><\/div><div class=\"fusion-sep-clear\"><\/div><div class=\"fusion-title title fusion-title-4 fusion-sep-none fusion-title-text fusion-title-size-three\"><h3 class=\"fusion-title-heading title-heading-left\" style=\"margin:0;\">En tren<\/h3><\/div><div class=\"fusion-text fusion-text-3\"><p>Lloret de Mar no tiene ninguna conexi\u00f3n directa en tren, pero est\u00e1 cerca de las 2 l\u00edneas principales que conectan con Barcelona y Francia.<\/p>\n<p>Para ir a Barcelona hay que coger la l\u00ednea de Cercan\u00edas de la costa en la estaci\u00f3n de Blanes. Para ir a Blanes salen de la estaci\u00f3n de Lloret autobuses de la compa\u00f1\u00eda Pujol cada media hora.<\/p>\n<p>Los trenes en direcci\u00f3n a Barcelona salen cada media hora y el trayecto dura 1 hora y 20 minutos.<\/p>\n<p>Tambi\u00e9n tenemos la estaci\u00f3n de Girona a 41 km, con trenes de media y larga distancia.<\/p>\n<p><a href=\"https:\/\/www.renfe.com\/es\/es\/cercanias\/rodalies-catalunya\/horarios\">CONSULTA HORARIOS RENFE<\/a><\/p>\n<\/div><div class=\"fusion-sep-clear\"><\/div><div class=\"fusion-separator fusion-full-width-sep\" style=\"margin-left: auto;margin-right: auto;margin-top:20px;margin-bottom:20px;width:100%;\"><div class=\"fusion-separator-border sep-single sep-solid\" style=\"--awb-height:20px;--awb-amount:20px;border-color:#e0dede;border-top-width:1px;\"><\/div><\/div><div class=\"fusion-sep-clear\"><\/div><div class=\"fusion-title title fusion-title-5 fusion-sep-none fusion-title-text fusion-title-size-three\"><h3 class=\"fusion-title-heading title-heading-left\" style=\"margin:0;\">En barco<\/h3><\/div><div class=\"fusion-text fusion-text-4\"><p>Lloret de Mar dispone de unos servicios de cruceros tur\u00edsticos que conectan con las poblaciones vecinas de: Blanes, Tossa de Mar y Sant Feliu de Gu\u00edxols, durante la temporada de verano. Igualmente Lloret dispone de un puerto deportivo en la playa de Canyelles donde se pueden amarrar embarcaciones medianas.<\/p>\n<p>Como llegar en <a href=\"http:\/\/lloretdemar.org\/ca\/com-arribar\/en-vaixell\" target=\"_blank\" rel=\"nofollow noopener noreferrer\">BARCO<\/a><\/p>\n<\/div><div class=\"fusion-sep-clear\"><\/div><div class=\"fusion-separator fusion-full-width-sep\" style=\"margin-left: auto;margin-right: auto;margin-bottom:20px;width:100%;\"><\/div><div class=\"fusion-sep-clear\"><\/div><div class=\"fusion-text fusion-text-5\"><p><small><i>Para m\u00e1s informaci\u00f3n visite <\/i><a href=\"http:\/\/lloretdemar.org\/es\/\" target=\"_blank\" rel=\"nofollow noopener noreferrer\">www.lloretdemar.org<\/a><\/small><\/p>\n<\/div><div class=\"fusion-clearfix\"><\/div><\/div><\/div><\/div><\/div>\n","protected":false},"excerpt":{"rendered":"","protected":false},"author":1,"featured_media":0,"parent":0,"menu_order":0,"comment_status":"closed","ping_status":"closed","template":"","meta":{"_acf_changed":false,"footnotes":""},"class_list":["post-906","page","type-page","status-publish","hentry"],"acf":[],"_links":{"self":[{"href":"https:\/\/www.hotelslloret.com\/es\/wp-json\/wp\/v2\/pages\/906","targetHints":{"allow":["GET"]}}],"collection":[{"href":"https:\/\/www.hotelslloret.com\/es\/wp-json\/wp\/v2\/pages"}],"about":[{"href":"https:\/\/www.hotelslloret.com\/es\/wp-json\/wp\/v2\/types\/page"}],"author":[{"embeddable":true,"href":"https:\/\/www.hotelslloret.com\/es\/wp-json\/wp\/v2\/users\/1"}],"replies":[{"embeddable":true,"href":"https:\/\/www.hotelslloret.com\/es\/wp-json\/wp\/v2\/comments?post=906"}],"version-history":[{"count":5,"href":"https:\/\/www.hotelslloret.com\/es\/wp-json\/wp\/v2\/pages\/906\/revisions"}],"predecessor-version":[{"id":6605,"href":"https:\/\/www.hotelslloret.com\/es\/wp-json\/wp\/v2\/pages\/906\/revisions\/6605"}],"wp:attachment":[{"href":"https:\/\/www.hotelslloret.com\/es\/wp-json\/wp\/v2\/media?parent=906"}],"curies":[{"name":"wp","href":"https:\/\/api.w.org\/{rel}","templated":true}]}}