{"id":902,"date":"2020-07-31T07:48:11","date_gmt":"2020-07-31T07:48:11","guid":{"rendered":"https:\/\/testaws02.nfactorial.eu\/quien-somos\/"},"modified":"2020-07-31T07:48:12","modified_gmt":"2020-07-31T07:48:12","slug":"quien-somos","status":"publish","type":"page","link":"https:\/\/www.hotelslloret.com\/es\/quien-somos\/","title":{"rendered":"Qui\u00e9n somos"},"content":{"rendered":"<div class=\"fusion-fullwidth fullwidth-box fusion-builder-row-1 nonhundred-percent-fullwidth non-hundred-percent-height-scrolling\" style=\"--awb-border-radius-top-left:0px;--awb-border-radius-top-right:0px;--awb-border-radius-bottom-right:0px;--awb-border-radius-bottom-left:0px;--awb-flex-wrap:wrap;\" ><div class=\"fusion-builder-row fusion-row\"><div class=\"fusion-layout-column fusion_builder_column fusion-builder-column-0 fusion_builder_column_1_1 1_1 fusion-one-full fusion-column-first fusion-column-last\" style=\"--awb-bg-size:cover;\"><div class=\"fusion-column-wrapper fusion-column-has-shadow fusion-flex-column-wrapper-legacy\"><div class=\"fusion-title title fusion-title-1 fusion-sep-none fusion-title-text fusion-title-size-one\"><h1 class=\"fusion-title-heading title-heading-left\" style=\"margin:0;\">Qui\u00e9n somos<\/h1><\/div><div class=\"fusion-title title fusion-title-2 fusion-sep-none fusion-title-text fusion-title-size-two\" style=\"--awb-margin-bottom:20px;\"><h2 class=\"fusion-title-heading title-heading-left\" style=\"margin:0;\">GREMIO DE HOSTELER\u00cdA DE LLORET DE MAR<\/h2><\/div><div class=\"fusion-text fusion-text-1\"><p>El Gremio de Hosteler\u00eda de Lloret de Mar es una asociaci\u00f3n sin \u00e1nimo de lucro fundada en 1976, que trabaja con el objetivo de dar todo el soporte, asesoramiento y ayuda necesaria al sector de la hosteler\u00eda y restauraci\u00f3n local para hacer de nuestra villa, la principal referencia tur\u00edstica de la Costa Brava.<\/p>\n<p>El Gremio ofrece a sus asociados \u2013los Hoteles, Hostales, Apartamentos Tur\u00edsticos y Campings de Lloret de Mar- toda una serie de servicios y actividades, y uno de estos servicios es la p\u00e1gina web \u201cHotelslloret.com\u201d.<\/p>\n<\/div><div class=\"fusion-reading-box-container reading-box-container-1\" style=\"--awb-title-color:#212934;--awb-margin-top:0px;--awb-margin-bottom:30px;\"><div class=\"reading-box\" style=\"background-color:#f6f6f6;border-width:1px;border-color:#f6f6f6;border-left-width:3px;border-left-color:var(--primary_color);border-style:solid;\"><div class=\"reading-box-additional\">\n<p><strong>En <a href=\"https:\/\/www.hotelslloret.com\/ca\/\" target=\"_blank\" rel=\"noopener noreferrer\">www.hotelslloret.com<\/a> encontrar\u00e1 toda la informaci\u00f3n de los establecimientos asociados al Gremio, y podr\u00e1 enlazar y reservar directamente a las webs de nuestros agremiados, sin ning\u00fan tipo de intermediaci\u00f3n.<\/strong><\/p>\n<\/div><div class=\"fusion-clearfix\"><\/div><\/div><\/div><div class=\"fusion-text fusion-text-2\"><p>Adem\u00e1s, en el apartado de \u201cConocer Lloret\u201d, encontrar\u00e1 toda la informaci\u00f3n pr\u00e1ctica, todo lo que necesita saber para pasar unas magn\u00edficas vacaciones en Lloret de Mar, un destino que te enamora. Los atractivos tur\u00edsticos, los servicios y equipamientos, la oferta de ocio, comercial, gastron\u00f3mica y de actividades, sit\u00faan a Lloret de Mar como una de las zonas tur\u00edsticas con m\u00e1s variedad y calidad del pa\u00eds. <\/p>\n<p> Naturaleza, cultura, diversi\u00f3n, playas id\u00edlicas, calas escondidas, espect\u00e1culos de luz y color, conciertos, festivales y la mejor gastronom\u00eda son algunos ejemplos que hacen de Lloret de Mar el destino elegido para todo tipo de p\u00fablico en cualquier \u00e9poca del a\u00f1o. Y es que Lloret ofrece un mundo de sensaciones a tu alrededor y las mejores vacaciones para familias, parejas, j\u00f3venes, amigos\u2026 tanto es as\u00ed que se puede disfrutar de vacaciones relajadas o, por el contrario, de actividades emocionantes. En Lloret todo el mundo es bienvenido.<\/p>\n<\/div><div class=\"fusion-clearfix\"><\/div><\/div><\/div><\/div><\/div>\n","protected":false},"excerpt":{"rendered":"","protected":false},"author":1,"featured_media":0,"parent":0,"menu_order":0,"comment_status":"closed","ping_status":"closed","template":"","meta":{"_acf_changed":false,"footnotes":""},"class_list":["post-902","page","type-page","status-publish","hentry"],"acf":[],"_links":{"self":[{"href":"https:\/\/www.hotelslloret.com\/es\/wp-json\/wp\/v2\/pages\/902","targetHints":{"allow":["GET"]}}],"collection":[{"href":"https:\/\/www.hotelslloret.com\/es\/wp-json\/wp\/v2\/pages"}],"about":[{"href":"https:\/\/www.hotelslloret.com\/es\/wp-json\/wp\/v2\/types\/page"}],"author":[{"embeddable":true,"href":"https:\/\/www.hotelslloret.com\/es\/wp-json\/wp\/v2\/users\/1"}],"replies":[{"embeddable":true,"href":"https:\/\/www.hotelslloret.com\/es\/wp-json\/wp\/v2\/comments?post=902"}],"version-history":[{"count":1,"href":"https:\/\/www.hotelslloret.com\/es\/wp-json\/wp\/v2\/pages\/902\/revisions"}],"predecessor-version":[{"id":903,"href":"https:\/\/www.hotelslloret.com\/es\/wp-json\/wp\/v2\/pages\/902\/revisions\/903"}],"wp:attachment":[{"href":"https:\/\/www.hotelslloret.com\/es\/wp-json\/wp\/v2\/media?parent=902"}],"curies":[{"name":"wp","href":"https:\/\/api.w.org\/{rel}","templated":true}]}}