{"id":894,"date":"2020-07-31T07:43:05","date_gmt":"2020-07-31T07:43:05","guid":{"rendered":"https:\/\/testaws02.nfactorial.eu\/oficinas-de-turismo\/"},"modified":"2020-07-31T07:43:06","modified_gmt":"2020-07-31T07:43:06","slug":"oficinas-de-turismo","status":"publish","type":"page","link":"https:\/\/www.hotelslloret.com\/es\/oficinas-de-turismo\/","title":{"rendered":"Oficinas de Turismo"},"content":{"rendered":"<div class=\"fusion-fullwidth fullwidth-box fusion-builder-row-1 nonhundred-percent-fullwidth non-hundred-percent-height-scrolling\" style=\"--awb-border-radius-top-left:0px;--awb-border-radius-top-right:0px;--awb-border-radius-bottom-right:0px;--awb-border-radius-bottom-left:0px;--awb-flex-wrap:wrap;\" ><div class=\"fusion-builder-row fusion-row\"><div class=\"fusion-layout-column fusion_builder_column fusion-builder-column-0 fusion_builder_column_1_1 1_1 fusion-one-full fusion-column-first fusion-column-last\" style=\"--awb-bg-size:cover;\"><div class=\"fusion-column-wrapper fusion-column-has-shadow fusion-flex-column-wrapper-legacy\"><div class=\"fusion-title title fusion-title-1 fusion-sep-none fusion-title-text fusion-title-size-one\"><h1 class=\"fusion-title-heading title-heading-left\" style=\"margin:0;\">Oficinas de Turismo<\/h1><\/div><div class=\"fusion-text fusion-text-1\"><p>Lloret de Mar dispone de 3 Oficinas de Turismo ubicadas en lugares estrat\u00e9gicos de la poblaci\u00f3n, nuestros profesionales les informaran y asesoraran para dar a conocer al visitante los atractivos naturales y culturales de la poblaci\u00f3n y del entorno. Durante la temporada de verano se abre un punto de informaci\u00f3n en la playa de fenals. Paralelamente, Lloret Turisme ofrece un servicio de informaci\u00f3n tur\u00edstica centralizado que recibe las peticiones por tel\u00e9fono, fax, correo y mail. Lloret Turisme pone a la disposici\u00f3n del visitante toda una serie de publicaciones con informaci\u00f3n sobre la destinaci\u00f3n y sus servicios. Las Oficinas de Turismo de Lloret de Mar obtienen la Q de calidad al servicio tur\u00edstico, esta certificaci\u00f3n que otorga el Instituto de la Calidad Tur\u00edstica Espa\u00f1ola en reconocimiento a las empresas y entidades que siguen las directrices marcadas por el sistema de calidad tur\u00edstica espa\u00f1ola por una atenci\u00f3n \u00f3ptima a los visitantes.<\/p>\n<\/div><div class=\"shortcode-map fusion-google-map fusion-maps-embed-type\"><iframe width=\"100%\" height=\"400px\" frameborder=\"0\" style=\"border:0\" src=\"https:\/\/www.google.com\/maps\/embed\/v1\/place?key=AIzaSyCam9Va5JcVIzmDa0AlJNR2_q4iNiDvpQQ&language=es&q=&maptype=roadmap&zoom=14\" allowfullscreen><\/iframe><\/div><div class=\"fusion-sep-clear\"><\/div><div class=\"fusion-separator fusion-full-width-sep\" style=\"margin-left: auto;margin-right: auto;margin-bottom:20px;width:100%;\"><\/div><div class=\"fusion-sep-clear\"><\/div><div class=\"fusion-text fusion-text-2\"><p><small><i>Para m\u00e1s informaci\u00f3n visite <\/i><a href=\"http:\/\/lloretdemar.org\/es\/\" target=\"_blank\" rel=\"nofollow noopener noreferrer\">www.lloretdemar.org<\/a><\/small><\/p>\n<\/div><div class=\"fusion-clearfix\"><\/div><\/div><\/div><\/div><\/div>\n","protected":false},"excerpt":{"rendered":"","protected":false},"author":1,"featured_media":0,"parent":0,"menu_order":0,"comment_status":"closed","ping_status":"closed","template":"","meta":{"_acf_changed":false,"footnotes":""},"class_list":["post-894","page","type-page","status-publish","hentry"],"acf":[],"_links":{"self":[{"href":"https:\/\/www.hotelslloret.com\/es\/wp-json\/wp\/v2\/pages\/894","targetHints":{"allow":["GET"]}}],"collection":[{"href":"https:\/\/www.hotelslloret.com\/es\/wp-json\/wp\/v2\/pages"}],"about":[{"href":"https:\/\/www.hotelslloret.com\/es\/wp-json\/wp\/v2\/types\/page"}],"author":[{"embeddable":true,"href":"https:\/\/www.hotelslloret.com\/es\/wp-json\/wp\/v2\/users\/1"}],"replies":[{"embeddable":true,"href":"https:\/\/www.hotelslloret.com\/es\/wp-json\/wp\/v2\/comments?post=894"}],"version-history":[{"count":1,"href":"https:\/\/www.hotelslloret.com\/es\/wp-json\/wp\/v2\/pages\/894\/revisions"}],"predecessor-version":[{"id":895,"href":"https:\/\/www.hotelslloret.com\/es\/wp-json\/wp\/v2\/pages\/894\/revisions\/895"}],"wp:attachment":[{"href":"https:\/\/www.hotelslloret.com\/es\/wp-json\/wp\/v2\/media?parent=894"}],"curies":[{"name":"wp","href":"https:\/\/api.w.org\/{rel}","templated":true}]}}