{"id":798,"date":"2020-07-30T07:29:44","date_gmt":"2020-07-30T07:29:44","guid":{"rendered":"https:\/\/testaws02.nfactorial.eu\/agremiados\/"},"modified":"2021-04-15T06:47:26","modified_gmt":"2021-04-15T06:47:26","slug":"alojamientos","status":"publish","type":"page","link":"https:\/\/www.hotelslloret.com\/es\/alojamientos\/","title":{"rendered":"Alojamientos"},"content":{"rendered":"<div class=\"fusion-fullwidth fullwidth-box fusion-builder-row-1 nonhundred-percent-fullwidth non-hundred-percent-height-scrolling\" style=\"--awb-border-radius-top-left:0px;--awb-border-radius-top-right:0px;--awb-border-radius-bottom-right:0px;--awb-border-radius-bottom-left:0px;--awb-flex-wrap:wrap;\" ><div class=\"fusion-builder-row fusion-row\"><div class=\"fusion-layout-column fusion_builder_column fusion-builder-column-0 fusion_builder_column_1_1 1_1 fusion-one-full fusion-column-first fusion-column-last\" style=\"--awb-bg-size:cover;\"><div class=\"fusion-column-wrapper fusion-column-has-shadow fusion-flex-column-wrapper-legacy\"><div class=\"fusion-title title fusion-title-1 fusion-sep-none fusion-title-text fusion-title-size-one\"><h1 class=\"fusion-title-heading title-heading-left\" style=\"margin:0;\">Alojamientos<\/h1><\/div><div class=\"fusion-title title fusion-title-2 fusion-sep-none fusion-title-text fusion-title-size-two\" style=\"--awb-margin-bottom:20px;\"><h2 class=\"fusion-title-heading title-heading-left\" style=\"margin:0;\">GREMIO DE HOSTELER\u00cdA DE LLORET DE MAR<\/h2><\/div><div class=\"fusion-text fusion-text-1\"><p>Asociaci\u00f3n formada por los establecimientos hoteleros: hoteles, hoteles-apartamento, hostales, pensiones, apartamentos tur\u00edsticos y viviendas de uso tur\u00edstico del municipio tur\u00edstico de Lloret de Mar.<\/p>\n<pre class=\"prettyprint lang-php prettyprinted\"><\/pre>\n<\/div><div class=\"fusion-text fusion-text-2\"><div class=\"search-filter-results\" id=\"search-filter-results-803\">\t\n\t<div class=\"reading-box\"><b>Encontrado: 86 Resultados<\/b><div style=\"display:none\"><br \/>\n\tP\u00e1gina 1 de 9<\/div><\/div>\n\t\n\t<div class=\"pagination\" style=\"display:none\">\n\t\t\n\t\t<div class=\"nav-previous\">Entradas anteriores<a href=\"https:\/\/www.hotelslloret.com\/es\/alojamientos\/?sf_paged=2\" >P\u00e1gina siguiente &raquo;<\/a><\/div>\n\t\t<div class=\"nav-next\">Entradas siguientes<\/div>\n\t\t\t<\/div>\n\t<ul class=\"agremiats search-filter-results-list\">\n\t\t\t <li class=\"post-4230 avada_portfolio type-avada_portfolio status-publish format-standard has-post-thumbnail hentry portfolio_category-hoteles portfolio_tags-para-disfrutar-en-familia portfolio_tags-para-divertirse-con-los-amigos\" >\n\t\t <div class=\"img-miniature\" style=\"background-image:url(https:\/\/www.hotelslloret.com\/wp-content\/uploads\/2021\/02\/01_A-GG_General_16_RGB.jpg)\"><\/div>\t\t \n\t\t \n\t\t<div class=\"desc_\"> <a href=\"https:\/\/www.hotelslloret.com\/es\/establiments\/hotel-gran-garbi\/\" class=\"title-est\">Hotel Gran Garb\u00ed<\/a>\n\n    \t\t\t\t\t\t<div>\n<b><a href=\"https:\/\/www.hotelslloret.com\/es\/modalitats\/hoteles\/\" rel=\"tag\">Hoteles<\/a>: <\/b>4 Estrellas\t\t\t<div class=\"short-excerpt\"><p>El Hotel Gran Garb\u00ed es ideal tanto para acceder a la playa (a 300m), como para caminar por el centro de Lloret de Mar.<\/p>\n<\/div>\t\t\t\t<\/div><\/div>\n\t\t\t\t\t\t\t\n        <\/li>\n\t\t\n\t\t\n\t\t\t\t <li class=\"post-3661 avada_portfolio type-avada_portfolio status-publish format-standard has-post-thumbnail hentry portfolio_category-hotel-apartamentos portfolio_tags-para-disfrutar-en-familia portfolio_tags-para-divertirse-con-los-amigos\" >\n\t\t <div class=\"img-miniature\" style=\"background-image:url(https:\/\/www.hotelslloret.com\/wp-content\/uploads\/2020\/12\/1-36.jpg)\"><\/div>\t\t \n\t\t \n\t\t<div class=\"desc_\"> <a href=\"https:\/\/www.hotelslloret.com\/es\/establiments\/apart-hotel-rosamar-garden-resort\/\" class=\"title-est\">Apart-Hotel Rosamar Garden Resort<\/a>\n\n    \t\t\t\t\t\t<div>\n<b><a href=\"https:\/\/www.hotelslloret.com\/es\/modalitats\/hotel-apartamentos\/\" rel=\"tag\">Hotel-Apartamentos<\/a>: <\/b>4 Estrellas\t\t\t<div class=\"short-excerpt\"><p>Este complejo hotelero de 4 estrellas est\u00e1 ubicado a 300m de la playa de Lloret de Mar, en una zona residencial y tranquila, y es la opci\u00f3n ideal para pasar unas vacaciones en familia y pareja, ya sea en habitaciones o apartamentos.<\/p>\n<\/div>\t\t\t\t<\/div><\/div>\n\t\t\t\t\t\t\t\n        <\/li>\n\t\t\n\t\t\n\t\t\t\t <li class=\"post-5658 avada_portfolio type-avada_portfolio status-publish format-standard has-post-thumbnail hentry portfolio_category-hoteles portfolio_tags-para-disfrutar-en-familia portfolio_tags-para-divertirse-con-los-amigos\" >\n\t\t <div class=\"img-miniature\" style=\"background-image:url(https:\/\/www.hotelslloret.com\/wp-content\/uploads\/2021\/04\/SPA_006-scaled.jpg)\"><\/div>\t\t \n\t\t \n\t\t<div class=\"desc_\"> <a href=\"https:\/\/www.hotelslloret.com\/es\/establiments\/urh-excelsior-lloret\/\" class=\"title-est\">Hotel URH Excelsior Lloret<\/a>\n\n    \t\t\t\t\t\t<div>\n<b><a href=\"https:\/\/www.hotelslloret.com\/es\/modalitats\/hoteles\/\" rel=\"tag\">Hoteles<\/a>: <\/b>3 Estrellas\t\t\t<div class=\"short-excerpt\"><p>URH Excelsior es un hotel boutique con spa situado frente al paseo mar\u00edtimo de Lloret de Mar. Un hotel para apasionados de la playa que disfrutan de los peque\u00f1os grandes placeres de las vacaciones, como despertarse por las ma\u00f1anas y asomarse a la ventana para ver el espect\u00e1culo del amanecer sobre el Mediterr\u00e1neo.<\/p>\n<\/div>\t\t\t\t<\/div><\/div>\n\t\t\t\t\t\t\t\n        <\/li>\n\t\t\n\t\t\n\t\t\t\t <li class=\"post-3902 avada_portfolio type-avada_portfolio status-publish format-standard has-post-thumbnail hentry portfolio_category-campings-es portfolio_tags-para-disfrutar-en-familia portfolio_tags-para-divertirse-con-los-amigos\" >\n\t\t <div class=\"img-miniature\" style=\"background-image:url(https:\/\/www.hotelslloret.com\/wp-content\/uploads\/2020\/12\/TIENDA-SAFARI_1-scaled.jpg)\"><\/div>\t\t \n\t\t \n\t\t<div class=\"desc_\"> <a href=\"https:\/\/www.hotelslloret.com\/es\/establiments\/lloret-blau\/\" class=\"title-est\">Camping Lloret Blau<\/a>\n\n    \t\t\t\t\t\t<div>\n<b><a href=\"https:\/\/www.hotelslloret.com\/es\/modalitats\/campings-es\/\" rel=\"tag\">C\u00e1mpings<\/a>: <\/b>3A Categor\u00eda\t\t\t<div class=\"short-excerpt\"><p>Camping situado en el centro de Lloret, a pocos minutos de la playa. Ambiente familiar y tranquilo .<\/p>\n<\/div>\t\t\t\t<\/div><\/div>\n\t\t\t\t\t\t\t\n        <\/li>\n\t\t\n\t\t\n\t\t\t\t <li class=\"post-4481 avada_portfolio type-avada_portfolio status-publish format-standard has-post-thumbnail hentry portfolio_category-hoteles portfolio_tags-para-disfrutar-en-familia portfolio_tags-para-divertirse-con-los-amigos\" >\n\t\t <div class=\"img-miniature\" style=\"background-image:url(https:\/\/www.hotelslloret.com\/wp-content\/uploads\/2021\/03\/DR-1-1.jpg)\"><\/div>\t\t \n\t\t \n\t\t<div class=\"desc_\"> <a href=\"https:\/\/www.hotelslloret.com\/es\/establiments\/hotel-bluesea-hawai\/\" class=\"title-est\">Hotel BlueSea Hawai<\/a>\n\n    \t\t\t\t\t\t<div>\n<b><a href=\"https:\/\/www.hotelslloret.com\/es\/modalitats\/hoteles\/\" rel=\"tag\">Hoteles<\/a>: <\/b>3 Estrellas\t\t\t<div class=\"short-excerpt\"><p>Nuestro hotel Bluesea Montevista Hawai de 3 estrellas es el lugar ideal para pasar unas vacaciones fant\u00e1sticas en Lloret de Mar.<\/p>\n<\/div>\t\t\t\t<\/div><\/div>\n\t\t\t\t\t\t\t\n        <\/li>\n\t\t\n\t\t\n\t\t\t\t <li class=\"post-5155 avada_portfolio type-avada_portfolio status-publish format-standard has-post-thumbnail hentry portfolio_category-hoteles portfolio_tags-para-disfrutar-en-familia portfolio_tags-para-divertirse-con-los-amigos\" >\n\t\t <div class=\"img-miniature\" style=\"background-image:url(https:\/\/www.hotelslloret.com\/wp-content\/uploads\/2021\/03\/LUDI4857.jpg)\"><\/div>\t\t \n\t\t \n\t\t<div class=\"desc_\"> <a href=\"https:\/\/www.hotelslloret.com\/es\/establiments\/hotel-don-juan-resort\/\" class=\"title-est\">Hotel Don Juan Resort<\/a>\n\n    \t\t\t\t\t\t<div>\n<b><a href=\"https:\/\/www.hotelslloret.com\/es\/modalitats\/hoteles\/\" rel=\"tag\">Hoteles<\/a>: <\/b>4 Estrellas\t\t\t<div class=\"short-excerpt\"><p>El Gran Hotel Don Juan Resort es un complejo de 3 hoteles con 2 piscinas al aire libre con sol\u00e1rium, zona chill out y piscina infantil. El establecimiento se encuentra a solo 100 metros del centro de Lloret de Mar.<\/p>\n<\/div>\t\t\t\t<\/div><\/div>\n\t\t\t\t\t\t\t\n        <\/li>\n\t\t\n\t\t\n\t\t\t\t <li class=\"post-2254 avada_portfolio type-avada_portfolio status-publish format-standard has-post-thumbnail hentry portfolio_category-hoteles portfolio_tags-para-disfrutar-en-familia portfolio_tags-para-divertirse-con-los-amigos portfolio_tags-para-combinar-ocio-y-trabajo portfolio_tags-para-equipos-deportivos\" >\n\t\t <div class=\"img-miniature\" style=\"background-image:url(https:\/\/www.hotelslloret.com\/wp-content\/uploads\/2020\/12\/1-16.jpg)\"><\/div>\t\t \n\t\t \n\t\t<div class=\"desc_\"> <a href=\"https:\/\/www.hotelslloret.com\/es\/establiments\/gran-hotel-flamingo\/\" class=\"title-est\">Hotel Gran Hotel Flamingo<\/a>\n\n    \t\t\t\t\t\t<div>\n<b><a href=\"https:\/\/www.hotelslloret.com\/es\/modalitats\/hoteles\/\" rel=\"tag\">Hoteles<\/a>: <\/b>4 Estrellas\t\t\t<div class=\"short-excerpt\"><p>Queremos que te sientas mejor que en casa, que lo tengas todo, f\u00e1cil, r\u00e1pido, c\u00f3modo, que tu estancia con nosotros sea sencillamente perfecta. Para ello, ponemos a tu disposici\u00f3n todo un elenco de servicios que hemos dise\u00f1ado especialmente para ti.<\/p>\n<\/div>\t\t\t\t<\/div><\/div>\n\t\t\t\t\t\t\t\n        <\/li>\n\t\t\n\t\t\n\t\t\t\t <li class=\"post-1549 avada_portfolio type-avada_portfolio status-publish format-standard has-post-thumbnail hentry portfolio_category-hoteles portfolio_tags-para-disfrutar-en-familia portfolio_tags-para-divertirse-con-los-amigos portfolio_tags-para-combinar-ocio-y-trabajo\" >\n\t\t <div class=\"img-miniature\" style=\"background-image:url(https:\/\/www.hotelslloret.com\/wp-content\/uploads\/2020\/12\/1-3.jpg)\"><\/div>\t\t \n\t\t \n\t\t<div class=\"desc_\"> <a href=\"https:\/\/www.hotelslloret.com\/es\/establiments\/lloret-vibe-affiliated-by-fergus\/\" class=\"title-est\">Lloret Vibe Affiliated by FERGUS<\/a>\n\n    \t\t\t\t\t\t<div>\n<b><a href=\"https:\/\/www.hotelslloret.com\/es\/modalitats\/hoteles\/\" rel=\"tag\">Hoteles<\/a>: <\/b>4 Estrellas\t\t\t<div class=\"short-excerpt\"><p>Un vibrante hotel 4* donde los viajeros que buscan diversi\u00f3n y conexi\u00f3n con la aut\u00e9ntica cultura local, encontrar\u00e1n un espacio lleno de energ\u00eda.<\/p>\n<\/div>\t\t\t\t<\/div><\/div>\n\t\t\t\t\t\t\t\n        <\/li>\n\t\t\n\t\t\n\t\t\t\t <li class=\"post-4933 avada_portfolio type-avada_portfolio status-publish format-standard has-post-thumbnail hentry portfolio_category-vivienda-de-uso-turistico portfolio_tags-para-disfrutar-en-familia portfolio_tags-para-divertirse-con-los-amigos\" >\n\t\t <div class=\"img-miniature\" style=\"background-image:url(https:\/\/www.hotelslloret.com\/wp-content\/uploads\/2021\/03\/0053.jpg)\"><\/div>\t\t \n\t\t \n\t\t<div class=\"desc_\"> <a href=\"https:\/\/www.hotelslloret.com\/es\/establiments\/apartaments-almirall\/\" class=\"title-est\">Apartaments Almirall<\/a>\n\n    \t\t\t\t\t\t<div>\n<b><a href=\"https:\/\/www.hotelslloret.com\/es\/modalitats\/vivienda-de-uso-turistico\/\" rel=\"tag\">Vivienda de uso tur\u00edstico<\/a>: <\/b><i>Sin categor\u00eda asociada<\/i>\t\t\t<div class=\"short-excerpt\"><p>Los Apartamentos Almirall, frente a la playa de Lloret de Mar, son un lugar ideal para pasar las vacaciones o el fin de semana.<\/p>\n<\/div>\t\t\t\t<\/div><\/div>\n\t\t\t\t\t\t\t\n        <\/li>\n\t\t\n\t\t\n\t\t\t\t <li class=\"post-4367 avada_portfolio type-avada_portfolio status-publish format-standard has-post-thumbnail hentry portfolio_category-hoteles portfolio_tags-para-disfrutar-en-familia portfolio_tags-para-divertirse-con-los-amigos\" >\n\t\t <div class=\"img-miniature\" style=\"background-image:url(https:\/\/www.hotelslloret.com\/wp-content\/uploads\/2021\/03\/BER_04_hotel-scaled.jpg)\"><\/div>\t\t \n\t\t \n\t\t<div class=\"desc_\"> <a href=\"https:\/\/www.hotelslloret.com\/es\/establiments\/aquahotel-bertran-park\/\" class=\"title-est\">Hotel AquaHotel Bertran Park<\/a>\n\n    \t\t\t\t\t\t<div>\n<b><a href=\"https:\/\/www.hotelslloret.com\/es\/modalitats\/hoteles\/\" rel=\"tag\">Hoteles<\/a>: <\/b>4 Estrellas\t\t\t<div class=\"short-excerpt\"><p>Hotel de trato familiar, situado en el centro de Lloret de Mar en una zona tranquila y a unos 350m de la playa.<\/p>\n<\/div>\t\t\t\t<\/div><\/div>\n\t\t\t\t\t\t\t\n        <\/li>\n\t\t\n\t\t\n\t\t\t<\/ul>\n\t<div style=\"display:none\">P\u00e1gina 1 de 9<br \/>\n\t\n\t<div class=\"pagination\">\n\t\t\n\t\t<div class=\"nav-previous\">Entradas anteriores<a href=\"https:\/\/www.hotelslloret.com\/es\/alojamientos\/?sf_paged=2\" >P\u00e1gina siguiente &raquo;<\/a><\/div>\n\t\t<div class=\"nav-next\">Entradas siguientes<\/div>\n\t\t\t\t<\/div><\/div>\n\t<\/div>\n<\/div><div class=\"fusion-clearfix\"><\/div><\/div><\/div><\/div><\/div>\n","protected":false},"excerpt":{"rendered":"","protected":false},"author":1,"featured_media":0,"parent":0,"menu_order":0,"comment_status":"closed","ping_status":"closed","template":"","meta":{"_acf_changed":false,"footnotes":""},"class_list":["post-798","page","type-page","status-publish","hentry"],"acf":[],"_links":{"self":[{"href":"https:\/\/www.hotelslloret.com\/es\/wp-json\/wp\/v2\/pages\/798","targetHints":{"allow":["GET"]}}],"collection":[{"href":"https:\/\/www.hotelslloret.com\/es\/wp-json\/wp\/v2\/pages"}],"about":[{"href":"https:\/\/www.hotelslloret.com\/es\/wp-json\/wp\/v2\/types\/page"}],"author":[{"embeddable":true,"href":"https:\/\/www.hotelslloret.com\/es\/wp-json\/wp\/v2\/users\/1"}],"replies":[{"embeddable":true,"href":"https:\/\/www.hotelslloret.com\/es\/wp-json\/wp\/v2\/comments?post=798"}],"version-history":[{"count":6,"href":"https:\/\/www.hotelslloret.com\/es\/wp-json\/wp\/v2\/pages\/798\/revisions"}],"predecessor-version":[{"id":5703,"href":"https:\/\/www.hotelslloret.com\/es\/wp-json\/wp\/v2\/pages\/798\/revisions\/5703"}],"wp:attachment":[{"href":"https:\/\/www.hotelslloret.com\/es\/wp-json\/wp\/v2\/media?parent=798"}],"curies":[{"name":"wp","href":"https:\/\/api.w.org\/{rel}","templated":true}]}}