{"id":6573,"date":"2021-05-14T09:16:49","date_gmt":"2021-05-14T09:16:49","guid":{"rendered":"https:\/\/testaws02.nfactorial.eu\/bienvenida-del-presidente\/"},"modified":"2021-05-18T17:00:51","modified_gmt":"2021-05-18T17:00:51","slug":"bienvenida-del-presidente","status":"publish","type":"page","link":"https:\/\/www.hotelslloret.com\/es\/bienvenida-del-presidente\/","title":{"rendered":"Bienvenida del Presidente"},"content":{"rendered":"<div class=\"fusion-fullwidth fullwidth-box fusion-builder-row-1 nonhundred-percent-fullwidth non-hundred-percent-height-scrolling\" style=\"--awb-border-radius-top-left:0px;--awb-border-radius-top-right:0px;--awb-border-radius-bottom-right:0px;--awb-border-radius-bottom-left:0px;--awb-flex-wrap:wrap;\" ><div class=\"fusion-builder-row fusion-row\"><div class=\"fusion-layout-column fusion_builder_column fusion-builder-column-0 fusion_builder_column_1_1 1_1 fusion-one-full fusion-column-first fusion-column-last\" style=\"--awb-bg-size:cover;\"><div class=\"fusion-column-wrapper fusion-column-has-shadow fusion-flex-column-wrapper-legacy\"><div class=\"fusion-title title fusion-title-1 fusion-sep-none fusion-title-text fusion-title-size-one\"><h1 class=\"fusion-title-heading title-heading-left\" style=\"margin:0;\">Bienvenida del Presidente<\/h1><\/div><div class=\"fusion-title title fusion-title-2 fusion-sep-none fusion-title-text fusion-title-size-two\" style=\"--awb-margin-bottom:20px;\"><h2 class=\"fusion-title-heading title-heading-left\" style=\"margin:0;\">GREMIO DE HOSTELER\u00cdA DE LLORET DE MAR<\/h2><\/div><div class=\"fusion-text fusion-text-1\"><p><img decoding=\"async\" class=\"alignright wp-image-6639\" style=\"margin: 20px;\" src=\"https:\/\/www.hotelslloret.com\/wp-content\/uploads\/2021\/05\/Foto-Enric-768x1024.jpg\" alt=\"\" width=\"350\" height=\"467\" srcset=\"https:\/\/www.hotelslloret.com\/wp-content\/uploads\/2021\/05\/Foto-Enric-200x267.jpg 200w, https:\/\/www.hotelslloret.com\/wp-content\/uploads\/2021\/05\/Foto-Enric-225x300.jpg 225w, https:\/\/www.hotelslloret.com\/wp-content\/uploads\/2021\/05\/Foto-Enric-400x533.jpg 400w, https:\/\/www.hotelslloret.com\/wp-content\/uploads\/2021\/05\/Foto-Enric-600x800.jpg 600w, https:\/\/www.hotelslloret.com\/wp-content\/uploads\/2021\/05\/Foto-Enric-768x1024.jpg 768w, https:\/\/www.hotelslloret.com\/wp-content\/uploads\/2021\/05\/Foto-Enric-800x1067.jpg 800w, https:\/\/www.hotelslloret.com\/wp-content\/uploads\/2021\/05\/Foto-Enric-1152x1536.jpg 1152w, https:\/\/www.hotelslloret.com\/wp-content\/uploads\/2021\/05\/Foto-Enric-1200x1600.jpg 1200w, https:\/\/www.hotelslloret.com\/wp-content\/uploads\/2021\/05\/Foto-Enric.jpg 1512w\" sizes=\"(max-width: 350px) 100vw, 350px\" \/>Os damos la bienvenida al <strong>Gremio de Hosteler\u00eda de Lloret de Mar<\/strong>. Es para nosotros un orgullo representar al sector de la hosteler\u00eda de la capital tur\u00edstica de la Costa Brava, Lloret de Mar. Una ciudad situada en un espacio geogr\u00e1fico privilegiado que comenz\u00f3 a recibir sus primeros visitantes extranjeros alrededor de 1950, aunque ya desde los a\u00f1os veinte, nuestra villa hab\u00eda acogido durante los veranos, selectas familias de la sociedad de Barcelona y su entorno, que buscaban en las playas lloretenses un ambiente de descanso y desconexi\u00f3n, donde disfrutar de sus vacaciones.<\/p>\n<p>Nuestra villa combina tradici\u00f3n y modernidad y desde el <strong>Gremio de Hosteler\u00eda de Lloret de Mar<\/strong> se participa de forma proactiva en todo lo que ocurre a su alrededor, con especial incidencia en todo lo que tiene que ver con el desarrollo de la actividad tur\u00edstica y especialmente del sector hotelero, entendiendo el turismo como la industria de la felicidad, la que nos genera el recuerdo de momentos inolvidables.<\/p>\n<p>Defendemos los intereses de los establecimientos emplazados en Lloret de Mar, asesorando a sus asociados en diferentes \u00e1reas.<\/p>\n<p>Tambi\u00e9n act\u00faa como interlocutor del sector, tanto en la defensa individual como colectiva, con las diferentes administraciones p\u00fablicas e instituciones, as\u00ed como ante las organizaciones empresariales.<\/p>\n<p>Promueve la b\u00fasqueda de nuevos proyectos dinamizadores del sector tur\u00edstico y de igual manera colabora con los diferentes eventos de la ciudad y participa activamente en las entidades empresariales y tur\u00edsticas de la provincia de Girona y del territorio Catal\u00e1n.<\/p>\n<p>En los \u00faltimos meses hemos querido fomentar el grado de conocimiento y formaci\u00f3n del personal vinculado al sector, desarrollando la implantaci\u00f3n de nuevos proyectos tecnol\u00f3gicos y \u00e9ticos, que han permitido el reposicionamiento de nuestro destino y el crecimiento de nuestros establecimientos.<\/p>\n<p>S\u00f3lo me queda decirles que no se olviden de alojarse en uno de nuestros establecimientos durante su estancia en Lloret de Mar, donde ser\u00e1 atendido por grandes profesionales que le har\u00e1n vivir una experiencia \u00fanica.<\/p>\n<p>Disfrute de su estancia!!!<\/p>\n<p><strong>Enric Dotras i Ruscalleda<\/strong><\/p>\n<p><strong>Presidente<\/strong><\/p>\n<p><strong>Gremio de Hosteler\u00eda del Lloret de Mar<\/strong><\/p>\n<\/div><div class=\"fusion-clearfix\"><\/div><\/div><\/div><\/div><\/div>\n","protected":false},"excerpt":{"rendered":"","protected":false},"author":1,"featured_media":0,"parent":0,"menu_order":0,"comment_status":"closed","ping_status":"closed","template":"","meta":{"_acf_changed":false,"footnotes":""},"class_list":["post-6573","page","type-page","status-publish","hentry"],"acf":[],"_links":{"self":[{"href":"https:\/\/www.hotelslloret.com\/es\/wp-json\/wp\/v2\/pages\/6573","targetHints":{"allow":["GET"]}}],"collection":[{"href":"https:\/\/www.hotelslloret.com\/es\/wp-json\/wp\/v2\/pages"}],"about":[{"href":"https:\/\/www.hotelslloret.com\/es\/wp-json\/wp\/v2\/types\/page"}],"author":[{"embeddable":true,"href":"https:\/\/www.hotelslloret.com\/es\/wp-json\/wp\/v2\/users\/1"}],"replies":[{"embeddable":true,"href":"https:\/\/www.hotelslloret.com\/es\/wp-json\/wp\/v2\/comments?post=6573"}],"version-history":[{"count":10,"href":"https:\/\/www.hotelslloret.com\/es\/wp-json\/wp\/v2\/pages\/6573\/revisions"}],"predecessor-version":[{"id":6650,"href":"https:\/\/www.hotelslloret.com\/es\/wp-json\/wp\/v2\/pages\/6573\/revisions\/6650"}],"wp:attachment":[{"href":"https:\/\/www.hotelslloret.com\/es\/wp-json\/wp\/v2\/media?parent=6573"}],"curies":[{"name":"wp","href":"https:\/\/api.w.org\/{rel}","templated":true}]}}