{"id":1141,"date":"2021-05-18T18:21:23","date_gmt":"2021-05-18T18:21:23","guid":{"rendered":"https:\/\/testaws02.nfactorial.eu\/?page_id=1141"},"modified":"2021-05-18T18:21:23","modified_gmt":"2021-05-18T18:21:23","slug":"politica-privacidad","status":"publish","type":"page","link":"https:\/\/www.hotelslloret.com\/es\/politica-privacidad\/","title":{"rendered":"Pol\u00edtica de privacidad"},"content":{"rendered":"<div class=\"fusion-fullwidth fullwidth-box fusion-builder-row-1 fusion-flex-container nonhundred-percent-fullwidth non-hundred-percent-height-scrolling\" style=\"--awb-border-radius-top-left:0px;--awb-border-radius-top-right:0px;--awb-border-radius-bottom-right:0px;--awb-border-radius-bottom-left:0px;--awb-flex-wrap:wrap;\" ><div class=\"fusion-builder-row fusion-row fusion-flex-align-items-flex-start fusion-flex-content-wrap\" style=\"max-width:1248px;margin-left: calc(-4% \/ 2 );margin-right: calc(-4% \/ 2 );\"><div class=\"fusion-layout-column fusion_builder_column fusion-builder-column-0 fusion_builder_column_1_1 1_1 fusion-flex-column\" style=\"--awb-bg-size:cover;--awb-width-large:100%;--awb-margin-top-large:0px;--awb-spacing-right-large:1.92%;--awb-margin-bottom-large:20px;--awb-spacing-left-large:1.92%;--awb-width-medium:100%;--awb-order-medium:0;--awb-spacing-right-medium:1.92%;--awb-spacing-left-medium:1.92%;--awb-width-small:100%;--awb-order-small:0;--awb-spacing-right-small:1.92%;--awb-spacing-left-small:1.92%;\"><div class=\"fusion-column-wrapper fusion-column-has-shadow fusion-flex-justify-content-flex-start fusion-content-layout-column\"><div class=\"fusion-title title fusion-title-1 fusion-sep-none fusion-title-text fusion-title-size-one\"><h1 class=\"fusion-title-heading title-heading-left\" style=\"margin:0;\">Pol\u00edtica de privacidad<\/h1><\/div><div class=\"fusion-title title fusion-title-2 fusion-sep-none fusion-title-text fusion-title-size-two\" style=\"--awb-margin-bottom:20px;\"><h2 class=\"fusion-title-heading title-heading-left\" style=\"margin:0;\">GREMIO DE HOSTELER\u00cdA DE LLORET DE MAR<\/h2><\/div><div class=\"fusion-text fusion-text-1\"><p><strong>INTRODUCCI\u00d3N<\/strong><\/p>\n<p>Su privacidad es importante para nosotros, as\u00ed que, mediante este documento, le explicamos qu\u00e9 datos recogemos de los usuarios, como los utilizamos y para qu\u00e9, entre otras indicaciones.<\/p>\n<p>Para su informaci\u00f3n, nunca pediremos m\u00e1s informaci\u00f3n de la que realmente necesitaremos para los servicios requeridos; nunca la compartiremos con terceros, excepto por obligaci\u00f3n legal o con su autorizaci\u00f3n previa; y nunca utilizaremos sus datos para otra finalidad no indicada previamente.<\/p>\n<p>Como usuarios, deber\u00e1 leer atentamente esta Pol\u00edtica de privacidad de manera regular, y siempre que introduzca sus datos personales, ya que este documento puede sufrir modificaciones ya que el prestamista puede modificar cualquier tipo de informaci\u00f3n que pudiera aparecer en la web para cumplir con la normativa o actualizar la pol\u00edtica, y sin que exista la obligaci\u00f3n de preavisar o poner en conocimiento de los usuarios dichas obligaciones, siendo suficientes la publicaci\u00f3n en el sitio web del prestador.<\/p>\n<p><strong>RESPONSABLE DEL TRATAMIENTO:<\/strong><\/p>\n<p>Identidad:<strong>\u00a0GREMI D\u2019HOSTALERIA LLORET DE MAR (<\/strong>tambi\u00e9n el prestador)<\/p>\n<p>NIF:<strong>\u00a0G17270059\u00a0\u00a0\u00a0\u00a0\u00a0\u00a0\u00a0\u00a0\u00a0\u00a0\u00a0\u00a0\u00a0\u00a0\u00a0\u00a0<\/strong><\/p>\n<p>Direcci\u00f3n postal:<strong>\u00a0C\/ Santa LL\u00facia, 1- 3er piso, \u00a017310 Lloret de Mar\u00a0<\/strong><\/p>\n<p>Correo electr\u00f3nico:<strong>\u00a0<\/strong><a href=\"mailto:info@hotelslloret.com\"><strong>info@hotelslloret.com<\/strong><\/a><\/p>\n<p><strong>\u00a0GREMI D\u2019HOSTALERIA LLORET DE MAR<\/strong>, como responsable del sitio web, de conformidad con lo dispuesto en el Reglamento (UE) 2016\/679 de 27 de abril de 2016 (RGPD) relativo a la protecci\u00f3n de las personas f\u00edsicas en lo que respecta al tratamiento de datos personales ya la libre circulaci\u00f3n de estos datos y dem\u00e1s normativa vigente en materia de protecci\u00f3n de datos personales, y por la Ley 34\/2002, de 11 de julio, de Servicios de la Sociedad de la Informaci\u00f3n y del Comercio Electr\u00f3nico (LSSICE), le informa que tiene implementadas las medidas de seguridad necesarias, de \u00edndole t\u00e9cnica y organizativas, para garantizar y proteger la confidencialidad, integridad y disponibilidad de los datos introducidos.<\/p>\n<p><strong>M\u00c9TODO DE OBTENCI\u00d3N DE LOS DATOS y DATOS QUE RECAUDAMOS<\/strong>: Los datos que recogemos y c\u00f3mo las obtenemos es la siguiente:<\/p>\n<ol>\n<li>mediante los datos obtenidos por usted mismo al agremiarse.<\/li>\n<li>mediante el formulario de contacto: nombre, email, tel\u00e9fono<\/li>\n<li>mediante el formulario de suscripci\u00f3n a la newsletter: email<\/li>\n<\/ol>\n<p>No se tratan categor\u00edas de datos especialmente protegidos.<\/p>\n<p><strong>FINALIDAD DEL TRATAMIENTO:<\/strong><\/p>\n<p>Sus datos personales s\u00f3lo se utilizar\u00e1n para las siguientes finalidades, prestando su consentimiento para cada una de las finalidades en el apartado correspondiente de la web:<\/p>\n<p><strong>\u00a0<\/strong><\/p>\n<p><strong>Formulario de agremiado: <\/strong>gesti\u00f3n de la suscripci\u00f3n como agremiado, env\u00edo de comunicaci\u00f3n de inter\u00e9s sobre jornadas y boletines de informaci\u00f3n del sector tur\u00edstico, promoci\u00f3n de las jornadas.<\/p>\n<p><strong>Formulario de contacto:\u00a0<\/strong>para responder a las consultas y\/o proporcionar informaciones requeridas por el Usuario;<\/p>\n<p><strong>Formulario de suscripci\u00f3n a la newsletter:\u00a0<\/strong>para remitir las comunicaciones comerciales publicitarias por email, SMS, comunidades sociales o cualquier otro medio electr\u00f3nico o f\u00edsico, en caso de que el Usuario lo haya consentido expresamente;<\/p>\n<p><strong>Otras finalidades<\/strong>:<\/p>\n<p>Realizar las gestiones comerciales, administrativas, fiscales, contables que sean necesarias en virtud de la legislaci\u00f3n vigente;<\/p>\n<p>Conocer su opini\u00f3n y mejorar los servicios prestados por la web;<\/p>\n<p>Realizaci\u00f3n de an\u00e1lisis de perfiles y de usabilidad de la web, a trav\u00e9s de las cookies (mencionadas en la pol\u00edtica de cookies);<\/p>\n<p>Redes sociales: en el apartado correspondiente se especifica el uso de las redes sociales.<\/p>\n<p>Puede revocar en cualquier momento su consentimiento remitiendo un escrito con el asunto \u00abBaja\u00bb en el mail rese\u00f1ado.<\/p>\n<p>De acuerdo con la LSSICE,\u00a0<strong>GREMI D\u2019HOSTALERIA LLORET DE MAR<\/strong>\u00a0no realiza pr\u00e1cticas de SPAM, por lo tanto, no env\u00eda correos comerciales por e-mail que no hayan sido previamente solicitados o autorizados por el Usuario. En consecuencia, en todas las comunicaciones que recibir\u00e1 del prestador, el usuario tiene la posibilidad de cancelar su consentimiento expreso para recibir nuestras comunicaciones.<\/p>\n<p>No trataremos sus datos personales para ning\u00fan otro fin de las descritas excepto por obligaci\u00f3n legal o requerimiento judicial.<\/p>\n<p>No ser\u00e1 objeto de decisiones basadas en tratamientos automatizados que produzcan efectos sobre sus datos.<\/p>\n<p><strong>LEGITIMACI\u00d3N DEL TRATAMIENTO<\/strong><\/p>\n<p>La base legal para el tratamiento de los datos es su consentimiento otorgado en el momento de dar sus datos en el formulario correspondiente para llevar a cabo las finalidades, en el momento de marcaci\u00f3n de la casilla de verificaci\u00f3n o los datos obtenidos de usted mismo al agremiarse.<\/p>\n<p>El no facilitar los datos personales solicitados o el no aceptar la presente pol\u00edtica de privacidad supone la imposibilidad de conseguir las finalidades anteriormente descritas.<\/p>\n<p>En los casos en que haya una previa relaci\u00f3n contractual entre las partes, la legitimaci\u00f3n para el desarrollo de las obligaciones administrativas, fiscales, contables y laborales que sean necesarias en virtud de la legislaci\u00f3n vigente ser\u00e1\u00a0<strong>la existencia previa de la relaci\u00f3n comercial<\/strong>\u00a0establecida entre las partes.<\/p>\n<p>La oferta prospectiva o comercial de productos y servicios est\u00e1 basada en el consentimiento que se le solicita, sin que en ning\u00fan caso la retirada de este consentimiento condicione la ejecuci\u00f3n del contrato de suscripci\u00f3n.<\/p>\n<p><strong>\u00a0<\/strong><\/p>\n<p><strong>\u00a0<\/strong><\/p>\n<p><strong>PLAZO DE CONSERVACI\u00d3N DE LOS DATOS:<\/strong><\/p>\n<p>Sus datos se conservar\u00e1n mientras dure la relaci\u00f3n comercial con nosotros o ejerce su derecho de cancelaci\u00f3n u oposici\u00f3n, o limitaci\u00f3n al tratamiento. Sin embargo, conservaremos sus datos en los plazos legalmente previstos en las disposiciones aplicables.<\/p>\n<p><strong>DESTINATARIOS DE CESIONES O TRANSFERENCIAS:<\/strong><\/p>\n<p><strong>GREMI D\u2019HOSTALERIA LLORET DE MAR<\/strong>\u00a0no lleva a cabo ninguna cesi\u00f3n o comunicaci\u00f3n de datos ni dentro ni fuera de la UE. El prestador \u00fanicamente facilitar\u00e1 informaci\u00f3n a las fuerzas y cuerpos de seguridad bajo orden judicial o por obligaci\u00f3n de una norma legal, sin perjuicio de poder bloquear o cancelar su cuenta si puede haber indicios de la comisi\u00f3n de alg\u00fan delito por parte del usuario. La informaci\u00f3n facilitada ser\u00e1 s\u00f3lo la que disponga en ese momento el prestador.<\/p>\n<p>La informaci\u00f3n que nos proporcione a trav\u00e9s de este sitio web ser\u00e1 alojada en los servidores de\u00a0<strong>GREMI D\u2019HOSTALERIA LLORET DE MAR<\/strong>, contratados a la empresa NFACTORIAL S.L, con CIF B-61843686 y direcci\u00f3n C\/Balmes n\u00ba434 Entl.F (08022 Barcelona),<strong> qu<\/strong>e presta el servicio de alojamiento de la web. El tratamiento de los datos de la entidad se encuentra regulado mediante un contrato de encargado del tratamiento entre el prestador y esta empresa.<\/p>\n<p>Asimismo, el prestador utiliza determinadas herramientas para prestar servicios necesarios para el desarrollo de la actividad, pudiendo almacenar sus datos. Estas herramientas son las siguientes:<\/p>\n<p><strong>Google Analytics<\/strong>: para realizar un an\u00e1lisis y m\u00e9trica del uso que los usuarios hacen de la web a trav\u00e9s de las cookies. La informaci\u00f3n que generan y recopilan estas cookies sobre el uso (incluyendo la direcci\u00f3n IP) ser\u00e1 directamente transmitida y archivada por Google Inc., ubicada en Delaware, 1600 Amphitheatre Parkway, Montar\u00e9 View (California), CA 94043 de Estados Unidos ( \u00bb Google \u00ab), en sus servidores de Estados Unidos.<\/p>\n<p><strong>DERECHOS DE LAS PERSONAS INTERESADAS:<\/strong><\/p>\n<p>Como usuario-interesado, puede solicitar el ejercicio de los siguientes derechos ante\u00a0<strong>GREMI D\u2019HOSTALERIA LLORET DE MAR\u00a0<\/strong>presentando un escrito a la direcci\u00f3n postal del encabezamiento o enviando un correo electr\u00f3nico a\u00a0<a href=\"mailto:info@hotelslloret.com\">info@hotelslloret.com<\/a>, indicando como Asunto: \u00abPROTECCI\u00d3N DE DATOS: DERECHOS DE LOS AFECTADOS \u00ab, y adjuntando fotocopia de su DNI o cualquier medio an\u00e1logo en derecho, tal como indica la ley.<\/p>\n<p>Derechos:<\/p>\n<p><strong>Derecho de acceso:<\/strong>\u00a0permite al interesado conocer y obtener informaci\u00f3n sobre sus datos de car\u00e1cter personal sometidos a tratamiento.<\/p>\n<p><strong>Derecho de rectificaci\u00f3n o supresi\u00f3n<\/strong>: permite corregir errores y modificar los datos que resulten ser inexactos o incompletos.<\/p>\n<p><strong>Derecho de cancelaci\u00f3n<\/strong>: permite que se supriman los datos que sean inadecuados o excesivos.<\/p>\n<p><strong>Derecho de oposici\u00f3n<\/strong>: derecho del interesado a que no se lleve a cabo el tratamiento de sus datos de car\u00e1cter personal o se cese en el mismo.<\/p>\n<p><strong>Limitaci\u00f3n del tratamiento<\/strong>: conlleva el marcado de los datos personales conservados, con el fin de limitar su futuro tratamiento, para el ejercicio o la defensa de reclamaciones.<\/p>\n<p><strong>Portabilidad de los datos<\/strong>: facilitaci\u00f3n de los datos objeto de tratamiento al interesado, para que \u00e9ste pueda transmitir a otro responsable, sin impedimentos.<\/p>\n<p><strong>Derecho a no ser objeto de decisiones individuales automatizadas (incluida la elaboraci\u00f3n de perfiles)<\/strong>: derecho a no ser objeto de una decisi\u00f3n basada en el tratamiento automatizado que produzca efectos o afecte significativamente.<\/p>\n<p>Como usuario, tiene derecho a retirar el consentimiento dado en cualquier momento. La retirada del consentimiento no afectar\u00e1 a la licitud del tratamiento efectuado antes de la retirada del consentimiento.<\/p>\n<p>Tambi\u00e9n tiene derecho a presentar una reclamaci\u00f3n ante la autoridad de control si considera que pueden haberse visto vulnerados sus derechos en relaci\u00f3n a la protecci\u00f3n de sus datos (aepd.es).<\/p>\n<p><strong>INFORMACI\u00d3N ADDICIONAL<\/strong><\/p>\n<p><strong>MEDIDAS DE SEGURIDAD:<\/strong><\/p>\n<p>Los datos que nos facilite se tratar\u00e1n de forma confidencial. El prestador ha adoptado todas las medidas t\u00e9cnicas y organizativas y todos los niveles de protecci\u00f3n necesarios para garantizar la seguridad en el tratamiento de los datos y evitar su alteraci\u00f3n, p\u00e9rdida, robo, tratamiento o acceso no autorizado, de acuerdo al estado de la tecnolog\u00eda y naturaleza de los datos almacenados. Asimismo, se garantiza tambi\u00e9n que el tratamiento y registro en ficheros, programas, sistemas o equipos, locales y centros cumplen con los requisitos y condiciones de integridad y seguridad establecidas en la normativa vigente.<\/p>\n<p><strong>IDIOMA<\/strong><\/p>\n<p>El idioma aplicable a esta pol\u00edtica de privacidad es el castellano. Por tanto, en caso de que hubiera alguna contradicci\u00f3n en alguna de las versiones facilitadas en otros idiomas, prevalecer\u00e1 la versi\u00f3n en castellano.<\/p>\n<p><strong>REDES SOCIALES<\/strong><\/p>\n<p>Le informamos que\u00a0<strong>GREMI D\u2019HOSTALERIA LLORET DE MAR<\/strong>\u00a0puede tener presencia en redes sociales. El tratamiento de los datos que se lleve a cabo de las personas que se hagan seguidoras en las redes sociales (y \/ o realicen cualquier v\u00ednculo o acci\u00f3n de conexi\u00f3n a trav\u00e9s de las redes sociales) de las p\u00e1ginas oficiales de\u00a0<strong>GREMI D\u2019HOSTALERIA LLORET DE MAR\u00a0<\/strong>se regir\u00e1 por este apartado , as\u00ed como para aquellas condiciones de uso, pol\u00edticas de privacidad y normativas de acceso que pertenezcan a la red social que proceda en cada caso y aceptadas previamente por el usuario.<\/p>\n<p><strong>GREMI D\u2019HOSTALERIA LLORET DE MAR<\/strong>\u00a0tratar\u00e1 sus datos con las finalidades de administrar correctamente su presencia en la red social, informando de actividades, productos o servicios del prestador, as\u00ed como para cualquier otra finalidad que las normativas de las Redes Sociales permitan.<\/p>\n<p>Queda prohibida la publicaci\u00f3n de contenidos:<\/p>\n<p>Que sean presuntamente il\u00edcitos por la normativa nacional, comunitaria o internacional o que realicen actividades presuntamente il\u00edcitas o contravengan los principios de la buena fe.<\/p>\n<p>Que atenten contra los derechos fundamentales de las personas, falten a la cortes\u00eda en la red, molesten o puedan generar opiniones negativas en nuestros usuarios o terceros y en general cualesquiera sean los contenidos que\u00a0<strong>GREMI D\u2019HOSTALERIA LLORET DE MAR<\/strong>\u00a0considere inapropiados.<\/p>\n<p>Y en general que contravengan los principios de legalidad, honradez, responsabilidad, protecci\u00f3n de la dignidad humana, protecci\u00f3n de menores, protecci\u00f3n del orden p\u00fablico, la protecci\u00f3n de la vida privada, la protecci\u00f3n del consumidor y los derechos de propiedad intelectual e industrial.<\/p>\n<p>Asimismo,\u00a0<strong>GREMI D\u2019HOSTALERIA LLORET DE MAR<\/strong>\u00a0se reserva la potestad de retirar, sin previo aviso del sitio web o de la red social corporativa aquellos contenidos que se consideran inadecuados.<\/p>\n<p>En todo caso, si Ud. remite informaci\u00f3n personal a trav\u00e9s de la red social,\u00a0<strong>GREMI D\u2019HOSTALERIA LLORET DE MAR\u00a0<\/strong>quedar\u00e1 exento de responsabilidad en relaci\u00f3n con las medidas de seguridad aplicables a la presente plataforma y el usuario, en caso de querer conocerlas, debe consultar las correspondientes condiciones particulares de la red en cuesti\u00f3n.<\/p>\n<p><strong>CAMBIOS EN LA PRESENTE POL\u00cdTICA DE PRIVACIDAD<\/strong><\/p>\n<p><strong>GREMI D\u2019HOSTALERIA LLORET DE MAR<\/strong>\u00a0se reserva el derecho a modificar la presente pol\u00edtica para adaptarla a novedades legislativas o jurisprudenciales.<\/p>\n<p><strong>REVOCABILIDAD<\/strong><\/p>\n<p>El consentimiento prestado, tanto por el tratamiento como para la cesi\u00f3n de los datos de los interesados, es revocable en cualquier momento comunic\u00e1ndolo a\u00a0<strong>GREMI D\u2019HOSTALERIA LLORET DE MAR<\/strong>\u00a0en los t\u00e9rminos establecidos en esta Pol\u00edtica para el ejercicio de los derechos. Esta revocaci\u00f3n en ning\u00fan caso tendr\u00e1 car\u00e1cter retroactivo.<\/p>\n<p><strong>LEGISLACI\u00d3N<\/strong><\/p>\n<p>Con car\u00e1cter general las relaciones entre\u00a0<strong>GREMI D\u2019HOSTALERIA LLORET DE MAR<\/strong>\u00a0con los Usuarios de sus servicios telem\u00e1ticos, presentes en esta web, est\u00e1n sometidos a la legislaci\u00f3n y jurisdicci\u00f3n espa\u00f1ola a la que se someten expresamente las partes, siendo competentes para la resoluci\u00f3n de todos los conflictos derivados o relacionados con su uso los Juzgados y Tribunales del domicilio del prestador (si no es considerado como consumidor a efectos del TRLGDCU) o del usuario (si es considerado como consumidor a efectos del TRLGDCU).<\/p>\n<\/div><\/div><\/div><\/div><\/div>\n","protected":false},"excerpt":{"rendered":"","protected":false},"author":1,"featured_media":0,"parent":0,"menu_order":0,"comment_status":"closed","ping_status":"closed","template":"","meta":{"_acf_changed":false,"footnotes":""},"class_list":["post-1141","page","type-page","status-publish","hentry"],"acf":[],"_links":{"self":[{"href":"https:\/\/www.hotelslloret.com\/es\/wp-json\/wp\/v2\/pages\/1141","targetHints":{"allow":["GET"]}}],"collection":[{"href":"https:\/\/www.hotelslloret.com\/es\/wp-json\/wp\/v2\/pages"}],"about":[{"href":"https:\/\/www.hotelslloret.com\/es\/wp-json\/wp\/v2\/types\/page"}],"author":[{"embeddable":true,"href":"https:\/\/www.hotelslloret.com\/es\/wp-json\/wp\/v2\/users\/1"}],"replies":[{"embeddable":true,"href":"https:\/\/www.hotelslloret.com\/es\/wp-json\/wp\/v2\/comments?post=1141"}],"version-history":[{"count":7,"href":"https:\/\/www.hotelslloret.com\/es\/wp-json\/wp\/v2\/pages\/1141\/revisions"}],"predecessor-version":[{"id":6687,"href":"https:\/\/www.hotelslloret.com\/es\/wp-json\/wp\/v2\/pages\/1141\/revisions\/6687"}],"wp:attachment":[{"href":"https:\/\/www.hotelslloret.com\/es\/wp-json\/wp\/v2\/media?parent=1141"}],"curies":[{"name":"wp","href":"https:\/\/api.w.org\/{rel}","templated":true}]}}