{"id":890,"date":"2020-07-31T07:41:24","date_gmt":"2020-07-31T07:41:24","guid":{"rendered":"https:\/\/testaws02.nfactorial.eu\/anreise\/"},"modified":"2021-05-14T09:37:22","modified_gmt":"2021-05-14T09:37:22","slug":"anreise","status":"publish","type":"page","link":"https:\/\/www.hotelslloret.com\/de\/anreise\/","title":{"rendered":"Anreise"},"content":{"rendered":"<div class=\"fusion-fullwidth fullwidth-box fusion-builder-row-1 nonhundred-percent-fullwidth non-hundred-percent-height-scrolling\" style=\"--awb-border-radius-top-left:0px;--awb-border-radius-top-right:0px;--awb-border-radius-bottom-right:0px;--awb-border-radius-bottom-left:0px;--awb-flex-wrap:wrap;\" ><div class=\"fusion-builder-row fusion-row\"><div class=\"fusion-layout-column fusion_builder_column fusion-builder-column-0 fusion_builder_column_1_1 1_1 fusion-one-full fusion-column-first fusion-column-last\" style=\"--awb-bg-size:cover;\"><div class=\"fusion-column-wrapper fusion-column-has-shadow fusion-flex-column-wrapper-legacy\"><div class=\"fusion-title title fusion-title-1 fusion-sep-none fusion-title-text fusion-title-size-one\"><h1 class=\"fusion-title-heading title-heading-left\" style=\"margin:0;\">Anreise<\/h1><\/div><div class=\"fusion-title title fusion-title-2 fusion-sep-none fusion-title-text fusion-title-size-three\" style=\"--awb-margin-top:20px;\"><h3 class=\"fusion-title-heading title-heading-left\" style=\"margin:0;\">Stra\u00dfenverkehr<\/h3><\/div><div class=\"fusion-text fusion-text-1\"><p>Lloret hat drei Zufahrtsm\u00f6glichkeiten: Vom S\u00fcden her steht die Stadt \u00fcber die K\u00fcstenautobahn C-32 mit Barcelona in Verbindung, wobei die letzten zw\u00f6lf Kilometer ab Palafolls \u00fcber die Nationalstra\u00dfe N-II bzw. die Landstra\u00dfe G-682 \u00fcber Blanes zur\u00fcckgelegt werden m\u00fcssen. Vom Norden her, aus Richtung Frankreich, erfolgt die Zufahrt \u00fcber die Autobahn AP-7 bis zur Ausfahrt 9 (Lloret de Mar); die letzten 14 Kilometer geht es dann \u00fcber die Landstra\u00dfe GI-680. Als dritte Alternative besteht schlie\u00dflich im Nordosten die ins zw\u00f6lf Kilometer entfernte Tossa de Mar weiterf\u00fchrende Strecke der G-680. Nach seiner Ankunft in Lloret stehen dem Besucher verschiedene \u00f6ffentliche und private Parkpl\u00e4tze zur Verf\u00fcgung, wo er sein Fahrzeug f\u00fcr die Dauer seines Aufenthalts abstellen kann.<\/p>\n<p>Mit dem <a href=\"http:\/\/lloretdemar.org\/ca\/com-arribar\/per-carretera\" target=\"_blank\" rel=\"nofollow noopener noreferrer\">AUTO<\/a><\/p>\n<\/div><a class=\"fb-icon-element-1 fb-icon-element fontawesome-icon fa-map-marked-alt fas circle-yes fusion-text-flow fusion-link\" style=\"--awb-circlebordersize:1px;--awb-font-size:17.6px;--awb-width:35.2px;--awb-height:35.2px;--awb-line-height:33.2px;--awb-margin-right:10px;\" href=\"https:\/\/www.google.es\/maps\/@41.6986228,2.8454711,17z?hl=de\" target=\"_blank\" aria-label=\"Link to https:\/\/www.google.es\/maps\/@41.6986228,2.8454711,17z?hl=de\" rel=\"noopener noreferrer\"><\/a><div class=\"fusion-sep-clear\"><\/div><div class=\"fusion-separator fusion-full-width-sep\" style=\"margin-left: auto;margin-right: auto;margin-top:20px;margin-bottom:20px;width:100%;\"><div class=\"fusion-separator-border sep-single sep-solid\" style=\"--awb-height:20px;--awb-amount:20px;border-color:#e0dede;border-top-width:1px;\"><\/div><\/div><div class=\"fusion-sep-clear\"><\/div><div class=\"fusion-title title fusion-title-3 fusion-sep-none fusion-title-text fusion-title-size-three\"><h3 class=\"fusion-title-heading title-heading-left\" style=\"margin:0;\">Flugverkehr<\/h3><\/div><div class=\"fusion-text fusion-text-2\"><p>Die n\u00e4chsten Flugh\u00e4fen sind Barcelona (75 km) und Girona (30 km). Vom Flughafen Barcelona aus bestehen regul\u00e4re Flugverbindungen zu den wichtigsten St\u00e4dten der Welt. Der Flughafen Girona wird von vielen europ\u00e4ischen St\u00e4dten aus vor allem von Billigfluglinien angeflogen; dar\u00fcber hinaus besteht auch ein reger Charterverkehr.<\/p>\n<p>Mit dem <a href=\"http:\/\/lloretdemar.org\/ca\/com-arribar\/en-avio\" target=\"_blank\" rel=\"nofollow noopener noreferrer\">FLUGZEUG<\/a><\/p>\n<\/div><div class=\"fusion-sep-clear\"><\/div><div class=\"fusion-separator fusion-full-width-sep\" style=\"margin-left: auto;margin-right: auto;margin-top:20px;margin-bottom:20px;width:100%;\"><div class=\"fusion-separator-border sep-single sep-solid\" style=\"--awb-height:20px;--awb-amount:20px;border-color:#e0dede;border-top-width:1px;\"><\/div><\/div><div class=\"fusion-sep-clear\"><\/div><div class=\"fusion-title title fusion-title-4 fusion-sep-none fusion-title-text fusion-title-size-three\"><h3 class=\"fusion-title-heading title-heading-left\" style=\"margin:0;\">Eisenbahnverkehr<\/h3><\/div><div class=\"fusion-text fusion-text-3\"><p>Lloret de Mar verf\u00fcgt \u00fcber keine Direktanbindung per Zug, befindet sich aber in der N\u00e4he der 2 Hauptlinien, die nach Barcelona und Frankreich f\u00fchren.<\/p>\n<p>Wenn Sie nach Barcelona fahren m\u00f6chten, m\u00fcssen Sie die Linie \u201eCercan\u00edas de la costa\u201c am Bahnhof in Blanes nehmen. Von der Busstation in Lloret fahren jede halbe Stunde Busse der Firma Pujol nach Blanes.<\/p>\n<p>Die Z\u00fcge nach Barcelona fahren jede halbe Stunde und die Fahrt dauert 1 Stunde und 20 Minuten.<br \/>\nEine weitere M\u00f6glichkeit bietet der Bahnhof von Gerona in 41 km Entfernung mit Mittel- und Langstreckenz\u00fcgen.<\/p>\n<p><a href=\"https:\/\/www.renfe.com\/es\/en\/suburban\/suburban-barcelona\/timetables\">FAHRZEITEN RENFE EINSEHEN<\/a><\/p>\n<\/div><div class=\"fusion-sep-clear\"><\/div><div class=\"fusion-separator fusion-full-width-sep\" style=\"margin-left: auto;margin-right: auto;margin-top:20px;margin-bottom:20px;width:100%;\"><div class=\"fusion-separator-border sep-single sep-solid\" style=\"--awb-height:20px;--awb-amount:20px;border-color:#e0dede;border-top-width:1px;\"><\/div><\/div><div class=\"fusion-sep-clear\"><\/div><div class=\"fusion-title title fusion-title-5 fusion-sep-none fusion-title-text fusion-title-size-three\"><h3 class=\"fusion-title-heading title-heading-left\" style=\"margin:0;\">Schiffsverkehr<\/h3><\/div><div class=\"fusion-text fusion-text-4\"><p>Von Lloret aus verkehren Boote im Ausflugsverkehr, die die Stadt den Sommer \u00fcber mit den Nachbarorten Blanes, Tossa und Sant Feliu verbinden. Am Strand von Canyelles besitzt Lloret ferner einen Sporthafen, in dem kleine bis mittlere Boote festmachen k\u00f6nnen.<\/p>\n<p>Mit dem <a href=\"http:\/\/lloretdemar.org\/ca\/com-arribar\/en-vaixell\" target=\"_blank\" rel=\"nofollow noopener noreferrer\">SCHIFF<\/a><\/p>\n<\/div><div class=\"fusion-sep-clear\"><\/div><div class=\"fusion-separator fusion-full-width-sep\" style=\"margin-left: auto;margin-right: auto;margin-bottom:20px;width:100%;\"><\/div><div class=\"fusion-sep-clear\"><\/div><div class=\"fusion-text fusion-text-5\"><p><small><i>+info <\/i><a href=\"http:\/\/lloretdemar.org\/es\/\" target=\"_blank\" rel=\"nofollow noopener noreferrer\">www.lloretdemar.org<\/a><\/small><\/p>\n<\/div><div class=\"fusion-clearfix\"><\/div><\/div><\/div><\/div><\/div>\n","protected":false},"excerpt":{"rendered":"","protected":false},"author":1,"featured_media":0,"parent":0,"menu_order":0,"comment_status":"closed","ping_status":"closed","template":"","meta":{"_acf_changed":false,"footnotes":""},"class_list":["post-890","page","type-page","status-publish","hentry"],"acf":[],"_links":{"self":[{"href":"https:\/\/www.hotelslloret.com\/de\/wp-json\/wp\/v2\/pages\/890","targetHints":{"allow":["GET"]}}],"collection":[{"href":"https:\/\/www.hotelslloret.com\/de\/wp-json\/wp\/v2\/pages"}],"about":[{"href":"https:\/\/www.hotelslloret.com\/de\/wp-json\/wp\/v2\/types\/page"}],"author":[{"embeddable":true,"href":"https:\/\/www.hotelslloret.com\/de\/wp-json\/wp\/v2\/users\/1"}],"replies":[{"embeddable":true,"href":"https:\/\/www.hotelslloret.com\/de\/wp-json\/wp\/v2\/comments?post=890"}],"version-history":[{"count":5,"href":"https:\/\/www.hotelslloret.com\/de\/wp-json\/wp\/v2\/pages\/890\/revisions"}],"predecessor-version":[{"id":6609,"href":"https:\/\/www.hotelslloret.com\/de\/wp-json\/wp\/v2\/pages\/890\/revisions\/6609"}],"wp:attachment":[{"href":"https:\/\/www.hotelslloret.com\/de\/wp-json\/wp\/v2\/media?parent=890"}],"curies":[{"name":"wp","href":"https:\/\/api.w.org\/{rel}","templated":true}]}}