{"id":885,"date":"2020-07-31T07:36:15","date_gmt":"2020-07-31T07:36:15","guid":{"rendered":"https:\/\/testaws02.nfactorial.eu\/wer-sind-wir\/"},"modified":"2021-05-06T07:29:37","modified_gmt":"2021-05-06T07:29:37","slug":"wer-sind-wir","status":"publish","type":"page","link":"https:\/\/www.hotelslloret.com\/de\/wer-sind-wir\/","title":{"rendered":"Wer sind wir"},"content":{"rendered":"<div class=\"fusion-fullwidth fullwidth-box fusion-builder-row-1 nonhundred-percent-fullwidth non-hundred-percent-height-scrolling\" style=\"--awb-border-radius-top-left:0px;--awb-border-radius-top-right:0px;--awb-border-radius-bottom-right:0px;--awb-border-radius-bottom-left:0px;--awb-flex-wrap:wrap;\" ><div class=\"fusion-builder-row fusion-row\"><div class=\"fusion-layout-column fusion_builder_column fusion-builder-column-0 fusion_builder_column_1_1 1_1 fusion-one-full fusion-column-first fusion-column-last\" style=\"--awb-bg-size:cover;\"><div class=\"fusion-column-wrapper fusion-column-has-shadow fusion-flex-column-wrapper-legacy\"><div class=\"fusion-title title fusion-title-1 fusion-sep-none fusion-title-text fusion-title-size-one\"><h1 class=\"fusion-title-heading title-heading-left\" style=\"margin:0;\">Wer sind wir<\/h1><\/div><div class=\"fusion-title title fusion-title-2 fusion-sep-none fusion-title-text fusion-title-size-two\" style=\"--awb-margin-bottom:20px;\"><h2 class=\"fusion-title-heading title-heading-left\" style=\"margin:0;\">DER HOTELGRUPPEN VAN LLORET DE MAR<\/h2><\/div><div class=\"fusion-text fusion-text-1\"><p>Der Hotelgruppen van Lloret de Mar ist ein 1976 gegr\u00fcndeter gemeinn\u00fctziger Verein, der sich zum Ziel gesetzt hat, dem \u00f6rtlichen Hotel- und Restaurantsektor die notwendige Unterst\u00fctzung, Beratung und Hilfe zukommen zu lassen, um unsere Stadt zur wichtigsten touristischen Referenz zu machen die Costa Brava.<\/p>\n<p>Die Gilde bietet ihren Mitarbeitern &#8211; den Hotels, Hostels, Touristenwohnungen und Campingpl\u00e4tzen von Lloret de Mar &#8211; eine ganze Reihe von Dienstleistungen und Aktivit\u00e4ten an. Eine dieser Dienstleistungen ist die Website \u201eHotelslloret.com\u201c.<\/p>\n<\/div><div class=\"fusion-reading-box-container reading-box-container-1\" style=\"--awb-title-color:#212934;--awb-margin-top:0px;--awb-margin-bottom:30px;\"><div class=\"reading-box\" style=\"background-color:#f6f6f6;border-width:1px;border-color:#f6f6f6;border-left-width:3px;border-left-color:var(--primary_color);border-style:solid;\"><div class=\"reading-box-additional\"><strong>Auf <a href=\"http:\/\/www.hotelslloret.com\/de\/\" target=\"_blank\" rel=\"noopener noreferrer\">www.hotelslloret.com<\/a> finden Sie alle Informationen zu den mit der Gilde verbundenen Einrichtungen. Sie k\u00f6nnen ohne jegliche Vermittlung direkt auf die Websites unserer Mitglieder verlinken und diese buchen.<\/strong><\/div><div class=\"fusion-clearfix\"><\/div><\/div><\/div><div class=\"fusion-text fusion-text-2\"><p>Dar\u00fcber hinaus finden Sie im Abschnitt &#8222;Lloret kennenlernen&#8220; alle praktischen Informationen, alles, was Sie wissen m\u00fcssen, um einen herrlichen Urlaub in Lloret de Mar zu verbringen, einem Reiseziel, in das Sie sich verlieben. Die Touristenattraktionen, die Dienstleistungen und Ausstattung, das Freizeit-, Handels-, Gastronomie- und Aktivit\u00e4tsangebot machen Lloret de Mar zu einem der touristischsten Gebiete mit der gr\u00f6\u00dften Vielfalt und Qualit\u00e4t des Landes.<\/p>\n<p>Natur, Kultur, Spa\u00df, idyllische Str\u00e4nde, versteckte Buchten, Licht- und Farbshows, Konzerte, Festivals und die beste Gastronomie sind einige Beispiele, die Lloret de Mar zu jeder Jahreszeit zum Ziel der Wahl f\u00fcr alle Arten von Publikum machen. Und es ist so, dass Lloret eine Welt voller Sensationen um Sie herum und die besten Ferien f\u00fcr Familien, Paare, junge Leute, Freunde &#8230; bietet, so dass Sie entspannte Ferien oder im Gegenteil aufregende Aktivit\u00e4ten genie\u00dfen k\u00f6nnen. In Lloret ist jeder willkommen.<\/p>\n<\/div><div class=\"fusion-clearfix\"><\/div><\/div><\/div><\/div><\/div>\n","protected":false},"excerpt":{"rendered":"","protected":false},"author":1,"featured_media":0,"parent":0,"menu_order":0,"comment_status":"closed","ping_status":"closed","template":"","meta":{"_acf_changed":false,"footnotes":""},"class_list":["post-885","page","type-page","status-publish","hentry"],"acf":[],"_links":{"self":[{"href":"https:\/\/www.hotelslloret.com\/de\/wp-json\/wp\/v2\/pages\/885","targetHints":{"allow":["GET"]}}],"collection":[{"href":"https:\/\/www.hotelslloret.com\/de\/wp-json\/wp\/v2\/pages"}],"about":[{"href":"https:\/\/www.hotelslloret.com\/de\/wp-json\/wp\/v2\/types\/page"}],"author":[{"embeddable":true,"href":"https:\/\/www.hotelslloret.com\/de\/wp-json\/wp\/v2\/users\/1"}],"replies":[{"embeddable":true,"href":"https:\/\/www.hotelslloret.com\/de\/wp-json\/wp\/v2\/comments?post=885"}],"version-history":[{"count":6,"href":"https:\/\/www.hotelslloret.com\/de\/wp-json\/wp\/v2\/pages\/885\/revisions"}],"predecessor-version":[{"id":6443,"href":"https:\/\/www.hotelslloret.com\/de\/wp-json\/wp\/v2\/pages\/885\/revisions\/6443"}],"wp:attachment":[{"href":"https:\/\/www.hotelslloret.com\/de\/wp-json\/wp\/v2\/media?parent=885"}],"curies":[{"name":"wp","href":"https:\/\/api.w.org\/{rel}","templated":true}]}}