{"id":877,"date":"2020-07-31T07:29:13","date_gmt":"2020-07-31T07:29:13","guid":{"rendered":"https:\/\/testaws02.nfactorial.eu\/fremdenverkehrbueros\/"},"modified":"2020-07-31T07:29:13","modified_gmt":"2020-07-31T07:29:13","slug":"fremdenverkehrbueros","status":"publish","type":"page","link":"https:\/\/www.hotelslloret.com\/de\/fremdenverkehrbueros\/","title":{"rendered":"Fremdenverkehrb\u00fcros"},"content":{"rendered":"<div class=\"fusion-fullwidth fullwidth-box fusion-builder-row-1 nonhundred-percent-fullwidth non-hundred-percent-height-scrolling\" style=\"--awb-border-radius-top-left:0px;--awb-border-radius-top-right:0px;--awb-border-radius-bottom-right:0px;--awb-border-radius-bottom-left:0px;--awb-flex-wrap:wrap;\" ><div class=\"fusion-builder-row fusion-row\"><div class=\"fusion-layout-column fusion_builder_column fusion-builder-column-0 fusion_builder_column_1_1 1_1 fusion-one-full fusion-column-first fusion-column-last\" style=\"--awb-bg-size:cover;\"><div class=\"fusion-column-wrapper fusion-column-has-shadow fusion-flex-column-wrapper-legacy\"><div class=\"fusion-title title fusion-title-1 fusion-sep-none fusion-title-text fusion-title-size-one\"><h1 class=\"fusion-title-heading title-heading-left\" style=\"margin:0;\">Fremdenverkehrb\u00fcros<\/h1><\/div><div class=\"fusion-text fusion-text-1\"><p>Lloret de Mar verf\u00fcgt \u00fcber drei strategisch \u00fcber das gesamte Stadtgebiet verteilte Fremdenverkehrsb\u00fcros, in denen die Besucher Auskunft und Beratung einholen k\u00f6nnen. In den Sommermonaten besteht ferner eine touristische Informationsstelle am Strand von Fenals. Parallel hierzu bietet auch Lloret Turisme einen zentralen touristischen Auskunftsdienst, der Anfragen telefonisch oder per Fax, Post und E-Mail entgegennimmt. Lloret Turisme h\u00e4lt f\u00fcr die Besucher der Stadt die verschiedensten Ver\u00f6ffentlichungen mit Informationen zu Lloret und dem vor Ort bestehenden Dienstleistungsangebot zur Verf\u00fcgung. \u201cQ\u201d von Touristische Qualit\u00e4t <\/p>\n<p>Fremdenverkehrsb\u00fcros von Lloret de Mar, \u201cQ\u201d von Touristische Qualit\u00e4t, Der \u201cQ\u201d ist ein Symbol von touristische qualit\u00e4t. Ein unerl\u00e4ssliche Merkmal dass bescheingt die Qualit\u00e4t von alle touristische Unternehmen. Bestense Service. Bestense Installationen und Qu\u00e4litat Eirichtungen.<\/p>\n<\/div><div class=\"shortcode-map fusion-google-map fusion-maps-embed-type\"><iframe width=\"100%\" height=\"400px\" frameborder=\"0\" style=\"border:0\" src=\"https:\/\/www.google.com\/maps\/embed\/v1\/place?key=AIzaSyCam9Va5JcVIzmDa0AlJNR2_q4iNiDvpQQ&language=de&q=&maptype=roadmap&zoom=14\" allowfullscreen><\/iframe><\/div><div class=\"fusion-sep-clear\"><\/div><div class=\"fusion-separator fusion-full-width-sep\" style=\"margin-left: auto;margin-right: auto;margin-bottom:20px;width:100%;\"><\/div><div class=\"fusion-sep-clear\"><\/div><div class=\"fusion-text fusion-text-2\"><p><small><i>+info <\/i><a href=\"http:\/\/lloretdemar.org\/es\/\" target=\"_blank\" rel=\"nofollow noopener noreferrer\">www.lloretdemar.org<\/a><\/small><\/p>\n<\/div><div class=\"fusion-clearfix\"><\/div><\/div><\/div><\/div><\/div>\n","protected":false},"excerpt":{"rendered":"","protected":false},"author":1,"featured_media":0,"parent":0,"menu_order":0,"comment_status":"closed","ping_status":"closed","template":"","meta":{"_acf_changed":false,"footnotes":""},"class_list":["post-877","page","type-page","status-publish","hentry"],"acf":[],"_links":{"self":[{"href":"https:\/\/www.hotelslloret.com\/de\/wp-json\/wp\/v2\/pages\/877","targetHints":{"allow":["GET"]}}],"collection":[{"href":"https:\/\/www.hotelslloret.com\/de\/wp-json\/wp\/v2\/pages"}],"about":[{"href":"https:\/\/www.hotelslloret.com\/de\/wp-json\/wp\/v2\/types\/page"}],"author":[{"embeddable":true,"href":"https:\/\/www.hotelslloret.com\/de\/wp-json\/wp\/v2\/users\/1"}],"replies":[{"embeddable":true,"href":"https:\/\/www.hotelslloret.com\/de\/wp-json\/wp\/v2\/comments?post=877"}],"version-history":[{"count":2,"href":"https:\/\/www.hotelslloret.com\/de\/wp-json\/wp\/v2\/pages\/877\/revisions"}],"predecessor-version":[{"id":879,"href":"https:\/\/www.hotelslloret.com\/de\/wp-json\/wp\/v2\/pages\/877\/revisions\/879"}],"wp:attachment":[{"href":"https:\/\/www.hotelslloret.com\/de\/wp-json\/wp\/v2\/media?parent=877"}],"curies":[{"name":"wp","href":"https:\/\/api.w.org\/{rel}","templated":true}]}}