{"id":816,"date":"2020-07-30T09:03:08","date_gmt":"2020-07-30T09:03:08","guid":{"rendered":"https:\/\/testaws02.nfactorial.eu\/mitglieder\/"},"modified":"2021-04-15T06:41:01","modified_gmt":"2021-04-15T06:41:01","slug":"unterkunfts","status":"publish","type":"page","link":"https:\/\/www.hotelslloret.com\/de\/unterkunfts\/","title":{"rendered":"Unterkunfts"},"content":{"rendered":"<div class=\"fusion-fullwidth fullwidth-box fusion-builder-row-1 nonhundred-percent-fullwidth non-hundred-percent-height-scrolling\" style=\"--awb-border-radius-top-left:0px;--awb-border-radius-top-right:0px;--awb-border-radius-bottom-right:0px;--awb-border-radius-bottom-left:0px;--awb-flex-wrap:wrap;\" ><div class=\"fusion-builder-row fusion-row\"><div class=\"fusion-layout-column fusion_builder_column fusion-builder-column-0 fusion_builder_column_1_1 1_1 fusion-one-full fusion-column-first fusion-column-last\" style=\"--awb-bg-size:cover;\"><div class=\"fusion-column-wrapper fusion-column-has-shadow fusion-flex-column-wrapper-legacy\"><div class=\"fusion-title title fusion-title-1 fusion-sep-none fusion-title-text fusion-title-size-one\"><h1 class=\"fusion-title-heading title-heading-left\" style=\"margin:0;\">Unterkunfts<\/h1><\/div><div class=\"fusion-title title fusion-title-2 fusion-sep-none fusion-title-text fusion-title-size-two\" style=\"--awb-margin-bottom:20px;\"><h2 class=\"fusion-title-heading title-heading-left\" style=\"margin:0;\">HOTELGRUPPEN VAN LLORET DE MAR<\/h2><\/div><div class=\"fusion-text fusion-text-1\"><p>Vereinigung von Hotelbetrieben: Hotels, Apartmenthotels, Herbergen, Pensionen, Touristenwohnungen und Wohnungen f\u00fcr Touristen in der Touristenstadt Lloret de Mar.<\/p>\n<pre class=\"prettyprint lang-php prettyprinted\">\u00a0<\/pre>\n<\/div><div class=\"fusion-text fusion-text-2\"><div class=\"search-filter-results\" id=\"search-filter-results-815\">\t\n\t<div class=\"reading-box\"><b>Gefunden: 88 Ergebnisse<\/b><div style=\"display:none\"><br \/>\n\tSeite 1 von 9<\/div><\/div>\n\t\n\t<div class=\"pagination\" style=\"display:none\">\n\t\t\n\t\t<div class=\"nav-previous\">\u00c4ltere Beitr\u00e4ge<a href=\"https:\/\/www.hotelslloret.com\/de\/unterkunfts\/?sf_paged=2\" >N\u00e4chste Seite &raquo;<\/a><\/div>\n\t\t<div class=\"nav-next\">Neuere Beitr\u00e4ge<\/div>\n\t\t\t<\/div>\n\t<ul class=\"agremiats search-filter-results-list\">\n\t\t\t <li class=\"post-3890 avada_portfolio type-avada_portfolio status-publish format-standard has-post-thumbnail hentry portfolio_category-renten portfolio_tags-mit-der-familie-geniessen\" >\n\t\t <div class=\"img-miniature\" style=\"background-image:url(https:\/\/www.hotelslloret.com\/wp-content\/uploads\/2020\/12\/16-scaled.jpg)\"><\/div>\t\t \n\t\t \n\t\t<div class=\"desc_\"> <a href=\"https:\/\/www.hotelslloret.com\/de\/establiments\/los-pinares\/\" class=\"title-est\">Pensi\u00f3 Los Pinares<\/a>\n\n    \t\t\t\t\t\t<div>\n<b><a href=\"https:\/\/www.hotelslloret.com\/de\/modalitats\/renten\/\" rel=\"tag\">Pensions<\/a>: <\/b><i>Sense categoria associada DE<\/i>\t\t\t<div class=\"short-excerpt\"><p>Hostal tal de ambiente familiar que se encuentra ubicado en las afueras del centro de Lloret de Mar, concretamente a 3 km del centro.<\/p>\n<\/div>\t\t\t\t<\/div><\/div>\n\t\t\t\t\t\t\t\n        <\/li>\n\t\t\n\t\t\n\t\t\t\t <li class=\"post-1897 avada_portfolio type-avada_portfolio status-publish format-standard has-post-thumbnail hentry portfolio_category-hotels-de portfolio_tags-mit-der-familie-geniessen portfolio_tags-spass-mit-freunden-haben portfolio_tags-freizeit-und-arbeit-verbinden\" >\n\t\t <div class=\"img-miniature\" style=\"background-image:url(https:\/\/www.hotelslloret.com\/wp-content\/uploads\/2020\/12\/1-9.jpg)\"><\/div>\t\t \n\t\t \n\t\t<div class=\"desc_\"> <a href=\"https:\/\/www.hotelslloret.com\/de\/establiments\/the-15th-boutique-hotel\/\" class=\"title-est\">Hotel The 15th Boutique Hotel<\/a>\n\n    \t\t\t\t\t\t<div>\n<b><a href=\"https:\/\/www.hotelslloret.com\/de\/modalitats\/hotels-de\/\" rel=\"tag\">Hotels<\/a>: <\/b>4 Stars\t\t\t<div class=\"short-excerpt\"><p>THE 15th BOUTIQUE HOTEL ES EL PRIMER BOUTIQUE HOTEL EN LA ZONA.<\/p>\n<\/div>\t\t\t\t<\/div><\/div>\n\t\t\t\t\t\t\t\n        <\/li>\n\t\t\n\t\t\n\t\t\t\t <li class=\"post-2126 avada_portfolio type-avada_portfolio status-publish format-standard has-post-thumbnail hentry portfolio_category-hotels-de portfolio_tags-mit-der-familie-geniessen portfolio_tags-freizeit-und-arbeit-verbinden\" >\n\t\t <div class=\"img-miniature\" style=\"background-image:url(https:\/\/www.hotelslloret.com\/wp-content\/uploads\/2020\/12\/50478032511_ef0a5e6aec_c.jpg)\"><\/div>\t\t \n\t\t \n\t\t<div class=\"desc_\"> <a href=\"https:\/\/www.hotelslloret.com\/de\/establiments\/lazure\/\" class=\"title-est\">Hotel L&#8217;Azure<\/a>\n\n    \t\t\t\t\t\t<div>\n<b><a href=\"https:\/\/www.hotelslloret.com\/de\/modalitats\/hotels-de\/\" rel=\"tag\">Hotels<\/a>: <\/b>4 Stars Superior\t\t\t<div class=\"short-excerpt\"><p>L&#8217;Azure is a new hotel designed for couples and families who want an unforgettable vacation full of good sensations, trained with all kinds of comforts to rest, enjoy and relax.<\/p>\n<\/div>\t\t\t\t<\/div><\/div>\n\t\t\t\t\t\t\t\n        <\/li>\n\t\t\n\t\t\n\t\t\t\t <li class=\"post-4462 avada_portfolio type-avada_portfolio status-publish format-standard has-post-thumbnail hentry portfolio_category-hotels-de portfolio_tags-mit-der-familie-geniessen portfolio_tags-spass-mit-freunden-haben\" >\n\t\t <div class=\"img-miniature\" style=\"background-image:url(https:\/\/www.hotelslloret.com\/wp-content\/uploads\/2021\/03\/DR-1-1.jpg)\"><\/div>\t\t \n\t\t \n\t\t<div class=\"desc_\"> <a href=\"https:\/\/www.hotelslloret.com\/de\/establiments\/hotel-bluesea-montevista\/\" class=\"title-est\">Hotel BlueSea Montevista<\/a>\n\n    \t\t\t\t\t\t<div>\n<b><a href=\"https:\/\/www.hotelslloret.com\/de\/modalitats\/hotels-de\/\" rel=\"tag\">Hotels<\/a>: <\/b>3 Stars\t\t\t<div class=\"short-excerpt\"><p>Unser 3-Sterne-Hotel BLUESEA Montevista Hawaii ist der perfekte Ort, um einen fantastischen Urlaub in Lloret de Mar zu verbringen.<\/p>\n<\/div>\t\t\t\t<\/div><\/div>\n\t\t\t\t\t\t\t\n        <\/li>\n\t\t\n\t\t\n\t\t\t\t <li class=\"post-1217 avada_portfolio type-avada_portfolio status-publish format-standard has-post-thumbnail hentry portfolio_category-wohnungen portfolio_tags-mit-der-familie-geniessen\" >\n\t\t <div class=\"img-miniature\" style=\"background-image:url(https:\/\/www.hotelslloret.com\/wp-content\/uploads\/2020\/12\/ORP4627-copia.jpg)\"><\/div>\t\t \n\t\t \n\t\t<div class=\"desc_\"> <a href=\"https:\/\/www.hotelslloret.com\/de\/establiments\/apartaments-blau\/\" class=\"title-est\">Apartaments Blau<\/a>\n\n    \t\t\t\t\t\t<div>\n<b><a href=\"https:\/\/www.hotelslloret.com\/de\/modalitats\/wohnungen\/\" rel=\"tag\">Wohnung<\/a>: <\/b>4 Keys\t\t\t<div class=\"short-excerpt\"><p>Fully equipped apartments, ideal to stay at 50 meters from the beach, on the main boulevard and in the heart of the leisure center of Lloret de Mar. Enjoy breathtaking and stunning views from the pool at the top of the building. 24-hour reception.<\/p>\n<\/div>\t\t\t\t<\/div><\/div>\n\t\t\t\t\t\t\t\n        <\/li>\n\t\t\n\t\t\n\t\t\t\t <li class=\"post-6804 avada_portfolio type-avada_portfolio status-publish format-standard has-post-thumbnail hentry portfolio_category-hotels-de portfolio_tags-mit-der-familie-geniessen\" >\n\t\t <div class=\"img-miniature\" style=\"background-image:url(https:\/\/www.hotelslloret.com\/wp-content\/uploads\/2021\/06\/costaencantada2.jpg)\"><\/div>\t\t \n\t\t \n\t\t<div class=\"desc_\"> <a href=\"https:\/\/www.hotelslloret.com\/de\/establiments\/costa-encantada-suites-resort\/\" class=\"title-est\">Costa Encantada Suites &#038; Resort<\/a>\n\n    \t\t\t\t\t\t<div>\n<b><a href=\"https:\/\/www.hotelslloret.com\/de\/modalitats\/hotels-de\/\" rel=\"tag\">Hotels<\/a>: <\/b>4 Stars Superior\t\t\t<div class=\"short-excerpt\"><p>Das Costa Encantada Suites &#038; Resort ist ein 4-Sterne-Superior-Hotel, das Gro\u00dfz\u00fcgigkeit, Komfort und Resort-Service in einem idealen Ambiente f\u00fcr einen unvergesslichen Familienurlaub vereint.<\/p>\n<\/div>\t\t\t\t<\/div><\/div>\n\t\t\t\t\t\t\t\n        <\/li>\n\t\t\n\t\t\n\t\t\t\t <li class=\"post-2950 avada_portfolio type-avada_portfolio status-publish format-standard has-post-thumbnail hentry portfolio_category-hotels-de portfolio_tags-mit-der-familie-geniessen portfolio_tags-spass-mit-freunden-haben portfolio_tags-freizeit-und-arbeit-verbinden\" >\n\t\t <div class=\"img-miniature\" style=\"background-image:url(https:\/\/www.hotelslloret.com\/wp-content\/uploads\/2020\/12\/1-23.jpg)\"><\/div>\t\t \n\t\t \n\t\t<div class=\"desc_\"> <a href=\"https:\/\/www.hotelslloret.com\/de\/establiments\/htop-palm-beach-spa\/\" class=\"title-est\">Hotel HTOP Palm Beach &#038; SPA<\/a>\n\n    \t\t\t\t\t\t<div>\n<b><a href=\"https:\/\/www.hotelslloret.com\/de\/modalitats\/hotels-de\/\" rel=\"tag\">Hotels<\/a>: <\/b>3 Stars\t\t\t<div class=\"short-excerpt\"><p>The htop Palm Beach is an ideal budget hotel for a vacation. Only 700 meters separate it from Playa Grande or Playa de Fenals in Lloret de Mar.<\/p>\n<\/div>\t\t\t\t<\/div><\/div>\n\t\t\t\t\t\t\t\n        <\/li>\n\t\t\n\t\t\n\t\t\t\t <li class=\"post-4270 avada_portfolio type-avada_portfolio status-publish format-standard has-post-thumbnail hentry portfolio_category-hotels-de portfolio_tags-mit-der-familie-geniessen portfolio_tags-spass-mit-freunden-haben\" >\n\t\t <div class=\"img-miniature\" style=\"background-image:url(https:\/\/www.hotelslloret.com\/wp-content\/uploads\/2021\/02\/01_C_GP_Swimingpool_2591.jpg)\"><\/div>\t\t \n\t\t \n\t\t<div class=\"desc_\"> <a href=\"https:\/\/www.hotelslloret.com\/de\/establiments\/hotel-garbi-park\/\" class=\"title-est\">Hotel Garb\u00ed Park<\/a>\n\n    \t\t\t\t\t\t<div>\n<b><a href=\"https:\/\/www.hotelslloret.com\/de\/modalitats\/hotels-de\/\" rel=\"tag\">Hotels<\/a>: <\/b>4 Stars\t\t\t<div class=\"short-excerpt\"><p>Nur 200 m entfernt vom Strand gelegen und sehr nahe von der Einkaufs- und Freizeitzone. Das Hotel Garb\u00ed Park ist ideal um einen unvergesslichen Urlaub in Lloret de Mar zu verbringen.<\/p>\n<\/div>\t\t\t\t<\/div><\/div>\n\t\t\t\t\t\t\t\n        <\/li>\n\t\t\n\t\t\n\t\t\t\t <li class=\"post-3100 avada_portfolio type-avada_portfolio status-publish format-standard has-post-thumbnail hentry portfolio_category-hotels-de portfolio_tags-spass-mit-freunden-haben\" >\n\t\t <div class=\"img-miniature\" style=\"background-image:url(https:\/\/www.hotelslloret.com\/wp-content\/uploads\/2020\/12\/1-25.jpg)\"><\/div>\t\t \n\t\t \n\t\t<div class=\"desc_\"> <a href=\"https:\/\/www.hotelslloret.com\/de\/establiments\/checkin-caribe-youth-hotel\/\" class=\"title-est\">Hotel Checkin Caribe Youth<\/a>\n\n    \t\t\t\t\t\t<div>\n<b><a href=\"https:\/\/www.hotelslloret.com\/de\/modalitats\/hotels-de\/\" rel=\"tag\">Hotels<\/a>: <\/b>3 Stars\t\t\t<div class=\"short-excerpt\"><p>Hotel Caribe Youth Hotel shows Checkin Hotels&#8216; support towards quality youth tourism.<\/p>\n<\/div>\t\t\t\t<\/div><\/div>\n\t\t\t\t\t\t\t\n        <\/li>\n\t\t\n\t\t\n\t\t\t\t <li class=\"post-1691 avada_portfolio type-avada_portfolio status-publish format-standard has-post-thumbnail hentry portfolio_category-hotels-de portfolio_tags-mit-der-familie-geniessen portfolio_tags-spass-mit-freunden-haben portfolio_tags-freizeit-und-arbeit-verbinden portfolio_tags-fuer-sportmannschaften\" >\n\t\t <div class=\"img-miniature\" style=\"background-image:url(https:\/\/www.hotelslloret.com\/wp-content\/uploads\/2020\/12\/1-5.jpg)\"><\/div>\t\t \n\t\t \n\t\t<div class=\"desc_\"> <a href=\"https:\/\/www.hotelslloret.com\/de\/establiments\/hotel-samba\/\" class=\"title-est\">Hotel Samba<\/a>\n\n    \t\t\t\t\t\t<div>\n<b><a href=\"https:\/\/www.hotelslloret.com\/de\/modalitats\/hotels-de\/\" rel=\"tag\">Hotels<\/a>: <\/b>3 Stars\t\t\t<div class=\"short-excerpt\"><p>Hotel Samba***, Beach hotel certified in Family and Cycling Tourism, we adapt our services to your needs.<\/p>\n<\/div>\t\t\t\t<\/div><\/div>\n\t\t\t\t\t\t\t\n        <\/li>\n\t\t\n\t\t\n\t\t\t<\/ul>\n\t<div style=\"display:none\">Seite 1 von 9<br \/>\n\t\n\t<div class=\"pagination\">\n\t\t\n\t\t<div class=\"nav-previous\">\u00c4ltere Beitr\u00e4ge<a href=\"https:\/\/www.hotelslloret.com\/de\/unterkunfts\/?sf_paged=2\" >N\u00e4chste Seite &raquo;<\/a><\/div>\n\t\t<div class=\"nav-next\">Neuere Beitr\u00e4ge<\/div>\n\t\t\t\t<\/div><\/div>\n\t<\/div>\n<\/div><div class=\"fusion-clearfix\"><\/div><\/div><\/div><\/div><\/div>\n","protected":false},"excerpt":{"rendered":"","protected":false},"author":1,"featured_media":0,"parent":0,"menu_order":0,"comment_status":"closed","ping_status":"closed","template":"","meta":{"_acf_changed":false,"footnotes":""},"class_list":["post-816","page","type-page","status-publish","hentry"],"acf":[],"_links":{"self":[{"href":"https:\/\/www.hotelslloret.com\/de\/wp-json\/wp\/v2\/pages\/816","targetHints":{"allow":["GET"]}}],"collection":[{"href":"https:\/\/www.hotelslloret.com\/de\/wp-json\/wp\/v2\/pages"}],"about":[{"href":"https:\/\/www.hotelslloret.com\/de\/wp-json\/wp\/v2\/types\/page"}],"author":[{"embeddable":true,"href":"https:\/\/www.hotelslloret.com\/de\/wp-json\/wp\/v2\/users\/1"}],"replies":[{"embeddable":true,"href":"https:\/\/www.hotelslloret.com\/de\/wp-json\/wp\/v2\/comments?post=816"}],"version-history":[{"count":7,"href":"https:\/\/www.hotelslloret.com\/de\/wp-json\/wp\/v2\/pages\/816\/revisions"}],"predecessor-version":[{"id":5698,"href":"https:\/\/www.hotelslloret.com\/de\/wp-json\/wp\/v2\/pages\/816\/revisions\/5698"}],"wp:attachment":[{"href":"https:\/\/www.hotelslloret.com\/de\/wp-json\/wp\/v2\/media?parent=816"}],"curies":[{"name":"wp","href":"https:\/\/api.w.org\/{rel}","templated":true}]}}