{"id":6594,"date":"2021-05-14T09:29:07","date_gmt":"2021-05-14T09:29:07","guid":{"rendered":"https:\/\/testaws02.nfactorial.eu\/begruessung-durch-den-praesidenten\/"},"modified":"2021-05-18T17:02:07","modified_gmt":"2021-05-18T17:02:07","slug":"begruessung-durch-den-praesidenten","status":"publish","type":"page","link":"https:\/\/www.hotelslloret.com\/de\/begruessung-durch-den-praesidenten\/","title":{"rendered":"Begr\u00fcssung durch den Pr\u00e4sidenten"},"content":{"rendered":"<div class=\"fusion-fullwidth fullwidth-box fusion-builder-row-1 nonhundred-percent-fullwidth non-hundred-percent-height-scrolling\" style=\"--awb-border-radius-top-left:0px;--awb-border-radius-top-right:0px;--awb-border-radius-bottom-right:0px;--awb-border-radius-bottom-left:0px;--awb-flex-wrap:wrap;\" ><div class=\"fusion-builder-row fusion-row\"><div class=\"fusion-layout-column fusion_builder_column fusion-builder-column-0 fusion_builder_column_1_1 1_1 fusion-one-full fusion-column-first fusion-column-last\" style=\"--awb-bg-size:cover;\"><div class=\"fusion-column-wrapper fusion-column-has-shadow fusion-flex-column-wrapper-legacy\"><div class=\"fusion-title title fusion-title-1 fusion-sep-none fusion-title-text fusion-title-size-one\"><h1 class=\"fusion-title-heading title-heading-left\" style=\"margin:0;\">Begr\u00fcssung durch den Pr\u00e4sidenten<\/h1><\/div><div class=\"fusion-title title fusion-title-2 fusion-sep-none fusion-title-text fusion-title-size-two\" style=\"--awb-margin-bottom:20px;\"><h2 class=\"fusion-title-heading title-heading-left\" style=\"margin:0;\">DER HOTELGRUPPEN VAN LLORET DE MAR<\/h2><\/div><div class=\"fusion-text fusion-text-1\"><p><img decoding=\"async\" class=\"alignright wp-image-6639\" style=\"margin: 20px;\" src=\"https:\/\/www.hotelslloret.com\/wp-content\/uploads\/2021\/05\/Foto-Enric-768x1024.jpg\" alt=\"\" width=\"350\" height=\"467\" srcset=\"https:\/\/www.hotelslloret.com\/wp-content\/uploads\/2021\/05\/Foto-Enric-200x267.jpg 200w, https:\/\/www.hotelslloret.com\/wp-content\/uploads\/2021\/05\/Foto-Enric-225x300.jpg 225w, https:\/\/www.hotelslloret.com\/wp-content\/uploads\/2021\/05\/Foto-Enric-400x533.jpg 400w, https:\/\/www.hotelslloret.com\/wp-content\/uploads\/2021\/05\/Foto-Enric-600x800.jpg 600w, https:\/\/www.hotelslloret.com\/wp-content\/uploads\/2021\/05\/Foto-Enric-768x1024.jpg 768w, https:\/\/www.hotelslloret.com\/wp-content\/uploads\/2021\/05\/Foto-Enric-800x1067.jpg 800w, https:\/\/www.hotelslloret.com\/wp-content\/uploads\/2021\/05\/Foto-Enric-1152x1536.jpg 1152w, https:\/\/www.hotelslloret.com\/wp-content\/uploads\/2021\/05\/Foto-Enric-1200x1600.jpg 1200w, https:\/\/www.hotelslloret.com\/wp-content\/uploads\/2021\/05\/Foto-Enric.jpg 1512w\" sizes=\"(max-width: 350px) 100vw, 350px\" \/>Wir begr\u00fc\u00dfen Sie in der <strong>Hotelgruppen van Lloret de Mar<\/strong>. Wir sind stolz darauf, das Hotel- und Gastst\u00e4ttengewerbe der touristischen Hauptstadt der Costa Brava, Lloret de Mar, zu vertreten. Ein Ort in einer privilegierten geografischen Lage, der seine ersten ausl\u00e4ndischen Besucher um 1950 zu empfangen begann, obwohl unser Ort schon seit den zwanziger Jahren w\u00e4hrend der Sommermonate ausgew\u00e4hlte Familien aus der Gesellschaft Barcelonas und seiner Umgebung aufnahm, die an den Str\u00e4nden von Lloret de Mar eine Atmosph\u00e4re der Ruhe und des Abschaltens suchten, um ihren Urlaub zu genie\u00dfen.<\/p>\n<p>Unsere Stadt verbindet Tradition und Moderne und die <strong>Hotelgruppen van Lloret de Mar<\/strong> nimmt proaktiv an allem teil, was um sie herum geschieht, mit besonderem Augenmerk auf alles, was mit der Entwicklung des Tourismus und insbesondere des Hotelgewerbes zu tun hat, wobei sie den Tourismus als die Industrie des Gl\u00fccks versteht, die die Erinnerung an unvergessliche Momente erzeugt.<\/p>\n<p>Wir verteidigen die Interessen der in Lloret de Mar ans\u00e4ssigen Einrichtungen und beraten ihre Gesellschafter in verschiedenen Bereichen.<\/p>\n<p>Sie fungiert auch als Gespr\u00e4chspartner f\u00fcr den Sektor, sowohl in der individuellen als auch in der kollektiven Verteidigung, mit den verschiedenen \u00f6ffentlichen Verwaltungen und Institutionen sowie mit Unternehmensorganisationen.<\/p>\n<p>Sie f\u00f6rdert die Suche nach neuen Projekten zur Ankurbelung des Tourismussektors und arbeitet auch mit verschiedenen Veranstaltungen in der Stadt zusammen und beteiligt sich aktiv an Wirtschafts- und Tourismusorganisationen in der Provinz Girona und dem katalanischen Gebiet.<\/p>\n<p>In den letzten Monaten haben wir uns bem\u00fcht, den Wissensstand und die Ausbildung des mit dem Sektor verbundenen Personals zu f\u00f6rdern und die Umsetzung neuer technologischer und ethischer Projekte zu entwickeln, die die Neupositionierung unserer Destination und das Wachstum unserer Einrichtungen erm\u00f6glicht haben.<\/p>\n<p>Es bleibt mir nur noch, Ihnen zu sagen, dass Sie nicht vergessen sollten, w\u00e4hrend Ihres Aufenthalts in Lloret de Mar in einem unserer H\u00e4user zu \u00fcbernachten, wo Sie von gro\u00dfartigen Fachleuten betreut werden, die Ihnen ein einzigartiges Erlebnis bescheren werden.<\/p>\n<p>Genie\u00dfen Sie Ihren Aufenthalt!<\/p>\n<p><strong>Enric Dotras i Ruscalleda<\/strong><\/p>\n<p><strong>Pr\u00e4sident<\/strong><\/p>\n<p><strong>Der Hotelgruppen van Lloret de Mar<\/strong><\/p>\n<\/div><div class=\"fusion-clearfix\"><\/div><\/div><\/div><\/div><\/div>\n","protected":false},"excerpt":{"rendered":"","protected":false},"author":1,"featured_media":0,"parent":0,"menu_order":0,"comment_status":"closed","ping_status":"closed","template":"","meta":{"_acf_changed":false,"footnotes":""},"class_list":["post-6594","page","type-page","status-publish","hentry"],"acf":[],"_links":{"self":[{"href":"https:\/\/www.hotelslloret.com\/de\/wp-json\/wp\/v2\/pages\/6594","targetHints":{"allow":["GET"]}}],"collection":[{"href":"https:\/\/www.hotelslloret.com\/de\/wp-json\/wp\/v2\/pages"}],"about":[{"href":"https:\/\/www.hotelslloret.com\/de\/wp-json\/wp\/v2\/types\/page"}],"author":[{"embeddable":true,"href":"https:\/\/www.hotelslloret.com\/de\/wp-json\/wp\/v2\/users\/1"}],"replies":[{"embeddable":true,"href":"https:\/\/www.hotelslloret.com\/de\/wp-json\/wp\/v2\/comments?post=6594"}],"version-history":[{"count":8,"href":"https:\/\/www.hotelslloret.com\/de\/wp-json\/wp\/v2\/pages\/6594\/revisions"}],"predecessor-version":[{"id":6652,"href":"https:\/\/www.hotelslloret.com\/de\/wp-json\/wp\/v2\/pages\/6594\/revisions\/6652"}],"wp:attachment":[{"href":"https:\/\/www.hotelslloret.com\/de\/wp-json\/wp\/v2\/media?parent=6594"}],"curies":[{"name":"wp","href":"https:\/\/api.w.org\/{rel}","templated":true}]}}