{"id":81,"date":"2020-04-24T09:08:00","date_gmt":"2020-04-24T09:08:00","guid":{"rendered":"https:\/\/testaws02.nfactorial.eu\/?page_id=81"},"modified":"2023-02-09T16:12:48","modified_gmt":"2023-02-09T16:12:48","slug":"oficines-de-turisme","status":"publish","type":"page","link":"https:\/\/www.hotelslloret.com\/ca\/oficines-de-turisme\/","title":{"rendered":"Oficines de turisme"},"content":{"rendered":"<div class=\"fusion-fullwidth fullwidth-box fusion-builder-row-1 nonhundred-percent-fullwidth non-hundred-percent-height-scrolling\" style=\"--awb-border-radius-top-left:0px;--awb-border-radius-top-right:0px;--awb-border-radius-bottom-right:0px;--awb-border-radius-bottom-left:0px;--awb-flex-wrap:wrap;\" ><div class=\"fusion-builder-row fusion-row\"><div class=\"fusion-layout-column fusion_builder_column fusion-builder-column-0 fusion_builder_column_1_1 1_1 fusion-one-full fusion-column-first fusion-column-last\" style=\"--awb-bg-size:cover;\"><div class=\"fusion-column-wrapper fusion-column-has-shadow fusion-flex-column-wrapper-legacy\"><div class=\"fusion-title title fusion-title-1 fusion-sep-none fusion-title-text fusion-title-size-one\"><h1 class=\"fusion-title-heading title-heading-left\" style=\"margin:0;\">Oficines de turisme<\/h1><\/div><div class=\"fusion-text fusion-text-1\"><p>Lloret de Mar disposa de 3 Oficines de Turisme ubicades a llocs estrat\u00e8gics de la poblaci\u00f3, els nostres professionals els informaran i assessoraran per tal de donar a con\u00e8ixer als visitants els atractius naturals i culturals de la poblaci\u00f3 i de l\u2019entorn. Durant la temporada d\u2019estiu s\u2019obre un punt d\u2019informaci\u00f3 a la platja de Fenals. Paral\u00b7lelament, Lloret Turisme ofereix un servei d\u2019informaci\u00f3 tur\u00edstica centralitzat que rep les peticions per tel\u00e8fon, fax, correu i email.<\/p>\n<p>Lloret Turisme posa a la disposici\u00f3 del visitant tota una s\u00e8rie de publicacions amb informaci\u00f3 sobre la destinaci\u00f3 i els seus serveis.<\/p>\n<p>Les Oficines de Turisme de Lloret de Mar obtenen la Q de qualitat al servei tur\u00edstic, aquesta certificaci\u00f3 l\u2019atorga l\u2019Institut de la Qualitat Tur\u00edstica Espanyola en reconeixement a les empreses i entitats que segueixen les directrius marcades pel sistema de qualitat tur\u00edstica espanyola per una atenci\u00f3 \u00f2ptima als visitants.<\/p>\n<\/div><div class=\"shortcode-map fusion-google-map fusion-maps-embed-type\"><iframe width=\"100%\" height=\"400px\" frameborder=\"0\" style=\"border:0\" src=\"https:\/\/www.google.com\/maps\/embed\/v1\/place?key=AIzaSyCam9Va5JcVIzmDa0AlJNR2_q4iNiDvpQQ&language=ca&q=&maptype=roadmap&zoom=14\" allowfullscreen><\/iframe><\/div><div class=\"fusion-sep-clear\"><\/div><div class=\"fusion-separator fusion-full-width-sep\" style=\"margin-left: auto;margin-right: auto;margin-bottom:20px;width:100%;\"><\/div><div class=\"fusion-sep-clear\"><\/div><div class=\"fusion-text fusion-text-2\"><p><small><i>Per a m\u00e9s informaci\u00f3 visiteu\u00a0<\/i><a href=\"http:\/\/lloretdemar.org\/es\/\" target=\"_blank\" rel=\"nofollow noopener noreferrer\">www.lloretdemar.org<\/a><\/small><\/p>\n<\/div><div class=\"fusion-clearfix\"><\/div><\/div><\/div><\/div><\/div>\n","protected":false},"excerpt":{"rendered":"","protected":false},"author":1,"featured_media":0,"parent":0,"menu_order":0,"comment_status":"closed","ping_status":"closed","template":"","meta":{"_acf_changed":false,"footnotes":""},"class_list":["post-81","page","type-page","status-publish","hentry"],"acf":[],"_links":{"self":[{"href":"https:\/\/www.hotelslloret.com\/ca\/wp-json\/wp\/v2\/pages\/81","targetHints":{"allow":["GET"]}}],"collection":[{"href":"https:\/\/www.hotelslloret.com\/ca\/wp-json\/wp\/v2\/pages"}],"about":[{"href":"https:\/\/www.hotelslloret.com\/ca\/wp-json\/wp\/v2\/types\/page"}],"author":[{"embeddable":true,"href":"https:\/\/www.hotelslloret.com\/ca\/wp-json\/wp\/v2\/users\/1"}],"replies":[{"embeddable":true,"href":"https:\/\/www.hotelslloret.com\/ca\/wp-json\/wp\/v2\/comments?post=81"}],"version-history":[{"count":5,"href":"https:\/\/www.hotelslloret.com\/ca\/wp-json\/wp\/v2\/pages\/81\/revisions"}],"predecessor-version":[{"id":469,"href":"https:\/\/www.hotelslloret.com\/ca\/wp-json\/wp\/v2\/pages\/81\/revisions\/469"}],"wp:attachment":[{"href":"https:\/\/www.hotelslloret.com\/ca\/wp-json\/wp\/v2\/media?parent=81"}],"curies":[{"name":"wp","href":"https:\/\/api.w.org\/{rel}","templated":true}]}}