{"id":79,"date":"2020-04-24T09:07:40","date_gmt":"2020-04-24T09:07:40","guid":{"rendered":"https:\/\/testaws02.nfactorial.eu\/?page_id=79"},"modified":"2023-02-09T16:12:49","modified_gmt":"2023-02-09T16:12:49","slug":"viatjar-a-lloret-de-mar","status":"publish","type":"page","link":"https:\/\/www.hotelslloret.com\/ca\/viatjar-a-lloret-de-mar\/","title":{"rendered":"Viatjar a Lloret de Mar"},"content":{"rendered":"<div class=\"fusion-fullwidth fullwidth-box fusion-builder-row-1 nonhundred-percent-fullwidth non-hundred-percent-height-scrolling\" style=\"--awb-border-radius-top-left:0px;--awb-border-radius-top-right:0px;--awb-border-radius-bottom-right:0px;--awb-border-radius-bottom-left:0px;--awb-flex-wrap:wrap;\" ><div class=\"fusion-builder-row fusion-row\"><div class=\"fusion-layout-column fusion_builder_column fusion-builder-column-0 fusion_builder_column_1_1 1_1 fusion-one-full fusion-column-first fusion-column-last\" style=\"--awb-bg-size:cover;\"><div class=\"fusion-column-wrapper fusion-column-has-shadow fusion-flex-column-wrapper-legacy\"><div class=\"fusion-title title fusion-title-1 fusion-sep-none fusion-title-text fusion-title-size-one\"><h1 class=\"fusion-title-heading title-heading-left\" style=\"margin:0;\">Viatjar a Lloret de Mar<\/h1><\/div><div class=\"fusion-title title fusion-title-2 fusion-sep-none fusion-title-text fusion-title-size-three\" style=\"--awb-margin-top:20px;\"><h3 class=\"fusion-title-heading title-heading-left\" style=\"margin:0;\">Per carretera<\/h3><\/div><div class=\"fusion-text fusion-text-1\"><p>Lloret de Mar t\u00e9 tres vies d\u2019entrada:<br \/>\nPel sud, l\u2019autopista de la costa C-32 connecta Barcelona amb Lloret fins a Palafolls, els \u00faltims 12 quil\u00f2metres s\u2019han de fer per les carreteres N-II i G-682 passant per Blanes.<br \/>\nPel nord, des de Fran\u00e7a s\u2019ha de seguir per l\u2019autopista AP7 fins la sortida 9 (Lloret de Mar). Els \u00faltims 14 km. s\u2019han de fer per la carretera GI-680.<br \/>\nPel nordest, 12 km per la carretera G-680 separen Lloret de Tossa. Un cop a Lloret el visitant disposa de diferents aparcaments p\u00fablics i privats per estacionar el vehicle durant la seva estada.<\/p>\n<p>Com arribar per <a href=\"http:\/\/lloretdemar.org\/ca\/com-arribar\/per-carretera\" target=\"_blank\" rel=\"nofollow noopener noreferrer\">CARRETERA<\/a><\/p>\n<\/div><a class=\"fb-icon-element-1 fb-icon-element fontawesome-icon fa-map-marked-alt fas circle-yes fusion-text-flow fusion-link\" style=\"--awb-circlebordersize:1px;--awb-font-size:17.6px;--awb-width:35.2px;--awb-height:35.2px;--awb-line-height:33.2px;--awb-margin-right:10px;\" href=\"https:\/\/www.google.es\/maps\/@41.6986228,2.8454711,17z?hl=ca\" target=\"_blank\" aria-label=\"Link to https:\/\/www.google.es\/maps\/@41.6986228,2.8454711,17z?hl=ca\" rel=\"noopener noreferrer\"><\/a><div class=\"fusion-sep-clear\"><\/div><div class=\"fusion-separator fusion-full-width-sep\" style=\"margin-left: auto;margin-right: auto;margin-top:20px;margin-bottom:20px;width:100%;\"><div class=\"fusion-separator-border sep-single sep-solid\" style=\"--awb-height:20px;--awb-amount:20px;border-color:#e0dede;border-top-width:1px;\"><\/div><\/div><div class=\"fusion-sep-clear\"><\/div><div class=\"fusion-title title fusion-title-3 fusion-sep-none fusion-title-text fusion-title-size-three\"><h3 class=\"fusion-title-heading title-heading-left\" style=\"margin:0;\">En avi\u00f3<\/h3><\/div><div class=\"fusion-text fusion-text-2\"><p>Els aeroports m\u00e9s propers s\u00f3n els de Barcelona a 75 km i els de Girona a 30 km. L\u2019aeroport de Barcelona est\u00e0 connectat amb vols regulars amb les principals ciutats del m\u00f3n. L\u2019aeroport de Girona gr\u00e0cies als vols de baix cost comunica Lloret amb un important nombre de ciutats europees i tamb\u00e9 t\u00e9 un important tr\u00e0fic de vols x\u00e0rter.<\/p>\n<p>Com arribar amb <a href=\"http:\/\/lloretdemar.org\/ca\/com-arribar\/en-avio\" target=\"_blank\" rel=\"nofollow noopener noreferrer\">AVI\u00d3<\/a><\/p>\n<\/div><div class=\"fusion-sep-clear\"><\/div><div class=\"fusion-separator fusion-full-width-sep\" style=\"margin-left: auto;margin-right: auto;margin-top:20px;margin-bottom:20px;width:100%;\"><div class=\"fusion-separator-border sep-single sep-solid\" style=\"--awb-height:20px;--awb-amount:20px;border-color:#e0dede;border-top-width:1px;\"><\/div><\/div><div class=\"fusion-sep-clear\"><\/div><div class=\"fusion-title title fusion-title-4 fusion-sep-none fusion-title-text fusion-title-size-three\"><h3 class=\"fusion-title-heading title-heading-left\" style=\"margin:0;\">En tren<\/h3><\/div><div class=\"fusion-text fusion-text-3\"><p>Lloret de Mar no t\u00e9 cap connexi\u00f3 directa amb tren, per\u00f2 \u00e9s a prop de les 2 l\u00ednies principals que connecten amb Barcelona i Fran\u00e7a.<br \/>\nPer anar a Barcelona s\u2019ha d\u2019agafar la l\u00ednia de rodalies de la costa a Blanes Estaci\u00f3. Per anar a Blanes, surten de l\u2019estaci\u00f3 de Lloret autobusos de la companyia Pujol cada mitja hora.<br \/>\nEls trens en direcci\u00f3 a Barcelona surten cada mitja hora i el trajecte dura 1 hora i 20 minuts.<br \/>\nTamb\u00e9 tenim l\u2019estaci\u00f3 de Girona a 41 km, amb trens de mitjana i llarga dist\u00e0ncia.<\/p>\n<p><a href=\"https:\/\/www.renfe.com\/es\/ca\/cercanias\/rodalies-barcelona\/horaris\">CONSULTA HORARIS RENFE<\/a><\/p>\n<\/div><div class=\"fusion-sep-clear\"><\/div><div class=\"fusion-separator fusion-full-width-sep\" style=\"margin-left: auto;margin-right: auto;margin-top:20px;margin-bottom:20px;width:100%;\"><div class=\"fusion-separator-border sep-single sep-solid\" style=\"--awb-height:20px;--awb-amount:20px;border-color:#e0dede;border-top-width:1px;\"><\/div><\/div><div class=\"fusion-sep-clear\"><\/div><div class=\"fusion-title title fusion-title-5 fusion-sep-none fusion-title-text fusion-title-size-three\"><h3 class=\"fusion-title-heading title-heading-left\" style=\"margin:0;\">En vaixell<\/h3><\/div><div class=\"fusion-text fusion-text-4\"><p>Lloret de Mar disposa d\u2019un serveis de creuers tur\u00edstics que connecten amb les poblacions ve\u00efnes de Blanes, Tossa i St.Feliu durant la temporada d\u2019estiu. De la mateixa manera Lloret disposa d\u2019un port esportiu a la platja de Canyelles on hi poden arribar embarcacions de mida mitjana.<\/p>\n<p>Com arribar amb <a href=\"http:\/\/lloretdemar.org\/ca\/com-arribar\/en-vaixell\" target=\"_blank\" rel=\"nofollow noopener noreferrer\">VAIXELL<\/a><\/p>\n<\/div><div class=\"fusion-sep-clear\"><\/div><div class=\"fusion-separator fusion-full-width-sep\" style=\"margin-left: auto;margin-right: auto;margin-bottom:20px;width:100%;\"><\/div><div class=\"fusion-sep-clear\"><\/div><div class=\"fusion-text fusion-text-5\"><p><small><i>Per a m\u00e9s informaci\u00f3 visiteu\u00a0<\/i><a href=\"http:\/\/lloretdemar.org\/es\/\" target=\"_blank\" rel=\"nofollow noopener noreferrer\">www.lloretdemar.org<\/a><\/small><\/p>\n<\/div><div class=\"fusion-clearfix\"><\/div><\/div><\/div><\/div><\/div>\n","protected":false},"excerpt":{"rendered":"","protected":false},"author":1,"featured_media":0,"parent":0,"menu_order":0,"comment_status":"closed","ping_status":"closed","template":"","meta":{"_acf_changed":false,"footnotes":""},"class_list":["post-79","page","type-page","status-publish","hentry"],"acf":[],"_links":{"self":[{"href":"https:\/\/www.hotelslloret.com\/ca\/wp-json\/wp\/v2\/pages\/79","targetHints":{"allow":["GET"]}}],"collection":[{"href":"https:\/\/www.hotelslloret.com\/ca\/wp-json\/wp\/v2\/pages"}],"about":[{"href":"https:\/\/www.hotelslloret.com\/ca\/wp-json\/wp\/v2\/types\/page"}],"author":[{"embeddable":true,"href":"https:\/\/www.hotelslloret.com\/ca\/wp-json\/wp\/v2\/users\/1"}],"replies":[{"embeddable":true,"href":"https:\/\/www.hotelslloret.com\/ca\/wp-json\/wp\/v2\/comments?post=79"}],"version-history":[{"count":7,"href":"https:\/\/www.hotelslloret.com\/ca\/wp-json\/wp\/v2\/pages\/79\/revisions"}],"predecessor-version":[{"id":6606,"href":"https:\/\/www.hotelslloret.com\/ca\/wp-json\/wp\/v2\/pages\/79\/revisions\/6606"}],"wp:attachment":[{"href":"https:\/\/www.hotelslloret.com\/ca\/wp-json\/wp\/v2\/media?parent=79"}],"curies":[{"name":"wp","href":"https:\/\/api.w.org\/{rel}","templated":true}]}}