{"id":76,"date":"2020-04-24T09:05:42","date_gmt":"2020-04-24T09:05:42","guid":{"rendered":"https:\/\/testaws02.nfactorial.eu\/?page_id=76"},"modified":"2023-02-09T16:12:47","modified_gmt":"2023-02-09T16:12:47","slug":"allotjaments","status":"publish","type":"page","link":"https:\/\/www.hotelslloret.com\/ca\/allotjaments\/","title":{"rendered":"Allotjaments"},"content":{"rendered":"<div class=\"fusion-fullwidth fullwidth-box fusion-builder-row-1 nonhundred-percent-fullwidth non-hundred-percent-height-scrolling\" style=\"--awb-border-radius-top-left:0px;--awb-border-radius-top-right:0px;--awb-border-radius-bottom-right:0px;--awb-border-radius-bottom-left:0px;--awb-flex-wrap:wrap;\" ><div class=\"fusion-builder-row fusion-row\"><div class=\"fusion-layout-column fusion_builder_column fusion-builder-column-0 fusion_builder_column_1_1 1_1 fusion-one-full fusion-column-first fusion-column-last\" style=\"--awb-bg-size:cover;\"><div class=\"fusion-column-wrapper fusion-column-has-shadow fusion-flex-column-wrapper-legacy\"><div class=\"fusion-title title fusion-title-1 fusion-sep-none fusion-title-text fusion-title-size-one\"><h1 class=\"fusion-title-heading title-heading-left\" style=\"margin:0;\">Allotjaments<\/h1><\/div><div class=\"fusion-title title fusion-title-2 fusion-sep-none fusion-title-text fusion-title-size-two\" style=\"--awb-margin-bottom:20px;\"><h2 class=\"fusion-title-heading title-heading-left\" style=\"margin:0;\">GREMI D\u2019HOSTALERIA DE LLORET DE MAR<\/h2><\/div><div class=\"fusion-text fusion-text-1\"><p>Associaci\u00f3 formada pels establiments hotelers: hotels, hotels-apartament, hostals, pensions, apartaments tur\u00edstics i habitatges d\u2019\u00fas tur\u00edstic del municipi tur\u00edstic de Lloret de Mar.<\/p>\n<pre class=\"prettyprint lang-php prettyprinted\"><\/pre>\n<\/div><div class=\"fusion-text fusion-text-2\"><div class=\"search-filter-results\" id=\"search-filter-results-533\">\t\n\t<div class=\"reading-box\"><b>Trobat: 85 Resultats<\/b><div style=\"display:none\"><br \/>\n\tP\u00e0gina 1 de 9<\/div><\/div>\n\t\n\t<div class=\"pagination\" style=\"display:none\">\n\t\t\n\t\t<div class=\"nav-previous\">Entrades anteriors<a href=\"https:\/\/www.hotelslloret.com\/ca\/allotjaments\/?sf_paged=2\" >P\u00e0gina seg\u00fcent &raquo;<\/a><\/div>\n\t\t<div class=\"nav-next\">Entrades m\u00e9s recents<\/div>\n\t\t\t<\/div>\n\t<ul class=\"agremiats search-filter-results-list\">\n\t\t\t <li class=\"post-4494 avada_portfolio type-avada_portfolio status-publish format-standard has-post-thumbnail hentry portfolio_category-campings portfolio_tags-per-disfrutar-amb-familia portfolio_tags-per-divertir-se-amb-els-amics\" >\n\t\t <div class=\"img-miniature\" style=\"background-image:url(https:\/\/www.hotelslloret.com\/wp-content\/uploads\/2021\/03\/saracosta_camping-Tucan-gogo_agosto-2020-135-scaled.jpg)\"><\/div>\t\t \n\t\t \n\t\t<div class=\"desc_\"> <a href=\"https:\/\/www.hotelslloret.com\/ca\/establiments\/camping-tucan\/\" class=\"title-est\">C\u00e0mping Tuc\u00e1n<\/a>\n\n    \t\t\t\t\t\t<div>\n<b><a href=\"https:\/\/www.hotelslloret.com\/ca\/modalitats\/campings\/\" rel=\"tag\">C\u00e0mpings<\/a>: <\/b>3A Categoria\t\t\t<div class=\"short-excerpt\"><p>El camping est\u00e0 ubicat a Fenals, als afores de l\u2019encisadora poblaci\u00f3 de Lloret de Mar (a 15 minuts a peu del centre). Un lloc ideal per a gaudir d\u2019unes inoblidables vacances en familia.<\/p>\n<\/div>\t\t\t\t<\/div><\/div>\n\t\t\t\t\t\t\t\n        <\/li>\n\t\t\n\t\t\n\t\t\t\t <li class=\"post-5212 avada_portfolio type-avada_portfolio status-publish format-standard has-post-thumbnail hentry portfolio_category-hotels portfolio_tags-per-disfrutar-amb-familia portfolio_tags-per-divertir-se-amb-els-amics\" >\n\t\t <div class=\"img-miniature\" style=\"background-image:url(https:\/\/www.hotelslloret.com\/wp-content\/uploads\/2021\/03\/Best-Lloret-Splash-21-scaled.jpg)\"><\/div>\t\t \n\t\t \n\t\t<div class=\"desc_\"> <a href=\"https:\/\/www.hotelslloret.com\/ca\/establiments\/hotel-best-lloret-splash\/\" class=\"title-est\">Hotel Best Lloret Splash****<\/a>\n\n    \t\t\t\t\t\t<div>\n<b><a href=\"https:\/\/www.hotelslloret.com\/ca\/modalitats\/hotels\/\" rel=\"tag\">Hotels<\/a>: <\/b>4 Estrelles\t\t\t<div class=\"short-excerpt\"><p>L&#8217;Hotel Best Lloret Splash ****, est\u00e0 a Lloret de Mar, a nom\u00e9s 10 minuts de la platja i a 40 km de l&#8217;Aeroport de Girona. Disposa de 237 habitacions confortables distribu\u00efdes en habitacions individuals, dobles, triples i qu\u00e0druples. Totes elles disposen de TV de pantalla plana amb canals per sat\u00e8l\u00b7lit en la qual podr\u00e0 gaudir dels seus programes favorits. Ideal per a fam\u00edlies.<\/p>\n<\/div>\t\t\t\t<\/div><\/div>\n\t\t\t\t\t\t\t\n        <\/li>\n\t\t\n\t\t\n\t\t\t\t <li class=\"post-3987 avada_portfolio type-avada_portfolio status-publish format-standard has-post-thumbnail hentry portfolio_category-hotels portfolio_tags-per-disfrutar-amb-familia portfolio_tags-per-divertir-se-amb-els-amics portfolio_tags-per-combinar-oci-i-treball\" >\n\t\t <div class=\"img-miniature\" style=\"background-image:url(https:\/\/www.hotelslloret.com\/wp-content\/uploads\/2020\/12\/1-40.jpg)\"><\/div>\t\t \n\t\t \n\t\t<div class=\"desc_\"> <a href=\"https:\/\/www.hotelslloret.com\/ca\/establiments\/hotel-la-bella-dolores\/\" class=\"title-est\">Hotel La Bella Dolores<\/a>\n\n    \t\t\t\t\t\t<div>\n<b><a href=\"https:\/\/www.hotelslloret.com\/ca\/modalitats\/hotels\/\" rel=\"tag\">Hotels<\/a>: <\/b>2 Estrelles\t\t\t<div class=\"short-excerpt\"><p>FUNDAT L \u00b4ANY 1954, L\u00b4HOTEL BELLA DOLORES ES UN HOTEL D\u00b4AMBIENT FAMILIAR, TOTALMENT REFORMAT ELS ANYS 2001 I 2019, SITUAT A 25 METRES DE LA PLATJA I AL MATEIX CENTRE DE LA NOSTRA VILA.<\/p>\n<\/div>\t\t\t\t<\/div><\/div>\n\t\t\t\t\t\t\t\n        <\/li>\n\t\t\n\t\t\n\t\t\t\t <li class=\"post-4476 avada_portfolio type-avada_portfolio status-publish format-standard has-post-thumbnail hentry portfolio_category-hotels portfolio_tags-per-disfrutar-amb-familia portfolio_tags-per-divertir-se-amb-els-amics\" >\n\t\t <div class=\"img-miniature\" style=\"background-image:url(https:\/\/www.hotelslloret.com\/wp-content\/uploads\/2021\/03\/DR-1-1.jpg)\"><\/div>\t\t \n\t\t \n\t\t<div class=\"desc_\"> <a href=\"https:\/\/www.hotelslloret.com\/ca\/establiments\/hotel-bluesea-hawai\/\" class=\"title-est\">Hotel BlueSea Hawai<\/a>\n\n    \t\t\t\t\t\t<div>\n<b><a href=\"https:\/\/www.hotelslloret.com\/ca\/modalitats\/hotels\/\" rel=\"tag\">Hotels<\/a>: <\/b>3 Estrelles\t\t\t<div class=\"short-excerpt\"><p>El nostre hotel BLUESEA Montevista Hawai de 3 estrelles \u00e9s el lloc ideal per passar unes vacances fant\u00e0stiques a Lloret de Mar.<\/p>\n<\/div>\t\t\t\t<\/div><\/div>\n\t\t\t\t\t\t\t\n        <\/li>\n\t\t\n\t\t\n\t\t\t\t <li class=\"post-3776 avada_portfolio type-avada_portfolio status-publish format-standard has-post-thumbnail hentry portfolio_category-hotels portfolio_tags-per-disfrutar-amb-familia\" >\n\t\t <div class=\"img-miniature\" style=\"background-image:url(https:\/\/www.hotelslloret.com\/wp-content\/uploads\/2020\/12\/1-39.jpg)\"><\/div>\t\t \n\t\t \n\t\t<div class=\"desc_\"> <a href=\"https:\/\/www.hotelslloret.com\/ca\/establiments\/hotel-rosamar-maritim\/\" class=\"title-est\">Hotel Rosamar Maritim<\/a>\n\n    \t\t\t\t\t\t<div>\n<b><a href=\"https:\/\/www.hotelslloret.com\/ca\/modalitats\/hotels\/\" rel=\"tag\">Hotels<\/a>: <\/b>4 Estrelles\t\t\t<div class=\"short-excerpt\"><p>T\u2019imagines llevar-te cada dia de les teves vacances davant del mar? A l\u2019Hotel Rosamar Maritim ho fem possible. Situat davant de la platja principal de Lloret de Mar, l\u2019Hotel ofereix 42 habitacions familiars i apartaments amb vista mar, i 48 habitacions dobles.<\/p>\n<\/div>\t\t\t\t<\/div><\/div>\n\t\t\t\t\t\t\t\n        <\/li>\n\t\t\n\t\t\n\t\t\t\t <li class=\"post-4458 avada_portfolio type-avada_portfolio status-publish format-standard has-post-thumbnail hentry portfolio_category-hotels portfolio_tags-per-disfrutar-amb-familia portfolio_tags-per-divertir-se-amb-els-amics\" >\n\t\t <div class=\"img-miniature\" style=\"background-image:url(https:\/\/www.hotelslloret.com\/wp-content\/uploads\/2021\/03\/DR-1-1.jpg)\"><\/div>\t\t \n\t\t \n\t\t<div class=\"desc_\"> <a href=\"https:\/\/www.hotelslloret.com\/ca\/establiments\/hotel-bluesea-montevista\/\" class=\"title-est\">Hotel BlueSea Montevista<\/a>\n\n    \t\t\t\t\t\t<div>\n<b><a href=\"https:\/\/www.hotelslloret.com\/ca\/modalitats\/hotels\/\" rel=\"tag\">Hotels<\/a>: <\/b>3 Estrelles\t\t\t<div class=\"short-excerpt\"><p>El nostre hotel BLUESEA Montevista Hawai de 3 estrelles \u00e9s el lloc ideal per passar unes vacances fant\u00e0stiques a Lloret de Mar.<\/p>\n<\/div>\t\t\t\t<\/div><\/div>\n\t\t\t\t\t\t\t\n        <\/li>\n\t\t\n\t\t\n\t\t\t\t <li class=\"post-1579 avada_portfolio type-avada_portfolio status-publish format-standard has-post-thumbnail hentry portfolio_category-hotels portfolio_tags-per-disfrutar-amb-familia portfolio_tags-per-divertir-se-amb-els-amics portfolio_tags-per-a-equips-esportius\" >\n\t\t <div class=\"img-miniature\" style=\"background-image:url(https:\/\/www.hotelslloret.com\/wp-content\/uploads\/2020\/12\/1-2-1-scaled.jpg)\"><\/div>\t\t \n\t\t \n\t\t<div class=\"desc_\"> <a href=\"https:\/\/www.hotelslloret.com\/ca\/establiments\/hotel-melia-lloret-de-mar\/\" class=\"title-est\">Hotel Meli\u00e1 Lloret de Mar<\/a>\n\n    \t\t\t\t\t\t<div>\n<b><a href=\"https:\/\/www.hotelslloret.com\/ca\/modalitats\/hotels\/\" rel=\"tag\">Hotels<\/a>: <\/b>5 Estrelles\t\t\t<div class=\"short-excerpt\"><p>Envoltat de magn\u00edfiques zones enjardinades, el Meli\u00e1 Lloret de Mar 5* ha estat completament renovat per encarnar l&#8217;ess\u00e8ncia m\u00e9s pura de la Costa Brava. Un refugi \u00fanic i especial a la vora del Mediterrani compost de 200 habitacions i suites amb un disseny sofisticat i mobiliari funcional.<\/p>\n<p>Disposa d&#8217;un gran espai de 688m2 i 5 sales divisibles i independents totes elles amb llum natural. Un total de 1.400m2 on es poden realitzar tot tipus d&#8217;esdeveniments i reunions.<\/p>\n<p>Compta tamb\u00e9 amb un espai gastron\u00f2mic, El Freu, restaurant a la carta amb cuina mediterr\u00e0nia amb un toc innovador.<\/p>\n<p>Pel que fa a les seves facilitats, disposa d&#8217;una \u00e0rea fitness d&#8217;\u00faltima generaci\u00f3 equipada amb m\u00e0quines Technogym, Bike Station, Spa &#038; Wellness i parking privat amb punts de rec\u00e0rrega per a vehicles el\u00e8ctrics.<\/p>\n<\/div>\t\t\t\t<\/div><\/div>\n\t\t\t\t\t\t\t\n        <\/li>\n\t\t\n\t\t\n\t\t\t\t <li class=\"post-4877 avada_portfolio type-avada_portfolio status-publish format-standard has-post-thumbnail hentry portfolio_category-hotels portfolio_tags-per-disfrutar-amb-familia portfolio_tags-per-divertir-se-amb-els-amics\" >\n\t\t <div class=\"img-miniature\" style=\"background-image:url(https:\/\/www.hotelslloret.com\/wp-content\/uploads\/2021\/03\/FOTO-DESTACADA-scaled.jpg)\"><\/div>\t\t \n\t\t \n\t\t<div class=\"desc_\"> <a href=\"https:\/\/www.hotelslloret.com\/ca\/establiments\/hotel-helios-lloret-de-mar\/\" class=\"title-est\">Hotel Helios Lloret de Mar<\/a>\n\n    \t\t\t\t\t\t<div>\n<b><a href=\"https:\/\/www.hotelslloret.com\/ca\/modalitats\/hotels\/\" rel=\"tag\">Hotels<\/a>: <\/b>4 Estrelles\t\t\t<div class=\"short-excerpt\"><p>L&#8217;Hotel Helios Lloret est\u00e0 situat al centre de Lloret de Mar, a nom\u00e9s 150 m de la platja de Lloret. Ofereix una terrassa i habitacions amb aire condicionat, un balc\u00f3, TV i bany privat.<\/p>\n<\/div>\t\t\t\t<\/div><\/div>\n\t\t\t\t\t\t\t\n        <\/li>\n\t\t\n\t\t\n\t\t\t\t <li class=\"post-4896 avada_portfolio type-avada_portfolio status-publish format-standard has-post-thumbnail hentry portfolio_category-habitatges-us-turistic portfolio_tags-per-disfrutar-amb-familia portfolio_tags-per-divertir-se-amb-els-amics\" >\n\t\t <div class=\"img-miniature\" style=\"background-image:url(https:\/\/www.hotelslloret.com\/wp-content\/uploads\/2021\/03\/SC2003-039.jpg)\"><\/div>\t\t \n\t\t \n\t\t<div class=\"desc_\"> <a href=\"https:\/\/www.hotelslloret.com\/ca\/establiments\/apartaments-albamar\/\" class=\"title-est\">Apartaments Albamar<\/a>\n\n    \t\t\t\t\t\t<div>\n<b><a href=\"https:\/\/www.hotelslloret.com\/ca\/modalitats\/habitatges-us-turistic\/\" rel=\"tag\">Habitatges \u00fas tur\u00edstic<\/a>: <\/b><i>Sense categoria associada<\/i>\t\t\t<div class=\"short-excerpt\"><p>A Albamar apartaments t&#8217;oferim els nostres apartaments i el nostre servei dins un espai\u00f3s parc natural de 4, 4 hect\u00e0rees. Aquest indret t\u00e9 acc\u00e9s directe a la platja de Santa Cristina.<\/p>\n<\/div>\t\t\t\t<\/div><\/div>\n\t\t\t\t\t\t\t\n        <\/li>\n\t\t\n\t\t\n\t\t\t\t <li class=\"post-2305 avada_portfolio type-avada_portfolio status-publish format-standard has-post-thumbnail hentry portfolio_category-apartaments portfolio_tags-per-disfrutar-amb-familia portfolio_tags-per-divertir-se-amb-els-amics\" >\n\t\t <div class=\"img-miniature\" style=\"background-image:url(https:\/\/www.hotelslloret.com\/wp-content\/uploads\/2020\/12\/1-17-scaled.jpg)\"><\/div>\t\t \n\t\t \n\t\t<div class=\"desc_\"> <a href=\"https:\/\/www.hotelslloret.com\/ca\/establiments\/alegria-bolero-apartments\/\" class=\"title-est\">Apartaments AR Bolero<\/a>\n\n    \t\t\t\t\t\t<div>\n<b><a href=\"https:\/\/www.hotelslloret.com\/ca\/modalitats\/apartaments\/\" rel=\"tag\">Apartaments<\/a>: <\/b>3 Claus\t\t\t<div class=\"short-excerpt\"><p>Els AR Bolero Apartments s\u00f3n perfectes tant per a fam\u00edlies com per a grups d&#8217;amics que busquen sentir-se com a casa en un dest\u00ed de sol i platja. <\/p>\n<\/div>\t\t\t\t<\/div><\/div>\n\t\t\t\t\t\t\t\n        <\/li>\n\t\t\n\t\t\n\t\t\t<\/ul>\n\t<div style=\"display:none\">P\u00e0gina 1 de 9<br \/>\n\t\n\t<div class=\"pagination\">\n\t\t\n\t\t<div class=\"nav-previous\">Entrades anteriors<a href=\"https:\/\/www.hotelslloret.com\/ca\/allotjaments\/?sf_paged=2\" >P\u00e0gina seg\u00fcent &raquo;<\/a><\/div>\n\t\t<div class=\"nav-next\">Entrades m\u00e9s recents<\/div>\n\t\t\t\t<\/div><\/div>\n\t<\/div>\n<\/div><div class=\"fusion-clearfix\"><\/div><\/div><\/div><\/div><\/div>\n","protected":false},"excerpt":{"rendered":"","protected":false},"author":1,"featured_media":0,"parent":0,"menu_order":0,"comment_status":"closed","ping_status":"closed","template":"","meta":{"_acf_changed":false,"footnotes":""},"class_list":["post-76","page","type-page","status-publish","hentry"],"acf":[],"_links":{"self":[{"href":"https:\/\/www.hotelslloret.com\/ca\/wp-json\/wp\/v2\/pages\/76","targetHints":{"allow":["GET"]}}],"collection":[{"href":"https:\/\/www.hotelslloret.com\/ca\/wp-json\/wp\/v2\/pages"}],"about":[{"href":"https:\/\/www.hotelslloret.com\/ca\/wp-json\/wp\/v2\/types\/page"}],"author":[{"embeddable":true,"href":"https:\/\/www.hotelslloret.com\/ca\/wp-json\/wp\/v2\/users\/1"}],"replies":[{"embeddable":true,"href":"https:\/\/www.hotelslloret.com\/ca\/wp-json\/wp\/v2\/comments?post=76"}],"version-history":[{"count":34,"href":"https:\/\/www.hotelslloret.com\/ca\/wp-json\/wp\/v2\/pages\/76\/revisions"}],"predecessor-version":[{"id":5861,"href":"https:\/\/www.hotelslloret.com\/ca\/wp-json\/wp\/v2\/pages\/76\/revisions\/5861"}],"wp:attachment":[{"href":"https:\/\/www.hotelslloret.com\/ca\/wp-json\/wp\/v2\/media?parent=76"}],"curies":[{"name":"wp","href":"https:\/\/api.w.org\/{rel}","templated":true}]}}