{"id":74,"date":"2020-04-24T09:05:18","date_gmt":"2020-04-24T09:05:18","guid":{"rendered":"https:\/\/testaws02.nfactorial.eu\/?page_id=74"},"modified":"2023-02-09T16:12:49","modified_gmt":"2023-02-09T16:12:49","slug":"qui-som","status":"publish","type":"page","link":"https:\/\/www.hotelslloret.com\/ca\/qui-som\/","title":{"rendered":"Qui som"},"content":{"rendered":"<div class=\"fusion-fullwidth fullwidth-box fusion-builder-row-1 nonhundred-percent-fullwidth non-hundred-percent-height-scrolling\" style=\"--awb-border-radius-top-left:0px;--awb-border-radius-top-right:0px;--awb-border-radius-bottom-right:0px;--awb-border-radius-bottom-left:0px;--awb-flex-wrap:wrap;\" ><div class=\"fusion-builder-row fusion-row\"><div class=\"fusion-layout-column fusion_builder_column fusion-builder-column-0 fusion_builder_column_1_1 1_1 fusion-one-full fusion-column-first fusion-column-last\" style=\"--awb-bg-size:cover;\"><div class=\"fusion-column-wrapper fusion-column-has-shadow fusion-flex-column-wrapper-legacy\"><div class=\"fusion-title title fusion-title-1 fusion-sep-none fusion-title-text fusion-title-size-one\"><h1 class=\"fusion-title-heading title-heading-left\" style=\"margin:0;\">Qui som<\/h1><\/div><div class=\"fusion-title title fusion-title-2 fusion-sep-none fusion-title-text fusion-title-size-two\" style=\"--awb-margin-bottom:20px;\"><h2 class=\"fusion-title-heading title-heading-left\" style=\"margin:0;\">GREMI D\u2019HOSTALERIA DE LLORET DE MAR<\/h2><\/div><div class=\"fusion-text fusion-text-1\"><p>El Gremi d\u2019Hostaleria de Lloret \u00e9s una associaci\u00f3 sense \u00e0nim de lucre, fundada el 1976, que treballa amb l\u2019objectiu de donar tot el suport, assessorament i ajut necessari al sector de l\u2019hostaleria i restauraci\u00f3 local per fer de la nostra vila, la refer\u00e8ncia tur\u00edstica capdavantera de la Costa Brava.<\/p>\n<p>El Gremi ofereix als seus agremiats \u2013hotels, hostals, apartaments tur\u00edstics i c\u00e0mpings\u2013 tota una s\u00e8rie de serveis i activitats, i un d\u2019aquests serveis \u00e9s el lloc web Hotelslloret.com.<\/p>\n<\/div><div class=\"fusion-reading-box-container reading-box-container-1\" style=\"--awb-title-color:#212934;--awb-margin-top:0px;--awb-margin-bottom:30px;\"><div class=\"reading-box\" style=\"background-color:#f6f6f6;border-width:1px;border-color:#f6f6f6;border-left-width:3px;border-left-color:var(--primary_color);border-style:solid;\"><div class=\"reading-box-additional\">\n<p><strong>A\u00a0<a href=\"https:\/\/www.hotelslloret.com\/ca\/\" target=\"_blank\" rel=\"noopener noreferrer\">www.hotelslloret.com<\/a>\u00a0hi trobareu tota la informaci\u00f3 dels establiments associats al Gremi, i podreu enlla\u00e7ar i reservar directament als webs dels nostres agremiats, sense cap tipus d\u2019intermediaci\u00f3.<\/strong><\/p>\n<\/div><div class=\"fusion-clearfix\"><\/div><\/div><\/div><div class=\"fusion-text fusion-text-2\"><p>Aix\u00ed mateix, a l\u2019apartat Con\u00e8ixer Lloret hi trobareu tota la informaci\u00f3 pr\u00e0ctica, tot el que necessiteu saber per passar unes vacances magn\u00edfiques a la nostra vila, una destinaci\u00f3 que enamora. Els atractius tur\u00edstics, els serveis i equipaments, l\u2019oferta d\u2019oci, comercial, gastron\u00f2mica i d\u2019activitats situen Lloret de Mar com una de les zones tur\u00edstiques amb m\u00e9s varietat i qualitat del pa\u00eds.<\/p>\n<p>Natura, cultura, diversi\u00f3, platges id\u00edl\u2022liques, cales amagades, espectacles de llum i color, concerts, festivals i la millor gastronomia s\u00f3n alguns exemples que fan de Lloret de Mar la destinaci\u00f3 escollida per a tot tipus de p\u00fablic en qualsevol \u00e8poca de l\u2019any. I \u00e9s que Lloret ofereix un m\u00f3n de sensacions al teu voltant i les millors vacances per a fam\u00edlies, parelles, joves, amics\u2026 Tant \u00e9s aix\u00ed que es pot gaudir de vacances relaxades o, pel contrari, d\u2019activitats emocionants. A Lloret tothom \u00e9s benvingut.<\/p>\n<\/div><div class=\"fusion-clearfix\"><\/div><\/div><\/div><\/div><\/div>\n","protected":false},"excerpt":{"rendered":"","protected":false},"author":1,"featured_media":0,"parent":0,"menu_order":0,"comment_status":"closed","ping_status":"closed","template":"","meta":{"_acf_changed":false,"footnotes":""},"class_list":["post-74","page","type-page","status-publish","hentry"],"acf":[],"_links":{"self":[{"href":"https:\/\/www.hotelslloret.com\/ca\/wp-json\/wp\/v2\/pages\/74","targetHints":{"allow":["GET"]}}],"collection":[{"href":"https:\/\/www.hotelslloret.com\/ca\/wp-json\/wp\/v2\/pages"}],"about":[{"href":"https:\/\/www.hotelslloret.com\/ca\/wp-json\/wp\/v2\/types\/page"}],"author":[{"embeddable":true,"href":"https:\/\/www.hotelslloret.com\/ca\/wp-json\/wp\/v2\/users\/1"}],"replies":[{"embeddable":true,"href":"https:\/\/www.hotelslloret.com\/ca\/wp-json\/wp\/v2\/comments?post=74"}],"version-history":[{"count":5,"href":"https:\/\/www.hotelslloret.com\/ca\/wp-json\/wp\/v2\/pages\/74\/revisions"}],"predecessor-version":[{"id":218,"href":"https:\/\/www.hotelslloret.com\/ca\/wp-json\/wp\/v2\/pages\/74\/revisions\/218"}],"wp:attachment":[{"href":"https:\/\/www.hotelslloret.com\/ca\/wp-json\/wp\/v2\/media?parent=74"}],"curies":[{"name":"wp","href":"https:\/\/api.w.org\/{rel}","templated":true}]}}