{"id":6673,"date":"2021-05-18T17:36:11","date_gmt":"2021-05-18T17:36:11","guid":{"rendered":"https:\/\/www.hotelslloret.com\/?page_id=6673"},"modified":"2023-02-09T16:12:51","modified_gmt":"2023-02-09T16:12:51","slug":"avis-legal","status":"publish","type":"page","link":"https:\/\/www.hotelslloret.com\/ca\/avis-legal\/","title":{"rendered":"Av\u00eds legal"},"content":{"rendered":"<div class=\"fusion-fullwidth fullwidth-box fusion-builder-row-1 fusion-flex-container nonhundred-percent-fullwidth non-hundred-percent-height-scrolling\" style=\"--awb-border-radius-top-left:0px;--awb-border-radius-top-right:0px;--awb-border-radius-bottom-right:0px;--awb-border-radius-bottom-left:0px;--awb-flex-wrap:wrap;\" ><div class=\"fusion-builder-row fusion-row fusion-flex-align-items-flex-start fusion-flex-content-wrap\" style=\"max-width:1248px;margin-left: calc(-4% \/ 2 );margin-right: calc(-4% \/ 2 );\"><div class=\"fusion-layout-column fusion_builder_column fusion-builder-column-0 fusion_builder_column_1_1 1_1 fusion-flex-column\" style=\"--awb-bg-size:cover;--awb-width-large:100%;--awb-margin-top-large:0px;--awb-spacing-right-large:1.92%;--awb-margin-bottom-large:20px;--awb-spacing-left-large:1.92%;--awb-width-medium:100%;--awb-order-medium:0;--awb-spacing-right-medium:1.92%;--awb-spacing-left-medium:1.92%;--awb-width-small:100%;--awb-order-small:0;--awb-spacing-right-small:1.92%;--awb-spacing-left-small:1.92%;\"><div class=\"fusion-column-wrapper fusion-column-has-shadow fusion-flex-justify-content-flex-start fusion-content-layout-column\"><div class=\"fusion-title title fusion-title-1 fusion-sep-none fusion-title-text fusion-title-size-one\"><h1 class=\"fusion-title-heading title-heading-left\" style=\"margin:0;\">Av\u00eds legal<\/h1><\/div><div class=\"fusion-title title fusion-title-2 fusion-sep-none fusion-title-text fusion-title-size-two\" style=\"--awb-margin-bottom:20px;\"><h2 class=\"fusion-title-heading title-heading-left\" style=\"margin:0;\">GREMI D\u2019HOSTALERIA DE LLORET DE MAR<\/h2><\/div><div class=\"fusion-text fusion-text-1\"><p>Per a donar compliment a l\u2019article 10 de la Llei 34\/2002 de Serveis de la Societat de la Informaci\u00f3 i del Comer\u00e7 Electr\u00f2nic, informem als usuaris de les nostres dades:<\/p>\n<p>Denominaci\u00f3 Social:\u00a0<strong>GREMI D\u2019HOSTALERIA DE LLORET DE MAR<\/strong><\/p>\n<p>Domicili Social:<strong>\u00a0C\/ Santa Ll\u00facia, 1- 3er pis, 17310 Lloret de Mar<\/strong><\/p>\n<p>NIF:\u00a0<strong>G17270059\u00a0\u00a0\u00a0\u00a0\u00a0\u00a0\u00a0\u00a0\u00a0\u00a0\u00a0\u00a0\u00a0\u00a0\u00a0\u00a0<\/strong><\/p>\n<p>Tel\u00e8fon:<strong>\u00a0972 36 52 82<\/strong><\/p>\n<p>E-Mail:\u00a0<a href=\"mailto:info@hotelslloret.com\"><strong>info@hotelslloret.com<\/strong><\/a><strong>\u00a0\u00a0<\/strong><\/p>\n<p>Web:\u00a0<a href=\"http:\/\/www.hotelslloret.com\"><strong>www.hotelslloret.com<\/strong><\/a><\/p>\n<p>Dades Registrals: Aquesta societat consta inscrita al Registre Mercantil de Girona a l\u2019entrada \u00a03\/2020\/521298,0\u00a0 assentament 3\/349\/1749<\/p>\n<ol>\n<li><strong> OBJECTE<\/strong><\/li>\n<\/ol>\n<p><strong>GREMI D\u2019HOSTALERIA DE LLORET DE MAR\u00a0<\/strong>(Des d\u2019ara tamb\u00e9 el prestador) com a responsable del lloc web, posa a disposici\u00f3 dels usuaris el present document, que regula l\u2019\u00fas del lloc web\u00a0<a href=\"http:\/\/www.hotelslloret.com\"><strong>www.hotelslloret.com<\/strong><\/a><strong>\u00a0<\/strong>amb el que pretenem donar compliment a les obligacions que disposa la Llei 34\/2002, de serveis de la Societat de la Informaci\u00f3 i del Comer\u00e7 Electr\u00f2nic (LSSICE o LSSI), aix\u00ed com informar a tots els usuaris del lloc web respecte de quines s\u00f3n les condicions d\u2019\u00fas del lloc web.<\/p>\n<p>A trav\u00e9s de la web,\u00a0<strong>GREMI D\u2019HOSTALERIA DE LLORET DE MAR\u00a0<\/strong>facilita als usuaris l\u2019acc\u00e9s i utilitzaci\u00f3 de diferents serveis i continguts posats a disposici\u00f3 a trav\u00e9s de la web.<\/p>\n<p>Tota persona que accedeixi a aquesta web assumeix el paper d\u2019usuari (en endavant l\u2019usuari), i implica l\u2019acceptaci\u00f3 total i sense reserves de totes i cadascuna de les disposicions incloses en aquest Av\u00eds Legal, aix\u00ed com qualsevol altre disposici\u00f3 legal que fos d\u2019aplicaci\u00f3.<\/p>\n<p>Com a usuaris, han de llegir atentament el present Av\u00eds Legal en qualsevol de les ocasiones que entren a la web, ja que aquesta pot patir modificacions ja que el prestador es reserva el dret a modificar qualsevol tipus d\u2019informaci\u00f3 que pogu\u00e9s apar\u00e8ixer a la web, sense que hi hagi l\u2019obligaci\u00f3 de preavisar o posar en coneixement dels usuaris dites obligacions, sent suficients la publicaci\u00f3 al lloc web del prestador.<\/p>\n<ol start=\"2\">\n<li><strong> CONDICIONS D\u2019ACC\u00c9S I \u00daS DEL WEB<\/strong><\/li>\n<\/ol>\n<p><strong>2.1. Car\u00e0cter gratu\u00eft de l\u2019acc\u00e9s i \u00fas de la web.<\/strong><\/p>\n<p>La prestaci\u00f3 dels serveis per part de\u00a0<strong>GREMI D\u2019HOSTALERIA DE LLORET DE MAR<\/strong>\u00a0t\u00e9 car\u00e0cter gratu\u00eft per a tots els usuaris. Tanmateix, alguns dels serveis subministrats pel prestador a trav\u00e9s de la web estan subjectes al pagament d\u2019un preu determinat en les condicions generals de contractaci\u00f3.<\/p>\n<p><strong>2.2. Registre d\u2019Usuari.<\/strong><\/p>\n<p>Amb car\u00e0cter general la prestaci\u00f3 dels Serveis no exigeix la pr\u00e8via subscripci\u00f3 o registre dels Usuaris.<\/p>\n<p><strong>2.3. Veracitat de la informaci\u00f3.<\/strong><\/p>\n<p>Tota la informaci\u00f3 que facilita l\u2019Usuari ha de ser vera\u00e7. En aquests efectes, l\u2019Usuari garanteix l\u2019autenticitat de les dades comunicades a trav\u00e9s dels formularis per a la subscripci\u00f3 dels Serveis. Ser\u00e0 responsabilitat de l\u2019Usuari mantenir tota la informaci\u00f3 facilitada a\u00a0<strong>GREMI D\u2019HOSTALERIA DE LLORET DE MAR<\/strong>\u00a0permanentment actualitzada de forma que respongui, en cada moment, a la seva situaci\u00f3 real. En tot cas, l\u2019Usuari ser\u00e0 l\u2019\u00fanic responsable de les manifestacions falses o inexactes que realitzi i dels perjudicis que causi al prestador o a tercers.<\/p>\n<p><strong>2.4. Menors d\u2019edat.<\/strong><\/p>\n<p>Per a l\u2019\u00fas dels serveis, els menors d\u2019edat han d\u2019obtenir sempre pr\u00e8viament el consentiment dels pares, tutors o representants legals, responsables \u00faltims de tots els actes realitzats pels menors al seu c\u00e0rrec. La responsabilitat en la determinaci\u00f3 de continguts concrets als que accedeixen els menors correspon a aquells, \u00e9s per aix\u00f2 que si accedeixen a continguts no apropiats per a Internet, s\u2019haur\u00e0 d\u2019establir als seus ordinadors mecanismes, en particular programes inform\u00e0tics, filtres i bloquejos, que permetin limitar els continguts disponibles i, tot i que no siguin infal\u00b7libles, s\u00f3n d\u2019especial utilitat per a controlar i restringir els materials als que poden accedir els menors.<\/p>\n<p><strong>2.5. Obligaci\u00f3 de fer \u00fas correcte de la web.<\/strong><\/p>\n<p>L\u2019Usuari es compromet a utilitzar la web de conformitat a la Llei i al present Av\u00eds Legal, aix\u00ed com la moral i les bones costums. En efecte, l\u2019Usuari s\u2019abstindr\u00e0 d\u2019utilitzar la p\u00e0gina amb fins il\u00b7l\u00edcits o prohibits, lesius de drets i interessos de tercers, o que de qualsevol forma puguin danyar, inutilitzar, sobrecarregar, deteriorar o impedir la normal utilitzaci\u00f3 d\u2019equips inform\u00e0tics o documents, arxius i tota classe de continguts emmagatzemats en qualsevol equip inform\u00e0tic del prestador.<\/p>\n<p>En particular, i a t\u00edtol indicatiu, per\u00f2 no exhaustiu, l\u2019Usuari es compromet a no transmetre, difondre o posar a disposici\u00f3 de tercers informacions, dades, continguts, missatges, gr\u00e0fics, dibuixos, arxius de so o imatge, fotografies, gravacions, software i, en general, qualsevol classe de material que:<\/p>\n<p>(A) sigui contraria, menyspre\u00ef o atempti contra els drets fonamentals i les llibertats p\u00fabliques reconegudes constitucionalment, en tractats internacionals i altres normes vigents;<\/p>\n<p>(B) indueixi, inciti o promogui actuacions delictives, denigrants, difamat\u00f2ries, violentes o, en general, contr\u00e0ries a la llei, a la moral i l\u2019ordre p\u00fablic;<\/p>\n<p>(C) indueixi, inciti o promogui actuacions, actituds o pensaments discriminatoris per ra\u00f3 de sexo, ra\u00e7a, religi\u00f3, creences, edat o condici\u00f3;<\/p>\n<p>(D) sigui contrari al dret a l\u2019honor, a la intimitat personal o familiar o la pr\u00f2pia imatge de les persones;<\/p>\n<p>(E) de qualsevol manera perjudiqui la credibilitat del prestador o de tercers; i<\/p>\n<p>(F) constitueixi publicitat il\u00b7l\u00edcita, enganyosa o deslleial.<\/p>\n<ol start=\"3\">\n<li><strong> EXCLUSI\u00d3 DE GARANTIES I RESPONSABILITAT<\/strong><\/li>\n<\/ol>\n<p>El prestador s\u2019eximeix de qualsevol tipus de responsabilitat derivada de la informaci\u00f3 publicada en el nostre lloc web, sempre que aquesta informaci\u00f3 hagi sigut manipulada o introdu\u00efda per un tercer ali\u00e8.<\/p>\n<p>Aquesta web ha sigut revisada i provada per a que funcioni correctament. En principi, es pot garantir el correcte funcionament els 365 dies de l\u2019any, 24 hores al dia. No obstant, el prestador no descarta la possibilitat de que existeixin determinats errors de programaci\u00f3, o que succeeixin causes de for\u00e7a major, cat\u00e0strofes naturals, vagues, o circumstancies semblants que facin impossible l\u2019acc\u00e9s a la p\u00e0gina web.<\/p>\n<p><strong>GREMI D\u2019HOSTALERIA DE LLORET DE MAR<\/strong>\u00a0no atorga cap garantia ni es fa responsable, en cap caso, dels danys i prejudicis de qualsevol naturalesa que puguin sortir a col\u00b7laci\u00f3 de la falta de disponibilitat, manteniment i efectiu funcionament de la web o dels seus serveis i continguts; de l\u2019exist\u00e8ncia de virus, programes maliciosos o lesius en els continguts; de l\u2019\u00fas il\u00b7l\u00edcit, negligent, fraudulent o contrario a aquest Av\u00eds legal i condicions d\u2019\u00fas; o de la falta de licitud, qualitat, fiabilitat, utilitat i disponibilitat dels serveis prestats per tercers i posats a disposici\u00f3 dels usuaris al lloc web.<\/p>\n<p>El prestador no es fa responsable sota cap concepte dels danys que puguin dimanar de l\u2019\u00fas il\u00b7legal o indegut de la present p\u00e0gina web.<\/p>\n<ol start=\"4\">\n<li><strong> COOKIES<\/strong><\/li>\n<\/ol>\n<p>El lloc web del prestador pot utilitzar cookies (petits arxius d\u2019informaci\u00f3 que el servidor envia a l\u2019ordinador de qui accedeix a la p\u00e0gina) per a dur a terme determinades funcions que s\u00f3n considerades imprescindibles per al correcte funcionament i visualitzaci\u00f3 del lloc. Les cookies utilitzades tenen, en tot cas, car\u00e0cter temporal, amb la \u00fanica finalitat de fer m\u00e9s efica\u00e7 la navegaci\u00f3, i desapareixen al finalitzar la sessi\u00f3 de l\u2019usuari. En cap cas s\u2019utilitzaran les cookies per a recollir informaci\u00f3 de car\u00e0cter personal. Per a m\u00e9s informaci\u00f3, veure la nostra <a href=\"https:\/\/www.hotelslloret.com\/ca\/cookies\/\">Pol\u00edtica de Cookies<\/a><\/p>\n<ol start=\"5\">\n<li><strong> ENLLA\u00c7OS\u00a0<em>(LINKS)<\/em><\/strong><\/li>\n<\/ol>\n<p>Des del lloc web \u00e9s possible que es redirigeixi a continguts patrocinats, anuncis i \/ o enlla\u00e7os d\u2019afiliats i \/ o de terceres webs.<\/p>\n<p>Entre els enlla\u00e7os facilitats, existeix la possibilitat d\u2019informar o fer refer\u00e8ncia a productes i \/ o serveis de tercers. Donat que des de la web no podem controlar els continguts introdu\u00efts pels tercers,\u00a0<strong>GREMI D\u2019HOSTALERIA DE LLORET DE MAR<\/strong>\u00a0no assumeix cap tipus de responsabilitat respecte a dits continguts, ni garanteix l\u2019experi\u00e8ncia, integritat o qualitat dels seus productes. En tot cas, el prestador manifesta que procedir\u00e0 a la retirada immediata de qualsevol contingut que pogu\u00e9s contravenir la legislaci\u00f3 nacional o internacional, la moral o l\u2019ordre p\u00fablic, procedint a la retirada immediata de la redirecci\u00f3 a aquestes webs, posant en coneixement de les autoritats competents el contingut en q\u00fcesti\u00f3<\/p>\n<p><strong>GREMI D\u2019HOSTALERIA DE LLORET DE MAR<\/strong>\u00a0tindr\u00e0 publicats aquests enlla\u00e7os fins que siguin eliminats o suspesos pel prestador o per l\u2019anunciant, i no ser\u00e0 responsable tot i que aquests anuncis puguin ser indexats per altres buscadors aliens a aquesta web.<\/p>\n<p>El prestador no es responsabilitza de la informaci\u00f3 i continguts emmagatzemats, a t\u00edtol enunciatiu per\u00f2 no limitatiu, en foros, xats, generadors de blogs, comentaris, xarxes socials o qualsevol altre mitj\u00e0 que permeti a tercers publicar continguts de forma independent a la p\u00e0gina web del prestador. No obstant i en compliment de lo disposat a l\u2019art. 11 i 16 de la LSSICE, el prestador es posa a disposici\u00f3 de tots els usuaris, autoritats i forces de seguretat, i col\u00b7laborant de forma activa en la retirada o, quan sigui necessari, el bloqueig de tots aquells continguts que puguin afectar o contravenir la legislaci\u00f3 nacional, o internacional, drets de tercers o la moral i l\u2019ordre p\u00fablic. En cas de que l\u2019usuari consideri que pugui existir algun contingut que pogu\u00e9s ser susceptible d\u2019aquesta classificaci\u00f3, es prega ho notifiqui de forma immediata a l\u2019administrador del lloc web.<\/p>\n<p>Tanmateix,\u00a0<strong>GREMI D\u2019HOSTALERIA DE LLORET DE MAR<\/strong>\u00a0li informa que qualsevol relaci\u00f3 contractual o extracontractual que l\u2019usuari formalitzi amb aquests tercers, afiliats o anunciants mitjan\u00e7ant el link proporcionat per aquesta web, ser\u00e0 v\u00e0lid \u00fanicament i exclusivament entre l\u2019usuari i l\u2019anunciant i \/ o tercera persona i\u00a0<strong>GREMI D\u2019HOSTALERIA DE LLORET DE MAR<\/strong>\u00a0no tindr\u00e0 cap tipus de responsabilitat sobre els danys o perjudicis que poguessin ser ocasionats per la prestaci\u00f3 de serveis i \/ o relacions contractuals o extracontractuals realitzades entre l\u2019usuari i els anunciants o tercers contactades a trav\u00e9s d\u2019aquest portal ja que el prestador nom\u00e9s actua com a intermediari o mitj\u00e0 publicitari.<\/p>\n<ol start=\"6\">\n<li><strong> PROTECCI\u00d3 DE DADES PERSONALS<\/strong><\/li>\n<\/ol>\n<p>El prestador est\u00e0 profundament comprom\u00e8s amb el compliment de la normativa de protecci\u00f3 de dades personals i garanteix el compliment \u00edntegre de les obligacions disposades, aix\u00ed com la implementaci\u00f3 de les mesures de seguretat disposades al Reglament Europeu de Protecci\u00f3 de dades i la normativa espanyola de protecci\u00f3 de dades. Per a m\u00e9s informaci\u00f3, veure la nostra \u00a0<a href=\"https:\/\/www.hotelslloret.com\/ca\/politica-privacitat\/\">Pol\u00edtica de Privacitat<\/a><\/p>\n<ol start=\"7\">\n<li><strong> PROPIETAT INTEL\u00b7LECTUAL I INDUSTRIAL<\/strong><\/li>\n<\/ol>\n<p>El lloc web, incloent a t\u00edtol enunciatiu, per\u00f2 no limitatiu: la programaci\u00f3, edici\u00f3, compilaci\u00f3 i dem\u00e9s elements necessaris per al seu funcionament, els dissenys, logotips, textos, fotografies i \/ o gr\u00e0fics s\u00f3n propietat del prestador o, en cas de que fos necessari, disposa de la llicencia o autoritzaci\u00f3 expressa per part dels autors. Tots els continguts del lloc web es troben degudament protegits per la normativa de propietat intel\u00b7lectual i industrial.<\/p>\n<p>Independentment de la finalitat per a la que siguin destinats, la reproducci\u00f3 total o parcial, \u00fas, distribuci\u00f3 i comunicaci\u00f3 p\u00fablica requereixen de l\u2019autoritzaci\u00f3 escrita pr\u00e8via per part del prestador. Qualsevol \u00fas no autoritzat pr\u00e8viament per part del prestador ser\u00e0 considerat un incompliment greu dels drets de propietat intel\u00b7lectual o industrial de l\u2019autor.<\/p>\n<p>Els dissenys, logotips, textos i \/ o gr\u00e0fics aliens al prestador i que puguin apar\u00e8ixer al lloc web, pertanyen als seus respectius propietaris, sent ells mateixos responsables de qualsevol possible controv\u00e8rsia que pogu\u00e9s esdevenir respecte als mateixos. En tot cas, el prestador compta amb l\u2019autoritzaci\u00f3 expressa i pr\u00e8via per part dels mateixos.<\/p>\n<p>El prestador reconeix a favor dels seus titulars els corresponents drets de propietat industrial i intel\u00b7lectual, no implicant la menci\u00f3 o aparici\u00f3 al lloc web, de l\u2019exist\u00e8ncia de drets o responsabilitat del prestador sobre els mateixos, com tampoc suport, patrocini o recomanaci\u00f3 per part del mateix.<\/p>\n<p>Per a realitzar qualsevol tipus d\u2019observaci\u00f3 respecte a possibles incompliments dels drets de propietat intel\u00b7lectual o industrial, aix\u00ed com sobre qualsevol dels continguts del lloc web, pot fer-ho a trav\u00e9s del correu electr\u00f2nic ressenyat a dalt.<\/p>\n<ol start=\"8\">\n<li><strong> LLEI APLICABLE I JURISDICCI\u00d3<\/strong><\/li>\n<\/ol>\n<p>Per a la resoluci\u00f3 de las controv\u00e8rsies o q\u00fcestions relacionades amb la present p\u00e0gina web o de les activitats en aquesta desenvolupades, ser\u00e0 d\u2019aplicaci\u00f3 la legislaci\u00f3 espanyola, a la que es sotmeten expressament les parts, sent competents per a la resoluci\u00f3 de tots els conflictes derivats o relacionats amb el seu \u00fas els Jutjats i Tribunals del domicili del prestador (si no es considerat com a consumidor a efectes del TRLGDCU) o de l\u2019usuari (si es considerat com a consumidor a efectes del TRLGDCU).<\/p>\n<\/div><\/div><\/div><\/div><\/div>\n","protected":false},"excerpt":{"rendered":"","protected":false},"author":1,"featured_media":0,"parent":0,"menu_order":0,"comment_status":"closed","ping_status":"closed","template":"","meta":{"_acf_changed":false,"footnotes":""},"class_list":["post-6673","page","type-page","status-publish","hentry"],"acf":[],"_links":{"self":[{"href":"https:\/\/www.hotelslloret.com\/ca\/wp-json\/wp\/v2\/pages\/6673","targetHints":{"allow":["GET"]}}],"collection":[{"href":"https:\/\/www.hotelslloret.com\/ca\/wp-json\/wp\/v2\/pages"}],"about":[{"href":"https:\/\/www.hotelslloret.com\/ca\/wp-json\/wp\/v2\/types\/page"}],"author":[{"embeddable":true,"href":"https:\/\/www.hotelslloret.com\/ca\/wp-json\/wp\/v2\/users\/1"}],"replies":[{"embeddable":true,"href":"https:\/\/www.hotelslloret.com\/ca\/wp-json\/wp\/v2\/comments?post=6673"}],"version-history":[{"count":6,"href":"https:\/\/www.hotelslloret.com\/ca\/wp-json\/wp\/v2\/pages\/6673\/revisions"}],"predecessor-version":[{"id":7700,"href":"https:\/\/www.hotelslloret.com\/ca\/wp-json\/wp\/v2\/pages\/6673\/revisions\/7700"}],"wp:attachment":[{"href":"https:\/\/www.hotelslloret.com\/ca\/wp-json\/wp\/v2\/media?parent=6673"}],"curies":[{"name":"wp","href":"https:\/\/api.w.org\/{rel}","templated":true}]}}