{"id":6570,"date":"2021-05-14T09:11:45","date_gmt":"2021-05-14T09:11:45","guid":{"rendered":"https:\/\/testaws02.nfactorial.eu\/?page_id=6570"},"modified":"2023-02-09T16:12:47","modified_gmt":"2023-02-09T16:12:47","slug":"benvinguda-del-president","status":"publish","type":"page","link":"https:\/\/www.hotelslloret.com\/ca\/benvinguda-del-president\/","title":{"rendered":"Benvinguda del President"},"content":{"rendered":"<div class=\"fusion-fullwidth fullwidth-box fusion-builder-row-1 nonhundred-percent-fullwidth non-hundred-percent-height-scrolling\" style=\"--awb-border-radius-top-left:0px;--awb-border-radius-top-right:0px;--awb-border-radius-bottom-right:0px;--awb-border-radius-bottom-left:0px;--awb-flex-wrap:wrap;\" ><div class=\"fusion-builder-row fusion-row\"><div class=\"fusion-layout-column fusion_builder_column fusion-builder-column-0 fusion_builder_column_1_1 1_1 fusion-one-full fusion-column-first fusion-column-last\" style=\"--awb-bg-size:cover;\"><div class=\"fusion-column-wrapper fusion-column-has-shadow fusion-flex-column-wrapper-legacy\"><div class=\"fusion-title title fusion-title-1 fusion-sep-none fusion-title-text fusion-title-size-one\"><h1 class=\"fusion-title-heading title-heading-left\" style=\"margin:0;\">Benvinguda del President<\/h1><\/div><div class=\"fusion-title title fusion-title-2 fusion-sep-none fusion-title-text fusion-title-size-two\" style=\"--awb-margin-bottom:20px;\"><h2 class=\"fusion-title-heading title-heading-left\" style=\"margin:0;\">GREMI D\u2019HOSTALERIA DE LLORET DE MAR<\/h2><\/div><div class=\"fusion-text fusion-text-1\"><p><img decoding=\"async\" class=\"alignright wp-image-6639\" style=\"margin: 20px;\" src=\"https:\/\/www.hotelslloret.com\/wp-content\/uploads\/2021\/05\/Foto-Enric-768x1024.jpg\" alt=\"\" width=\"350\" height=\"467\" srcset=\"https:\/\/www.hotelslloret.com\/wp-content\/uploads\/2021\/05\/Foto-Enric-200x267.jpg 200w, https:\/\/www.hotelslloret.com\/wp-content\/uploads\/2021\/05\/Foto-Enric-225x300.jpg 225w, https:\/\/www.hotelslloret.com\/wp-content\/uploads\/2021\/05\/Foto-Enric-400x533.jpg 400w, https:\/\/www.hotelslloret.com\/wp-content\/uploads\/2021\/05\/Foto-Enric-600x800.jpg 600w, https:\/\/www.hotelslloret.com\/wp-content\/uploads\/2021\/05\/Foto-Enric-768x1024.jpg 768w, https:\/\/www.hotelslloret.com\/wp-content\/uploads\/2021\/05\/Foto-Enric-800x1067.jpg 800w, https:\/\/www.hotelslloret.com\/wp-content\/uploads\/2021\/05\/Foto-Enric-1152x1536.jpg 1152w, https:\/\/www.hotelslloret.com\/wp-content\/uploads\/2021\/05\/Foto-Enric-1200x1600.jpg 1200w, https:\/\/www.hotelslloret.com\/wp-content\/uploads\/2021\/05\/Foto-Enric.jpg 1512w\" sizes=\"(max-width: 350px) 100vw, 350px\" \/>\u00das donem la benvinguda al <strong>Gremi d\u2019Hostaleria de Lloret de Mar<\/strong>. \u00c9s per a nosaltres un orgull representar al sector de l\u2019hostaleria de la capital tur\u00edstica de la Costa Brava, Lloret de Mar. Una ciutat situada en un espai geogr\u00e0fic privilegiat que va comen\u00e7ar a rebre els seus primers visitants estrangers al voltant de 1950, tot i que ja des dels anys vint, la nostra vila havia acollit durant els estius, selectes fam\u00edlies de la societat de Barcelona i el seu entorn, que buscaven en les platges lloretenques un ambient de descans i desconnexi\u00f3, on gaudir de les seves vacances.<\/p>\n<p>La nostra vila combina tradici\u00f3 i modernitat i des del <strong>Gremi d\u2019Hostaleria de Lloret de Mar<\/strong> es participa de forma proactiva en tot el que passa al seu voltant, amb especial incid\u00e8ncia en tot all\u00f2 que t\u00e9 a veure amb el desenvolupament de l\u2019activitat tur\u00edstica i especialment del sector hoteler, entenent el turisme com a la ind\u00fastria de la felicitat, la que ens genera el record de moments inoblidables.<\/p>\n<p>Defensem els interessos dels establiments empla\u00e7ats a Lloret de Mar, assessorant als seus associats en diferents \u00e0rees.<\/p>\n<p>Tamb\u00e9 actua com interlocutor del sector, tant en la defensa individual com col\u00b7lectiva, amb les diferents administracions p\u00fabliques i institucions, aix\u00ed com davant de les organitzacions empresarials.<\/p>\n<p>Promou la recerca de nous projectes dinamitzadors del sector tur\u00edstic i d\u2019igual manera col\u00b7labora amb els diferents esdeveniments de la ciutat i participa activament en les entitats empresarials i tur\u00edstiques de la prov\u00edncia de Girona i del territori Catal\u00e0.<\/p>\n<p>Als darrers mesos hem volgut fomentar el grau de coneixement i formaci\u00f3 del personal vinculat al sector,\u00a0 desenvolupant la implantaci\u00f3 de nous projectes tecnol\u00f2gics i \u00e8tics,\u00a0 que han perm\u00e8s el reposicionament de la nostra destinaci\u00f3 i el creixement dels nostres establiments.<\/p>\n<p>Nom\u00e9s em queda dir-vos que no oblideu allotjar-vos en un dels nostres establiments durant la vostra estada a Lloret de Mar, on sereu atesos per grans professionals que us faran viure una experi\u00e8ncia \u00fanica.<\/p>\n<p>Gaudiu de la vostra estada!!!<\/p>\n<p><strong>Enric Dotras i Ruscalleda<\/strong><\/p>\n<p><strong>President<\/strong><\/p>\n<p><strong>Gremi d\u2019Hostaleria del Lloret de Mar<\/strong><\/p>\n<\/div><div class=\"fusion-clearfix\"><\/div><\/div><\/div><\/div><\/div>\n","protected":false},"excerpt":{"rendered":"","protected":false},"author":1,"featured_media":0,"parent":0,"menu_order":0,"comment_status":"closed","ping_status":"closed","template":"","meta":{"_acf_changed":false,"footnotes":""},"class_list":["post-6570","page","type-page","status-publish","hentry"],"acf":[],"_links":{"self":[{"href":"https:\/\/www.hotelslloret.com\/ca\/wp-json\/wp\/v2\/pages\/6570","targetHints":{"allow":["GET"]}}],"collection":[{"href":"https:\/\/www.hotelslloret.com\/ca\/wp-json\/wp\/v2\/pages"}],"about":[{"href":"https:\/\/www.hotelslloret.com\/ca\/wp-json\/wp\/v2\/types\/page"}],"author":[{"embeddable":true,"href":"https:\/\/www.hotelslloret.com\/ca\/wp-json\/wp\/v2\/users\/1"}],"replies":[{"embeddable":true,"href":"https:\/\/www.hotelslloret.com\/ca\/wp-json\/wp\/v2\/comments?post=6570"}],"version-history":[{"count":4,"href":"https:\/\/www.hotelslloret.com\/ca\/wp-json\/wp\/v2\/pages\/6570\/revisions"}],"predecessor-version":[{"id":6645,"href":"https:\/\/www.hotelslloret.com\/ca\/wp-json\/wp\/v2\/pages\/6570\/revisions\/6645"}],"wp:attachment":[{"href":"https:\/\/www.hotelslloret.com\/ca\/wp-json\/wp\/v2\/media?parent=6570"}],"curies":[{"name":"wp","href":"https:\/\/api.w.org\/{rel}","templated":true}]}}