{"id":3,"date":"2020-04-24T06:00:19","date_gmt":"2020-04-24T06:00:19","guid":{"rendered":"https:\/\/testaws02.nfactorial.eu\/?page_id=3"},"modified":"2023-02-09T16:12:49","modified_gmt":"2023-02-09T16:12:49","slug":"politica-privacitat","status":"publish","type":"page","link":"https:\/\/www.hotelslloret.com\/ca\/politica-privacitat\/","title":{"rendered":"Pol\u00edtica de privacitat"},"content":{"rendered":"<div class=\"fusion-fullwidth fullwidth-box fusion-builder-row-1 fusion-flex-container nonhundred-percent-fullwidth non-hundred-percent-height-scrolling\" style=\"--awb-border-radius-top-left:0px;--awb-border-radius-top-right:0px;--awb-border-radius-bottom-right:0px;--awb-border-radius-bottom-left:0px;--awb-flex-wrap:wrap;\" ><div class=\"fusion-builder-row fusion-row fusion-flex-align-items-flex-start fusion-flex-content-wrap\" style=\"max-width:1248px;margin-left: calc(-4% \/ 2 );margin-right: calc(-4% \/ 2 );\"><div class=\"fusion-layout-column fusion_builder_column fusion-builder-column-0 fusion_builder_column_1_1 1_1 fusion-flex-column\" style=\"--awb-bg-size:cover;--awb-width-large:100%;--awb-margin-top-large:0px;--awb-spacing-right-large:1.92%;--awb-margin-bottom-large:20px;--awb-spacing-left-large:1.92%;--awb-width-medium:100%;--awb-order-medium:0;--awb-spacing-right-medium:1.92%;--awb-spacing-left-medium:1.92%;--awb-width-small:100%;--awb-order-small:0;--awb-spacing-right-small:1.92%;--awb-spacing-left-small:1.92%;\"><div class=\"fusion-column-wrapper fusion-column-has-shadow fusion-flex-justify-content-flex-start fusion-content-layout-column\"><div class=\"fusion-title title fusion-title-1 fusion-sep-none fusion-title-text fusion-title-size-one\"><h1 class=\"fusion-title-heading title-heading-left\" style=\"margin:0;\">Pol\u00edtica de privacitat<\/h1><\/div><div class=\"fusion-title title fusion-title-2 fusion-sep-none fusion-title-text fusion-title-size-two\" style=\"--awb-margin-bottom:20px;\"><h2 class=\"fusion-title-heading title-heading-left\" style=\"margin:0;\">GREMI D\u2019HOSTALERIA DE LLORET DE MAR<\/h2><\/div><div class=\"fusion-text fusion-text-1\"><p><strong>INTRODUCCI\u00d3<\/strong><\/p>\n<p>La seva privacitat \u00e9s important per a nosaltres, aix\u00ed que, mitjan\u00e7ant aquest document, li expliquem quines dades recollim dels usuaris, com els utilitzem i per qu\u00e8, entre altres indicacions.<\/p>\n<p>Per a la seva informaci\u00f3, mai demanarem m\u00e9s informaci\u00f3 de la que realment necessitarem per als serveis requerits; mai la compartirem amb tercers, excepte per obligaci\u00f3 legal o amb la seva autoritzaci\u00f3 pr\u00e8via; i mai utilitzarem les seves dades per a una altra finalitat no indicada pr\u00e8viament.<\/p>\n<p>Com a usuaris, haur\u00e0 de llegir atentament aquesta Pol\u00edtica de privacitat de manera regular, i sempre que introdueixi les seves dades personals, ja que aquest document pot patir modificacions ja que el prestador pot modificar qualsevol tipus d\u2019informaci\u00f3 que pugui apar\u00e8ixer a la web para complir amb la normativa o actualitzar la pol\u00edtica, i sense que existeixi la obligaci\u00f3 de pre-avisar o posar en coneixement dels usuaris dites obligacions, sent suficients la publicaci\u00f3 al lloc web del prestador.<\/p>\n<p><strong>RESPONSABLE DEL TRACTAMENT:<\/strong><\/p>\n<p>Identitat:<strong>\u00a0GREMI D\u2019HOSTALERIA DE LLORET DE MAR (<\/strong>tamb\u00e9 el prestador)<\/p>\n<p>NIF:<strong>\u00a0G17270059\u00a0\u00a0\u00a0\u00a0\u00a0\u00a0\u00a0\u00a0\u00a0\u00a0\u00a0\u00a0\u00a0\u00a0\u00a0<\/strong><\/p>\n<p>Direcci\u00f3 postal:<strong>\u00a0C\/ Santa LL\u00facia, 1 &#8211; 3er pis, \u00a017310 Lloret de Mar\u00a0<\/strong><\/p>\n<p>Correu electr\u00f2nic:<strong>\u00a0<\/strong><a href=\"mailto:info@hotelslloret.com\"><strong>info@hotelslloret.com<\/strong><\/a><\/p>\n<p><strong>\u00a0GREMI D\u2019HOSTALERIA DE LLORET DE MAR , <\/strong>com a responsable del lloc web, de conformitat amb lo disposat en el Reglament (UE) 2016\/679 de 27 d\u2019abril de 2016 (RGPD) relatiu a la protecci\u00f3 de les persones f\u00edsiques en lo que respecta al tractament de dades personals i a la lliure circulaci\u00f3 d\u2019aquestes dades i dem\u00e9s normativa vigent en mat\u00e8ria de protecci\u00f3 de dades personals, i per la Llei 34\/2002, de 11 de juliol, de Serveis de la Sociedad de la Informaci\u00f3 i del Comer\u00e7 Electr\u00f2nic (LSSICE), li informa que t\u00e9 implementades les mesures de seguretat necess\u00e0ries, d\u2019\u00edndole t\u00e8cnica i organitzatives, per a garantir i protegir la confidencialitat, integritat i disponibilitat de les dades introdu\u00efdes.<\/p>\n<p><strong>M\u00c8TODO D\u2019OBTENCI\u00d3 DE LES DADES i DADES QUE RECAPTEM<\/strong>: Les dades que recollim i com les obtenim \u00e9s la seg\u00fcent:<\/p>\n<ol>\n<li>mitjan\u00e7ant les dades obtingudes per vost\u00e8 mateix al agremiar-se.<\/li>\n<li>mitjan\u00e7ant el formulari de contacte: nom, email, tel\u00e8fon<\/li>\n<li>mitjan\u00e7ant el formulari de subscripci\u00f3 a la Newsletter: email<\/li>\n<\/ol>\n<p>No es tracta de categories de dades especialment protegides.<\/p>\n<p><strong>\u00a0<\/strong><\/p>\n<p><strong>FINALITAT DEL TRACTAMENT:<\/strong><\/p>\n<p>Les seves dades personals nom\u00e9s s\u2019utilitzar\u00e0 per a les seg\u00fcents finalitats, prestant el seu consentiment per a cada una de les finalitats a l\u2019apartat corresponent de la web:<\/p>\n<p><strong>\u00a0<\/strong><\/p>\n<p><strong>Formulari d\u2019agremiat: <\/strong>gesti\u00f3 de la subscripci\u00f3 com a agremiat, enviament de comunicaci\u00f3 d\u2019inter\u00e9s sobre jornades i butlletins d\u2019informaci\u00f3 del sector tur\u00edstic, promoci\u00f3 de les jornades.<\/p>\n<p><strong>Formulari de contacte:\u00a0<\/strong>per respondre a les consultes i\/o proporcionar informacions requerides per l\u2019usuari;<\/p>\n<p><strong>Formulari de subscripci\u00f3 a la Newsletter:\u00a0<\/strong>per remetre les comunicacions comercials publicit\u00e0ries per email, SMS, comunitats socials o qualsevol altre mitj\u00e0 electr\u00f2nic o f\u00edsic, en cas de que l\u2019Usuari l\u2019hagi consentit expressament;<\/p>\n<p><strong>Altres finalitats<\/strong>:<\/p>\n<p>Realitzar les gestions comercials, administratives, fiscals, comptables que siguin necess\u00e0ries en virtut de la legislaci\u00f3 vigent;<\/p>\n<p>Con\u00e8ixer la seva opini\u00f3 i millorar els serveis prestats per la web;<\/p>\n<p>Realitzaci\u00f3 d\u2019an\u00e0lisis de perfils i d\u2019usabilitat de la web, a trav\u00e9s de les cookies (mencionades a la pol\u00edtica de cookies);<\/p>\n<p>Xarxes socials: a l\u2019apartat corresponent s\u2019especifica l\u2019\u00fas de les xarxes socials.<\/p>\n<p>Pot revocar en qualsevol moment el seu consentiment remetent un escrit amb l\u2019assumpte &#8220;Baixa&#8221; a l\u2019email ressenyat.<\/p>\n<p>D\u2019acord amb la LSSICE,\u00a0<strong>GREMI D\u2019HOSTALERIA DE LLORET DE MAR <\/strong>no realitza pr\u00e0ctiques de SPAM, per tant, no envia correus comercials per e-mail que no hagin sigut pr\u00e8viament sol\u00b7licitats o autoritzats per l\u2019Usuari. En conseq\u00fc\u00e8ncia, en totes les comunicacions que rebr\u00e0 del prestador, l\u2019usuari t\u00e9 la possibilitat de cancel\u00b7lar el seu consentiment expr\u00e9s per a rebre les nostres comunicacions.<\/p>\n<p>No tractarem les seves dades personals par a cap altre finalitat de les descrites excepte per obligaci\u00f3 legal o requeriment judicial.<\/p>\n<p>No ser\u00e0 objecte de decisions basades en tractaments automatitzats que produeixin efectes sobre les seves dades.<\/p>\n<p><strong>LEGITIMACI\u00d3 DEL TRACTAMENT<\/strong><\/p>\n<p>La base legal per al tractament de les dades es el seu consentiment atorgat en el moment de donar les seves dades al formulari corresponent per dur a terme les finalitats, en el moment de marcaci\u00f3 de la casella de verificaci\u00f3 o les dades obtingudes de vost\u00e8 mateix al agremiar-se.<\/p>\n<p>El no facilitar les dades personals sol\u00b7licitades o el no acceptar la present pol\u00edtica de privacitat suposa la impossibilitat d\u2019aconseguir les finalitats anteriorment descrites.<\/p>\n<p>En els casos en que hi hagi una pr\u00e8via relaci\u00f3 contractual entre les parts, la legitimaci\u00f3 per al desenvolupament de les obligacions administratives, fiscals, comptables i laborals que siguin necess\u00e0ries en virtut de la legislaci\u00f3 vigent ser\u00e0\u00a0<strong>l\u2019exist\u00e8ncia pr\u00e8via de la relaci\u00f3 comercial<\/strong>\u00a0establerta entre les parts.<\/p>\n<p>L\u2019oferta prospectiva o comercial de productes i serveis est\u00e0 basada en el consentiment que se li sol\u00b7licita, sense que en cap cas la retirada d\u2019aquest consentiment condicioni l\u2019execuci\u00f3 del contracte de subscripci\u00f3.<\/p>\n<p><strong>\u00a0<\/strong><\/p>\n<p><strong>\u00a0<\/strong><\/p>\n<p><strong>TERMINI DE CONSERVACI\u00d3 DE LES DADES:<\/strong><\/p>\n<p>Les seves dades es conservaran mentre duri la relaci\u00f3 comercial amb nosaltres o exerceixi el seu dret de cancel\u00b7laci\u00f3 o oposici\u00f3, o limitaci\u00f3 al tractament. Tanmateix, conservarem les seves dades en els terminis legalment previstos en les disposicions aplicables.<\/p>\n<p><strong>DESTINATARIS DE CESIONS O TRANSFER\u00c8NCIES:<\/strong><\/p>\n<p><strong>GREMI D\u2019HOSTALERIA DE LLORET DE MAR<\/strong>no porta a terme cap cessi\u00f3 o comunicaci\u00f3 de dades ni dins ni fora de la UE. El prestador \u00fanicament facilitar\u00e0 informaci\u00f3 a les forces i cossos de seguretat sota ordre judicial o per obligaci\u00f3 d\u2019una norma legal, sense perjudici de poder bloquejar o cancel\u00b7lar el seu compte si pot haver-hi indicis de la comissi\u00f3 d\u2019algun delicte per part de l\u2019usuari. La informaci\u00f3 facilitada ser\u00e0 nom\u00e9s la que disposi en aquell moment el prestador.<\/p>\n<p>La informaci\u00f3 que ens proporcioni a trav\u00e9s d\u2019aquest lloc web ser\u00e0 allotjada als servidors de\u00a0<strong>GREMI D\u2019HOSTALERIA DE LLORET DE MAR<\/strong>, contractats a l\u2019empresa NFACTORIAL, amb CIF B-61843686 \u00a0i adre\u00e7a \u00a0C\/Balmes, 434 Entl.F (08022 Barcelona), que presta el servei d\u2019allotjament de la web. El tractament de les dades de l\u2019entitat es troba regulat mitjan\u00e7ant un contracte encarregat del tractament entre el prestador i aquesta empresa.<\/p>\n<p>Aix\u00ed mateix, el prestador utilitza determinades eines per a prestar serveis necessaris pel desenvolupament de l\u2019activitat, podent emmagatzemar les seves dades. Aquestes eines s\u00f3n les seg\u00fcents:<\/p>\n<p><strong>Google Analytics<\/strong>: per realitzar un an\u00e0lisis i m\u00e8trica de l\u2019\u00fas que els usuaris fan de la web a trav\u00e9s de les cookies. La informaci\u00f3 que generen i recopilen aquestes cookies sobre l\u2019\u00fas (incloent la direcci\u00f3 IP) ser\u00e0 directament transmesa i arxivada per Google Inc., ubicada a Delaware, 1600 Amphitheatre Parkway, Montar\u00e9 View (California), CA 94043 d\u2019Estats Units ( &#8221; Google &#8220;), als seus servidors d\u2019Estats Units.<\/p>\n<p><strong>DRETS DE LES PERSONES INTERESSADES:<\/strong><\/p>\n<p>Com a usuari-interessat, pot sol\u00b7licitar l\u2019exercici dels seg\u00fcents drets enfront\u00a0<strong>GREMI D\u2019HOSTALERIA DE LLORET DE MAR<\/strong>presentant un escrit a la direcci\u00f3 postal de l\u2019encap\u00e7alament o enviant un correu electr\u00f2nic a\u00a0<a href=\"mailto:info@hotelslloret.com\">info@hotelslloret.com<\/a>, indicant com a Assumpte: &#8220;PROTECCI\u00d3 DE DADES: DRETS DELS AFECTATS &#8220;, i adjuntant fotoc\u00f2pia del seu DNI o qualsevol mitj\u00e0 an\u00e0leg en dret, tal com indica la llei.<\/p>\n<p>Drets:<\/p>\n<p><strong>Dret d\u2019acc\u00e9s:<\/strong>\u00a0permet a l\u2019interessat con\u00e8ixer i obtenir informaci\u00f3 sobre les seves dades de car\u00e0cter personal sotmeses a tractament.<\/p>\n<p><strong>Dret de rectificaci\u00f3 o supressi\u00f3<\/strong>: permet corregir errors i modificar les dades que resulten ser inexactes o incompletes.<\/p>\n<p><strong>Dret de cancel\u00b7laci\u00f3<\/strong>: permet que es suprimeixin les dades que siguin inadequades o excessives.<\/p>\n<p><strong>Dret d\u2019oposici\u00f3<\/strong>: dret de l\u2019interessat a que no es porti a terme el tractament de les seves dades de car\u00e0cter personal o es cesi el mateix.<\/p>\n<p><strong>Limitaci\u00f3 del tractament<\/strong>: comporta el marcat de les dades personals conservades, amb la finalitat de limitar el seu futur tractament, per a l\u2019exercici o la defensa de reclamacions.<\/p>\n<p><strong>Portabilitat de les dades<\/strong>: facilitaci\u00f3 de les dades objecte de tractament a l\u2019interessat, per a que aquest pugui transmetre a un altre responsable, sense impediments.<\/p>\n<p><strong>Dret a no ser objecte de decisions individuals automatitzades (inclosa l\u2019elaboraci\u00f3 de perfils)<\/strong>: dret a no ser objecte d\u2019una decisi\u00f3 basada en el tractament automatitzada que produeixi efectes o afecte significativament.<\/p>\n<p>Com a usuari, t\u00e9 dret a retirar el consentiment donat en qualsevol moment. La retirada del consentiment no afectar\u00e0 a la licitud del tractament efectuat abans de la retirada del consentiment.<\/p>\n<p>Tamb\u00e9 t\u00e9 dret a presentar una reclamaci\u00f3 enfront l\u2019autoritat de control si considera que poden haver-se vist vulnerats els seus drets en relaci\u00f3 a la protecci\u00f3 de les seves dades (aepd.es).<\/p>\n<p><strong>INFORMACI\u00d3 ADDICIONAL<\/strong><\/p>\n<p><strong>MESURES DE SEGURETAT:<\/strong><\/p>\n<p>Les dades que ens faciliti es tractaran de forma confidencial. El prestador ha adoptat totes las mesures t\u00e8cniques i organitzatives i tots els nivells de protecci\u00f3 necessaris par a garantir la seguretat en el tractament de les dades i evitar la seva alteraci\u00f3, p\u00e8rdua, robatori, tractament o acc\u00e9s no autoritzat, d\u2019acord a l\u2019estat de la tecnologia i naturalesa de les dades emmagatzemades. Aix\u00ed mateix, es garanteix tamb\u00e9 que el tractament i registre en fitxers, programes, sistemes o equips, locals i centres compleixen amb els requisits i condicions d\u2019integritat i seguretat establertes en la normativa vigent.<\/p>\n<p><strong>IDIOMA<\/strong><\/p>\n<p>L\u2019idioma aplicable a aquesta pol\u00edtica de privacitat \u00e9s el castell\u00e0. Por tant, en cas de que hi hagu\u00e9s alguna contradicci\u00f3 en alguna de las versions facilitades en altres idiomes, prevaldr\u00e0 la versi\u00f3 en castell\u00e0.<\/p>\n<p><strong>XARXES SOCIALS<\/strong><\/p>\n<p>L\u2019informem que\u00a0<strong>GREMI D\u2019HOSTALERIA DE LLORET DE MAR <\/strong>pot tenir pres\u00e8ncia a xarxes socials. El tractament de les dades que es porta a terme de les persones que es facin seguidores a les xarxes socials (i \/ o realitzen qualsevol vincle o acci\u00f3 de connexi\u00f3 a trav\u00e9s de les xarxes socials) de les p\u00e0gines oficials de\u00a0<strong>GREMI D\u2019HOSTALERIA DE LLORET DE MAR<\/strong>es regir\u00e0 per aquest apartat , aix\u00ed com per aquelles condicions d\u2019\u00fas, pol\u00edtiques de privacitat i normatives d\u2019acc\u00e9s que pertanyin a la xarxa social que procedeixi en cada cas i acceptades pr\u00e8viament per l\u2019usuari.<\/p>\n<p><strong>GREMI D\u2019HOSTALERIA DE LLORET DE MAR <\/strong>tractar\u00e0 les seves dades amb les finalitats d\u2019administrar correctament la seva pres\u00e8ncia a la xarxa social, informant d\u2019activitats, productes o serveis del prestador, aix\u00ed com per qualsevol altra finalitat que les normatives de les Xarxes Socials permetin.<\/p>\n<p>Queda prohibida la publicaci\u00f3 de continguts:<\/p>\n<p>Que siguin presumptament il\u00b7l\u00edcits per la normativa nacional, comunit\u00e0ria o internacional o que realitzin activitats presumptament il\u00b7l\u00edcites o contravinguin els principis de la bona fe.<\/p>\n<p>Que atemptin contra els drets fonamentals de les persones, faltin a la cortesia a la xarxa, molestin o puguin generar opinions negatives en els nostres usuaris o tercers i en general qualsevol contingut que\u00a0<strong>GREMI D\u2019HOSTALERIA DE LLORET DE MAR <\/strong>consideri inapropiat.<\/p>\n<p>I en general que contravinguin els principis de legalitat, honradesa, responsabilitat, protecci\u00f3 de la dignitat humana, protecci\u00f3 de menors, protecci\u00f3 de l\u2019ordre p\u00fablic, la protecci\u00f3 de la vida privada, la protecci\u00f3 del consumidor i els drets de propietat intel\u00b7lectual i industrial.<\/p>\n<p>Aix\u00ed mateix,\u00a0<strong>GREMI D\u2019HOSTALERIA DE LLORET DE MAR<\/strong>es reserva la potestat de retirar, sense previ avis del lloc web o de la xarxa social corporativa aquells continguts que es considerin inadequats.<\/p>\n<p>En tot cas, si vost\u00e8 remet informaci\u00f3 personal a trav\u00e9s de la xarxa social,\u00a0<strong>GREMI D\u2019HOSTALERIA DE LLORET DE MAR <\/strong>quedar\u00e0 exempt de responsabilitat en relaci\u00f3 amb les mesures de seguretat aplicables a la present plataforma i l\u2019usuari, en cas de voler con\u00e8ixer-les, haur\u00e0 de consultar les corresponents condicions particulars de la xarxa en q\u00fcesti\u00f3.<\/p>\n<p><strong>CANVIS EN LA PRESENT POL\u00cdTICA DE PRIVACITAT<\/strong><\/p>\n<p><strong>GREMI D\u2019HOSTALERIA DE LLORET DE MAR <\/strong>es reserva el dret a modificar la present pol\u00edtica per adaptar-la a novetats legislatives o jurisprudencials.<\/p>\n<p><strong>REVOCABILITAT<\/strong><\/p>\n<p>El consentiment prestat, tant pel tractament com per la cessi\u00f3 de les dades dels interessats, \u00e9s revocable en qualsevol moment comunicant-ho a\u00a0<strong>GREMI D\u2019HOSTALERIA DE LLORET DE MAR <\/strong>en els termes establerts en aquesta Pol\u00edtica per a l\u2019exercici dels drets. Aquesta revocaci\u00f3 en cap caso tindr\u00e0 car\u00e0cter retroactiu.<\/p>\n<p><strong>LEGISLACI\u00d3<\/strong><\/p>\n<p>Amb car\u00e0cter general les relaciones entre\u00a0<strong>GREMI D\u2019HOSTALERIA DE LLORET DE MAR <\/strong>amb els Usuaris dels seus serveis telem\u00e0tics, presents en aquesta web, estan sotmesos a la legislaci\u00f3 i jurisdicci\u00f3 espanyola a la que es sotmeten expressament les parts, sent competents per a la resoluci\u00f3 de tots els conflictes derivats o relacionats con el seu \u00fas els Jutjats i Tribunals del domicili del prestador (si no \u00e9s considerat com a consumidor a efectes del TRLGDCU) o de l\u2019usuari (si \u00e9s considerat com a consumidor a efectes del TRLGDCU).<\/p>\n<p>&nbsp;<\/p>\n<\/div><\/div><\/div><\/div><\/div>\n","protected":false},"excerpt":{"rendered":"","protected":false},"author":1,"featured_media":0,"parent":0,"menu_order":0,"comment_status":"closed","ping_status":"closed","template":"","meta":{"_acf_changed":false,"footnotes":""},"class_list":["post-3","page","type-page","status-publish","hentry"],"acf":[],"_links":{"self":[{"href":"https:\/\/www.hotelslloret.com\/ca\/wp-json\/wp\/v2\/pages\/3","targetHints":{"allow":["GET"]}}],"collection":[{"href":"https:\/\/www.hotelslloret.com\/ca\/wp-json\/wp\/v2\/pages"}],"about":[{"href":"https:\/\/www.hotelslloret.com\/ca\/wp-json\/wp\/v2\/types\/page"}],"author":[{"embeddable":true,"href":"https:\/\/www.hotelslloret.com\/ca\/wp-json\/wp\/v2\/users\/1"}],"replies":[{"embeddable":true,"href":"https:\/\/www.hotelslloret.com\/ca\/wp-json\/wp\/v2\/comments?post=3"}],"version-history":[{"count":2,"href":"https:\/\/www.hotelslloret.com\/ca\/wp-json\/wp\/v2\/pages\/3\/revisions"}],"predecessor-version":[{"id":6679,"href":"https:\/\/www.hotelslloret.com\/ca\/wp-json\/wp\/v2\/pages\/3\/revisions\/6679"}],"wp:attachment":[{"href":"https:\/\/www.hotelslloret.com\/ca\/wp-json\/wp\/v2\/media?parent=3"}],"curies":[{"name":"wp","href":"https:\/\/api.w.org\/{rel}","templated":true}]}}